{"id":2782,"date":"2022-11-21T16:08:27","date_gmt":"2022-11-21T15:08:27","guid":{"rendered":"https:\/\/www.gmrcursoescolar.com\/estadosunidos\/?page_id=2782"},"modified":"2023-02-11T12:52:22","modified_gmt":"2023-02-11T11:52:22","slug":"informacion","status":"publish","type":"page","link":"https:\/\/www.gmrcursoescolar.com\/canada\/informacion\/","title":{"rendered":"Informaci\u00f3n"},"content":{"rendered":"<div class=\"vc_row wpb_row row top-row vc_column-gap-35 wpb_custom_034b39d9bc6c6b310d69e39f0ccf274f\"><div class=\"vc_column_container col-md-12\"><div class=\"wpb_wrapper vc_column-inner\"><div class=\"porto-container container \">\r\n\t<div class=\"wpb_text_column  vc_custom_1676056507382 wpb_custom_7c91d232724f73626cc933bd95b25ff0\" >\r\n\t\t<div class=\"wpb_wrapper\">\r\n\t\t\t<h2 class=\"mb-2\">Comienzo y final del a\u00f1o escolar en Canad\u00e1<\/h2>\n<h4>Dia del trabajo en Canad\u00e1 &#8211; comienzo del curso escolar<\/h4>\n<p>El <strong>a\u00f1o escolar en Canad\u00e1<\/strong> dura casi 10 meses, y transcurre habitualmente desde el d\u00eda posterior al d\u00eda del trabajo en Canad\u00e1 (que coincide con el primer lunes de Septiembre) hasta final de Junio (alrededor del 29 o 30 si coincide con viernes). Aunque depende de cada provincia, la mayor\u00eda de ellas tienen similares fechas, y contiene casi 200 d\u00edas lectivos. Est\u00e1 dividido en 3 trimestres:<\/p>\n<ul>\n<li><strong>Oto\u00f1o<\/strong>: Septiembre &#8211; Diciembre<\/li>\n<li><strong>Primavera<\/strong>: Enero &#8211; Marzo \/ Abril<\/li>\n<li><strong>Verano<\/strong>: Marzo \/ Abril &#8211; Junio<\/li>\n<\/ul>\n<p>Aunque hay que tener en cuenta que cada provincia y cada distrito escolar puede establecer sus propias fechas todas son bastante similares. Las \u00faltimas semanas de junio suelen estar dedicadas a la realizaci\u00f3n de ex\u00e1menes en casi todos los colegios.<\/p>\n\r\n\t\t<\/div>\r\n\t<\/div>\r\n<div class=\"porto-separator  \"><hr class=\"separator-line  align_center\" style=\"background-image: -webkit-linear-gradient(left, transparent, grey, transparent); background-image: linear-gradient(to right, transparent, grey, transparent);\"><\/div><\/div><\/div><\/div><\/div><div class=\"vc_row wpb_row row top-row vc_column-gap-35 wpb_custom_034b39d9bc6c6b310d69e39f0ccf274f\"><div class=\"vc_column_container col-md-12\"><div class=\"wpb_wrapper vc_column-inner\"><div class=\"porto-container container \">\r\n\t<div class=\"wpb_text_column  wpb_custom_7c91d232724f73626cc933bd95b25ff0\" >\r\n\t\t<div class=\"wpb_wrapper\">\r\n\t\t\t<h2 class=\"mb-2\">Vacaciones escolares en Canad\u00e1<\/h2>\n<h4>Cierre por vacaciones de colegios de Canad\u00e1<\/h4>\n<p>Hay <strong>dos per\u00edodos de vacaciones escolares anuales<\/strong>, en <strong>Navidad<\/strong> y <strong>Mitad de invierno<\/strong>, de aproximadamente dos semanas el primero y una semana el segundo. La <strong>Semana Santa<\/strong> tiene dos d\u00edas de vacaciones que son el <strong>Viernes Santo (Good Friday) y el Lunes de Pascua (Easter Monday)<\/strong>, pero no dan una semana completa de vacaciones como en occidente. A veces se acercan o coinciden las vacaciones de invierno con la Semana Santa de occidente para hacer dos semanas de vacaciones. En GMR\u00a0 aconsejamos a los estudiantes internacionales volver a su pa\u00eds de origen durante las vacaciones de Navidad, aunque no es obligatorio. Es decir, si un estudiante se quiere que quedar en Canad\u00e1 en Navidad, se puede quedar con su familia canadiense.<\/p>\n<p>Las <strong>vacaciones de navidad<\/strong> coinciden en su inicio con los pa\u00edses de occidente bastante a menudo. No obstante suelen comenzar las clases de nuevo nada m\u00e1s comenzar enero, ya que ellos no celebran la llegada de los \u00abReyes Magos\u00bb como en occidente.<\/p>\n<p>En el caso de los <strong>internados privados canadienses<\/strong>, \u00e9stos suelen cerrar al menos un fin de semana largo al mes para realizar tareas de mantenimiento y dar descanso a los estudiantes.<\/p>\n<p>Hay algunos d\u00edas al a\u00f1o en que los colegios cierran para tareas de formaci\u00f3n o seminarios al profesorado canadiense.<\/p>\n\r\n\t\t<\/div>\r\n\t<\/div>\r\n<div class=\"porto-separator  \"><hr class=\"separator-line  align_center\" style=\"background-image: -webkit-linear-gradient(left, transparent, grey, transparent); background-image: linear-gradient(to right, transparent, grey, transparent);\"><\/div><\/div><\/div><\/div><\/div><div class=\"vc_row wpb_row row top-row vc_column-gap-35 wpb_custom_034b39d9bc6c6b310d69e39f0ccf274f\"><div class=\"vc_column_container col-md-12\"><div class=\"wpb_wrapper vc_column-inner\"><div class=\"porto-container container \">\r\n\t<div class=\"wpb_text_column  wpb_custom_7c91d232724f73626cc933bd95b25ff0\" >\r\n\t\t<div class=\"wpb_wrapper\">\r\n\t\t\t<h2 class=\"mb-2\">Cuando y como viajamos<\/h2>\n<h4>Volar a canad\u00e1 para el a\u00f1o acad\u00e9mico<\/h4>\n<p>Los estudiantes matriculados en nuestros programas de a\u00f1o acad\u00e9mico, viajar\u00e1n siempre acompa\u00f1ados desde Espa\u00f1a en los viajes de ida de comienzo del curso por al menos un representante de GMR, y en los viajes de vuelta de fin de curso.<\/p>\n<p>GMR y sus coordinadores se encargar\u00e1n de gestionar en los vuelos sin acompa\u00f1antes el servicio de facturaci\u00f3n en aeropuerto y acompa\u00f1amiento para los menores que vuelen desde Canad\u00e1 a Espa\u00f1a.<\/p>\n<p>Los vuelos de grupo de ida a Canad\u00e1 en el comienzo del curso deben de organizarse por GMR, o estar coordinados desde el principio para poder realizar el acompa\u00f1amiento por la organizaci\u00f3n. GMR podr\u00e1 gestionar vuelos desde otros destinos en Espa\u00f1a para el enlace en Madrid si el cliente lo desea, pero debe de hacerse con tiempo y est\u00e1 sujeto a la disponibilidad de plazas. Los estudiantes que deseen volar en fechas distintas a las fijadas por GMR, lo har\u00e1n bajo su responsabilidad y sin acompa\u00f1amiento.<\/p>\n\r\n\t\t<\/div>\r\n\t<\/div>\r\n<div class=\"porto-separator  \"><hr class=\"separator-line  align_center\" style=\"background-image: -webkit-linear-gradient(left, transparent, grey, transparent); background-image: linear-gradient(to right, transparent, grey, transparent);\"><\/div><\/div><\/div><\/div><\/div><div class=\"vc_row wpb_row row top-row vc_column-gap-35 wpb_custom_034b39d9bc6c6b310d69e39f0ccf274f\"><div class=\"vc_column_container col-md-12\"><div class=\"wpb_wrapper vc_column-inner\"><div class=\"porto-container container \">\r\n\t<div class=\"wpb_text_column  wpb_custom_7c91d232724f73626cc933bd95b25ff0\" >\r\n\t\t<div class=\"wpb_wrapper\">\r\n\t\t\t<h2 class=\"mb-2\">La asistencia m\u00e9dica en Canad\u00e1<\/h2>\n<h4>Atencion medica a estudiantes en Canad\u00e1<\/h4>\n<p>Nuestros estudiantes tienen incluida la <strong>gesti\u00f3n de un seguro m\u00e9dico de viaje con excelentes coberturas<\/strong> para toda su estancia en Canad\u00e1*. No obstante los que posean de forma excepcional cualquier otro tipo de seguro privado, deben de tenerlo al d\u00eda y avisar de su estancia en Canad\u00e1 por el periodo escolar. En cualquier caso nuestra nueva forma de tarificar los costes de gesti\u00f3n del curso escolar en Canad\u00e1 desde 2023, permite a cada familia escoger entre las opciones ofrecidas por GMR, o utilizar sus propios segurossi estos tuvieran cobertura internacional.<\/p>\n<p>Todos los estudiantes que se sientan enfermos o se vean envueltos en cualquier tipo de accidente, deber\u00e1n comunicarlo de inmediato tanto a su familia canadiense como a su tutor para tener una asistencia m\u00e9dica inmediata y satisfactoria. El alumno tiene que ser consciente que tanto su familia como su tutor est\u00e1n all\u00ed para ayudarle en todo lo que necesite.<\/p>\n<p>La <strong>sanidad canadiense<\/strong> dispone de una gran variedad de centros de salud y en buenas condiciones, puesto que es uno de los pa\u00edses con mejor calidad de vida del mundo. Para las afecciones menores la atenci\u00f3n en las casas de salud o ambulatorios suele ser r\u00e1pida. En las ciudades m\u00e1s peque\u00f1as y en los casos m\u00e1s complicados hay que ir directamente a urgencias de los hospitales, es normal que aqu\u00ed el tiempo de espera sea algo m\u00e1s largo dependiendo de la gravedad. Es por ello recomendable en caso de emergencia m\u00e9dica se llame al 911 para pedir una ambulancia.<\/p>\n<p>El <strong>sistema sanitario en Canad\u00e1<\/strong> se basa en un grupo de planes de seguros m\u00e9dicos socializados que dan cobertura a todos los ciudadanos del pa\u00eds. Est\u00e1 administrado y financiado con fondos p\u00fablicos en las provincias o territorios, dentro de las directrices establecidas por el gobierno federal.<\/p>\n<p>Todos los ciudadanos de Canad\u00e1 pueden disfrutar de tratamientos preventivos y atenci\u00f3n primaria, adem\u00e1s de acceso a hospitales y cirug\u00eda dental y otros servicios. En Canad\u00e1 y salvo m\u00ednimas excepciones todos los ciudadanos disfrutan de la cobertura sanitaria, independientemente de su clase social. Lo \u00fanico necesario para acceder a todos estos servicios es \u00fanicamente contar con una tarjeta sanitaria que debe solicitarse una vez el estudiante se ha establecido en el pa\u00eds para su curso acad\u00e9mico. No obstante esto se puede hacer solo tras 90 d\u00edas de estancia en Canad\u00e1, por lo que el seguro provisto en el programa es necesario.<\/p>\n<p>Tambi\u00e9n es importante nada m\u00e1s que lleguemos al pa\u00eds, que busquemos un m\u00e9dico de familia, quien nos atender\u00e1 de forma general y que, adem\u00e1s, ser\u00e1 quien nos referir\u00e1 al m\u00e9dico especialista en caso de necesitarlo. Adem\u00e1s, el m\u00e9dico de familia nos proveer\u00e1 de prescripciones farmac\u00e9uticas y nos har\u00e1 las necesarias pruebas de diagn\u00f3stico y hospitalizaci\u00f3n.<\/p>\n\r\n\t\t<\/div>\r\n\t<\/div>\r\n<div class=\"porto-separator  \"><hr class=\"separator-line  align_center\" style=\"background-image: -webkit-linear-gradient(left, transparent, grey, transparent); background-image: linear-gradient(to right, transparent, grey, transparent);\"><\/div><\/div><\/div><\/div><\/div><div class=\"vc_row wpb_row row top-row vc_column-gap-35 wpb_custom_034b39d9bc6c6b310d69e39f0ccf274f\"><div class=\"vc_column_container col-md-12\"><div class=\"wpb_wrapper vc_column-inner\"><div class=\"porto-container container \">\r\n\t<div class=\"wpb_text_column  wpb_custom_7c91d232724f73626cc933bd95b25ff0\" >\r\n\t\t<div class=\"wpb_wrapper\">\r\n\t\t\t<h2 class=\"mb-2\">Visitas de los padres y comunicaci\u00f3n con el estudiante<\/h2>\n<h4>Visitas de padres a Canad\u00e1<\/h4>\n<p>Dada nuestra larga experiencia en este sector, recomendamos que los padres <strong>no tengan conversaciones diarias prolongadas<\/strong> ni <strong>visitas frecuentes<\/strong> a sus hijos. En realidad, esto no lo pensamos tanto por el aprovechamiento en el idioma, sino m\u00e1s por la parte de fomentar su independencia y autonom\u00eda personal. Siempre es bueno que pasen el m\u00e1ximo tiempo posible sin hablar en castellano para que tengan la necesidad de comunicarse en ingl\u00e9s, pero nosotros pensamos que la carga con el idioma es tan grande en un a\u00f1o acad\u00e9mico, y los niveles que llevan desde el inicio son tan buenos frente a los de a\u00f1os previos, que esto no deber\u00eda estresar a los padres.<\/p>\n<p>No obstante, la intensidad en la comunicaci\u00f3n con los hijos cursando un a\u00f1o fuera es una decisi\u00f3n personal de cada familia. Hoy en d\u00eda es inevitable el contacto casi continuo.<\/p>\n<p>En el caso de que los padres vayan a visitar a sus hijos por un tiempo determinado y \u00e9stos vayan a estar fuera del hogar de su familia canadiense, tendr\u00e1n que comunicarlo con tiempo suficiente tanto a nosotros como a su tutor y a la familia.<\/p>\n\r\n\t\t<\/div>\r\n\t<\/div>\r\n<div class=\"porto-separator  \"><hr class=\"separator-line  align_center\" style=\"background-image: -webkit-linear-gradient(left, transparent, grey, transparent); background-image: linear-gradient(to right, transparent, grey, transparent);\"><\/div><\/div><\/div><\/div><\/div><div class=\"vc_row wpb_row row top-row vc_column-gap-35 wpb_custom_034b39d9bc6c6b310d69e39f0ccf274f\"><div class=\"vc_column_container col-md-12\"><div class=\"wpb_wrapper vc_column-inner\"><div class=\"porto-container container \">\r\n\t<div class=\"wpb_text_column  wpb_custom_7c91d232724f73626cc933bd95b25ff0\" >\r\n\t\t<div class=\"wpb_wrapper\">\r\n\t\t\t<h2 class=\"mb-2\">Convalidaci\u00f3n del a\u00f1o escolar<\/h2>\n<h4>Gesti\u00f3n incluida con GMR<\/h4>\n<p>Los <strong>estudios anteriores a 4\u00ba E.S.O en Canad\u00e1 tienen una homologaci\u00f3n directa<\/strong>, por lo que no es necesario ninguna tramitaci\u00f3n burocr\u00e1tica a este respecto.<\/p>\n<p>A partir de 4\u00ba de E.S.O habr\u00eda que realizar una convalidaci\u00f3n de los estudios una vez que \u00e9stos se han finalizado y se est\u00e9 de vuelta en Espa\u00f1a. Eso significa que, en el caso de Canad\u00e1, los \u00fanicos cursos que se deben convalidar son los grados 10, 11 y 12, con arreglo a la tabla de equivalencias que se mostrar\u00e1 en ls secci\u00f3n siguiente.<\/p>\n<p>Los requisitos para poder obtener la convalidaci\u00f3n del a\u00f1o escolar son los siguientes:<\/p>\n<ul class=\"b-list-markers f-list-markers\">\n<li><i class=\"fa fa-angle-double-right b-list-markers__ico f-list-markers__ico\"><\/i>\u00a0Para considerar que un grado del<strong>\u00a0sistema educativo canadiense<\/strong>\u00a0est\u00e1 superado, se deben acreditar como m\u00ednimo cinco asignaturas de dicho grado, cursadas y aprobadas durante dos semestres o tres trimestres.<\/li>\n<li><i class=\"fa fa-angle-double-right b-list-markers__ico f-list-markers__ico\"><\/i>\u00a0Los Diplomas de Graduaci\u00f3n de los diferentes territorios de Canad\u00e1 y el Diploma de Estudios Colegiales de Formaci\u00f3n General en el caso concreto de Quebec, exigidos para la convalidaci\u00f3n de 2\u00ba de Bachillerato, son aquellos que dan acceso a los estudios universitarios en tales territorios, sea cual sea su denominaci\u00f3n en cada caso.<\/li>\n<li><i class=\"fa fa-angle-double-right b-list-markers__ico f-list-markers__ico\"><\/i>\u00a0El Diploma de Graduaci\u00f3n requerido para la convalidaci\u00f3n de 2\u00ba de Bachillerato no ser\u00e1 exigible cuando se acredite mediante certificado de las autoridades canadienses que su expedici\u00f3n ha dejado de ser norma en la provincia en la que est\u00e1 situado el centro, o que no se expide debido a que el alumno no ha realizado toda la\u00a0<strong>educaci\u00f3n secundaria en el sistema canadiense<\/strong>, o debido a que procede de un sistema educativo extranjero.<\/li>\n<\/ul>\n<p>Para la obtenci\u00f3n del documento oficial de convalidaci\u00f3n es necesario un volante de convalidaci\u00f3n que emite el Ministerio de Educaci\u00f3n y el pago de las tasas correspondientes al a\u00f1o a convalidar.<\/p>\n<p>Grupo Mundo en Red\u00a0<strong>se compromete a la obtenci\u00f3n del certificado de convalidaci\u00f3n<\/strong>\u00a0siempre y cuando el alumno cumpla con todos los requisitos acad\u00e9micos y haya pagado las tasas correspondientes para la consecuci\u00f3n de la convalidaci\u00f3n. La convalidaci\u00f3n de los estudios en Canad\u00e1 es algo que venimos haciendo para nuestros clientes de manera directa en la delegaci\u00f3n de gobierno, sin intermediarios, y tratamos de permanecer al d\u00eda en todo lo relativo a los cambios en la legislaci\u00f3n educativa, lo que una vez m\u00e1s nos distingue en este programa en Canad\u00e1.<\/p>\n<h4 class=\"is-global-title\"><strong>\u00bfQu\u00e9 ocurre si el alumno suspende?<\/strong><\/h4>\n<p>Si el estudiante no aprueba el m\u00ednimo de asignaturas estimado para la aprobaci\u00f3n del a\u00f1o acad\u00e9mico podr\u00e1 presentarse de nuevo a los ex\u00e1menes de las asignaturas suspensas en la convocatoria de septiembre del a\u00f1o en curso o de junio del a\u00f1o siguiente, sin embargo todos los gastos que de esta situaci\u00f3n se generen no estar\u00e1n cubiertos dentro de los precios de GMR.<\/p>\n<p>Para los alumnos del\u00a0<strong>Grado 12<\/strong>, equivalente a\u00a0<strong>segundo de Bachillerato en Espa\u00f1a<\/strong>, y en los casos citados en que no se concede el Diploma de Graduaci\u00f3n, se exigir\u00e1, adem\u00e1s, que entre las cinco asignaturas m\u00ednimas del grado correspondiente, cuatro al menos figuren entre las siguientes: Matem\u00e1ticas, F\u00edsica, Qu\u00edmica, Biolog\u00eda, Geolog\u00eda, Dibujo T\u00e9cnico, Filosof\u00eda, Geograf\u00eda, Historia, Historia del Arte, Lat\u00edn, Griego y Literatura (en lengua francesa o inglesa).<\/p>\n\r\n\t\t<\/div>\r\n\t<\/div>\r\n<div class=\"porto-separator  \"><hr class=\"separator-line  align_center\" style=\"background-image: -webkit-linear-gradient(left, transparent, grey, transparent); background-image: linear-gradient(to right, transparent, grey, transparent);\"><\/div><\/div><\/div><\/div><\/div><div class=\"vc_row wpb_row row top-row vc_column-gap-35 wpb_custom_034b39d9bc6c6b310d69e39f0ccf274f\"><div class=\"vc_column_container col-md-12\"><div class=\"wpb_wrapper vc_column-inner\"><div class=\"porto-container container \">\r\n\t<div class=\"wpb_text_column  wpb_custom_7c91d232724f73626cc933bd95b25ff0\" >\r\n\t\t<div class=\"wpb_wrapper\">\r\n\t\t\t<h2 class=\"mb-2\">Normas de conducta durante el a\u00f1o escolar<\/h2>\n<h4>Normas de conducta en Canad\u00e1<\/h4>\n<p>El alumno tiene que recordar que ha elegido ir a Canad\u00e1 a aprender la lengua y la cultura y por lo tanto tambi\u00e9n tendr\u00e1 que adaptarse a este estilo de vida respetando en todo momento las leyes que rijen en este pa\u00eds.<\/p>\n<p>Esperamos que los estudiantes tengan un trato cordial y respetuoso tanto con sus &#8216;familiares&#8217; de sus familias de acogida como con sus profesores y nuevos amigos.<\/p>\n<p>El alumno tiene una serie de obligaciones y normas que deber\u00e1 acatar. Si el alumno comete faltas graves de forma reiterada y su comportamiento no mejora puede ser objeto de expulsi\u00f3n del programa de a\u00f1o escolar.<\/p>\n\r\n\t\t<\/div>\r\n\t<\/div>\r\n<div class=\"porto-separator  \"><hr class=\"separator-line  align_center\" style=\"background-image: -webkit-linear-gradient(left, transparent, grey, transparent); background-image: linear-gradient(to right, transparent, grey, transparent);\"><\/div><\/div><\/div><\/div><\/div><div class=\"vc_row wpb_row row top-row vc_column-gap-35 wpb_custom_034b39d9bc6c6b310d69e39f0ccf274f\"><div class=\"vc_column_container col-md-12\"><div class=\"wpb_wrapper vc_column-inner\"><div class=\"porto-container container \">\r\n\t<div class=\"wpb_text_column  wpb_custom_7c91d232724f73626cc933bd95b25ff0\" >\r\n\t\t<div class=\"wpb_wrapper\">\r\n\t\t\t<h2 class=\"mb-2\">Fechas de inscripci\u00f3n<\/h2>\n<h4>Fechas de inscripci\u00f3n en el curso escolar<\/h4>\n<p>Las fechas para iniciar el proceso de matriculaci\u00f3n se abren <strong>en septiembre del a\u00f1o en curso y se cierran en el mes de Junio<\/strong>. Dado el trato de cordialidad que tenemos con nuestros colegios de Canad\u00e1 podemos conseguir plazas de \u00faltima hora, sin embargo, no es lo recomendable y est\u00e1 sujeto a las condiciones y circunstancias en las que comiencen los tr\u00e1mites.<\/p>\n\r\n\t\t<\/div>\r\n\t<\/div>\r\n<div class=\"porto-separator  \"><hr class=\"separator-line  align_center\" style=\"background-image: -webkit-linear-gradient(left, transparent, grey, transparent); background-image: linear-gradient(to right, transparent, grey, transparent);\"><\/div><\/div><\/div><\/div><\/div><div class=\"vc_row wpb_row row top-row vc_column-gap-35 wpb_custom_034b39d9bc6c6b310d69e39f0ccf274f\"><div class=\"vc_column_container col-md-12\"><div class=\"wpb_wrapper vc_column-inner\"><div class=\"porto-container container \">\r\n\t<div class=\"wpb_text_column  wpb_custom_7c91d232724f73626cc933bd95b25ff0\" >\r\n\t\t<div class=\"wpb_wrapper\">\r\n\t\t\t<h2 class=\"mb-2\">Perfil del participante<\/h2>\n<h4>Qui\u00e9n puede apuntarse al curso escolar en Canad\u00e1 con GMR<\/h4>\n<p>Los estudiantes que recomendamos se acojan a estos <strong>programas de a\u00f1o acad\u00e9mico en Canad\u00e1<\/strong> deber\u00edan de cumplir los siguientes requisitos:<\/p>\n<ul>\n<li>Ser buenos estudiantes<\/li>\n<li>Querer ir a Canad\u00e1 a estudiar un cuatrimestre, semestre o curso completo, nunca ir forzados<\/li>\n<li>Tener claro que hay que respetar las normas del pa\u00eds y adaptarse a ellas<\/li>\n<li>Ser suficientemente maduros y aut\u00f3nomos<\/li>\n<li>Tener un nivel de ingl\u00e9s suficiente para comunicarse inicialmente<\/li>\n<li>Estar en buenas condiciones de salud<\/li>\n<li>Querer aprovechar al m\u00e1ximo esta oportunidad \u00fanica que les brindan sus padres<\/li>\n<\/ul>\n\r\n\t\t<\/div>\r\n\t<\/div>\r\n<div class=\"porto-separator  \"><hr class=\"separator-line  align_center\" style=\"background-image: -webkit-linear-gradient(left, transparent, grey, transparent); background-image: linear-gradient(to right, transparent, grey, transparent);\"><\/div><\/div><\/div><\/div><\/div><div data-vc-full-width=\"true\" data-vc-full-width-init=\"false\" class=\"vc_row wpb_row row top-row section section-primary section-text-light wpb_custom_034b39d9bc6c6b310d69e39f0ccf274f\"><div class=\"vc_column_container col-md-6\"><div class=\"wpb_wrapper vc_column-inner\"><\/div><\/div><div class=\"vc_column_container col-md-6\"><div class=\"wpb_wrapper vc_column-inner\"><div class=\"porto-btn-ctn-right \"><a class=\"porto-btn porto-adjust-bottom-margin porto-btn-normal porto-btn-right-bg   wpb_custom_fa51088c2567b780100c1edcf8821d3b  porto-btn-right \" title='Precios' rel='' href = \"https:\/\/www.gmrcursoescolar.com\/canada\/servicios\/\"  data-hover=\"\" data-border-color=\"\" data-bg=\"#e0e0e0\" data-hover-bg=\"\" data-border-hover=\"\" data-shadow-click=\"none\" data-shadow=\"\" style=\"border:none;background: #e0e0e0;color: #000000;\"><span class=\"porto-btn-hover\"><\/span><span class=\"porto-btn-data porto-btn-text \" >Siguiente<\/span><\/a><\/div><\/div><\/div><\/div><div class=\"vc_row-full-width vc_clearfix\"><\/div>\n","protected":false},"excerpt":{"rendered":"Comienzo y final del a\u00f1o escolar en Canad\u00e1 Dia del trabajo en Canad\u00e1 - comienzo del curso escolar El a\u00f1o escolar en Canad\u00e1 dura casi 10 meses, y transcurre habitualmente desde el d\u00eda posterior al d\u00eda del trabajo en Canad\u00e1 (que coincide con el primer lunes de Septiembre) hasta final de Junio (alrededor del 29 [...]","protected":false},"author":1,"featured_media":0,"parent":0,"menu_order":0,"comment_status":"closed","ping_status":"closed","template":"","meta":{"footnotes":""},"class_list":["post-2782","page","type-page","status-publish","hentry"],"aioseo_notices":[],"_links":{"self":[{"href":"https:\/\/www.gmrcursoescolar.com\/canada\/wp-json\/wp\/v2\/pages\/2782","targetHints":{"allow":["GET"]}}],"collection":[{"href":"https:\/\/www.gmrcursoescolar.com\/canada\/wp-json\/wp\/v2\/pages"}],"about":[{"href":"https:\/\/www.gmrcursoescolar.com\/canada\/wp-json\/wp\/v2\/types\/page"}],"author":[{"embeddable":true,"href":"https:\/\/www.gmrcursoescolar.com\/canada\/wp-json\/wp\/v2\/users\/1"}],"replies":[{"embeddable":true,"href":"https:\/\/www.gmrcursoescolar.com\/canada\/wp-json\/wp\/v2\/comments?post=2782"}],"version-history":[{"count":65,"href":"https:\/\/www.gmrcursoescolar.com\/canada\/wp-json\/wp\/v2\/pages\/2782\/revisions"}],"predecessor-version":[{"id":3093,"href":"https:\/\/www.gmrcursoescolar.com\/canada\/wp-json\/wp\/v2\/pages\/2782\/revisions\/3093"}],"wp:attachment":[{"href":"https:\/\/www.gmrcursoescolar.com\/canada\/wp-json\/wp\/v2\/media?parent=2782"}],"curies":[{"name":"wp","href":"https:\/\/api.w.org\/{rel}","templated":true}]}}