{"id":2797,"date":"2022-11-21T17:13:24","date_gmt":"2022-11-21T16:13:24","guid":{"rendered":"https:\/\/www.gmrcursoescolar.com\/estadosunidos\/?page_id=2797"},"modified":"2023-02-11T20:39:08","modified_gmt":"2023-02-11T19:39:08","slug":"precios","status":"publish","type":"page","link":"https:\/\/www.gmrcursoescolar.com\/canada\/precios\/","title":{"rendered":"Precios"},"content":{"rendered":"<div class=\"vc_row wpb_row row top-row vc_column-gap-35 wpb_custom_034b39d9bc6c6b310d69e39f0ccf274f\"><div class=\"vc_column_container col-md-12\"><div class=\"wpb_wrapper vc_column-inner\"><div class=\"porto-container container \">\r\n\t<div class=\"wpb_text_column  wpb_custom_7c91d232724f73626cc933bd95b25ff0\" >\r\n\t\t<div class=\"wpb_wrapper\">\r\n\t\t\t<h2 class=\"mb-2\">Tarifas de curso escolar en Canad\u00e1 con GMR<\/h2>\n<h4>En 2023 estrenamos nuestro nuevo sistema de precios, \u00a1imbatible!<\/h4>\n<p>En Canad\u00e1 se puede llegar a hacer un curso escolar con GMR por <strong>menos de 16.000 Euros el A\u00f1o escolar completo, y 7.000 Euros el Trimestre escolar. <\/strong>Gracias a este nuevo sistema de tarificar, tu precio depender\u00e1 de la<strong> fluctuaci\u00f3n del DOLAR CANADIENSE<\/strong>, y ser\u00e1 el m\u00e1s transparente de todas las agencias de todo el mundo, y <span style=\"color: #cc3333;\"><strong>SIN DUDA, EL M\u00c1S BARATO<\/strong><\/span>. Te explicamos porqu\u00e9:<\/p>\n<p>En 2023, hemos decidido establecer una <strong>tarifa FIJA y ESTANDAR por nuestra gesti\u00f3n<\/strong> del curso escolar en Canad\u00e1. Este ser\u00e1 <strong>nuestro margen comercial<\/strong> por la gesti\u00f3n completa <strong>incluida la convalidaci\u00f3n<\/strong>. Tu precio depender\u00e1 por tanto, del valor del <strong>cambio del Euro al Dolar Canadiense<\/strong> en los momentos del pago al colegio, y te mostraremos siempre los pagos que hacemos al colegio con extractos originales bancarios que quedar\u00e1n visibles en tu \u00e1rea de clientes. Tras el \u00faltimo pago, se har\u00e1 un balance para cerrarlo y podr\u00e9is comparar con los precios de cualquier agencia, que siempre garatizamos que os beneficia en el coste total del programa.<\/p>\n<p>Los <strong>colegios de Canad\u00e1<\/strong> quieren estar seguros de que <strong>est\u00e1is decididos a hacer el curso escolar<\/strong>, y por ello nosotros hacemos de garant\u00edstas de esta intenci\u00f3n los primeros meses con el pago inicial de la mitad del programa, pero adem\u00e1s, en el margen que nos dan, podemos buscar el mejor momento para hacer los pagos para que el cambio os beneficie siempre a vosotros, ya que nosotros no tenemos ganancia con esto desde ahora.<\/p>\n<p>Nuestros precios desde 2023 ser\u00e1n los siguientes:<\/p>\n<ul>\n<li><span data-lucid-type=\"application\/vnd.lucid.text\" data-lucid-content=\"{&quot;t&quot;:&quot;1.995\u20ac + IVA - A\u00d1O COMPLETO\\n1.495\u20ac + IVA - SEMESTRE\\n1.295\u20ac + IVA - TRIMESTRE&quot;,&quot;m&quot;:&#091;{&quot;s&quot;:0,&quot;n&quot;:&quot;mb&quot;,&quot;v&quot;:3},{&quot;s&quot;:0,&quot;n&quot;:&quot;p&quot;,&quot;v&quot;:1.2},{&quot;s&quot;:0,&quot;n&quot;:&quot;mt&quot;,&quot;v&quot;:20},{&quot;s&quot;:0,&quot;n&quot;:&quot;f&quot;,&quot;v&quot;:&quot;Basecoat&quot;,&quot;e&quot;:76},{&quot;s&quot;:0,&quot;n&quot;:&quot;fc&quot;,&quot;v&quot;:&quot;Regular&quot;,&quot;e&quot;:76},{&quot;s&quot;:0,&quot;n&quot;:&quot;fid&quot;,&quot;v&quot;:120349,&quot;e&quot;:76},{&quot;s&quot;:0,&quot;n&quot;:&quot;rc&quot;,&quot;v&quot;:&quot;#f89934ff&quot;,&quot;e&quot;:76},{&quot;s&quot;:28,&quot;n&quot;:&quot;mb&quot;,&quot;v&quot;:3},{&quot;s&quot;:28,&quot;n&quot;:&quot;p&quot;,&quot;v&quot;:1.2},{&quot;s&quot;:52,&quot;n&quot;:&quot;mb&quot;,&quot;v&quot;:3},{&quot;s&quot;:52,&quot;n&quot;:&quot;p&quot;,&quot;v&quot;:1.2},{&quot;s&quot;:0,&quot;n&quot;:&quot;s&quot;,&quot;v&quot;:21,&quot;e&quot;:12},{&quot;s&quot;:0,&quot;n&quot;:&quot;c&quot;,&quot;v&quot;:&quot;#c1e4f7ff&quot;,&quot;e&quot;:27},{&quot;s&quot;:12,&quot;n&quot;:&quot;s&quot;,&quot;v&quot;:13,&quot;e&quot;:28},{&quot;s&quot;:27,&quot;n&quot;:&quot;c&quot;,&quot;v&quot;:&quot;#ffffffff&quot;,&quot;e&quot;:28},{&quot;s&quot;:28,&quot;n&quot;:&quot;s&quot;,&quot;v&quot;:21,&quot;e&quot;:40},{&quot;s&quot;:28,&quot;n&quot;:&quot;c&quot;,&quot;v&quot;:&quot;#f35655ff&quot;,&quot;e&quot;:51},{&quot;s&quot;:40,&quot;n&quot;:&quot;s&quot;,&quot;v&quot;:13,&quot;e&quot;:52},{&quot;s&quot;:51,&quot;n&quot;:&quot;c&quot;,&quot;v&quot;:&quot;#ffffffff&quot;,&quot;e&quot;:76},{&quot;s&quot;:52,&quot;n&quot;:&quot;s&quot;,&quot;v&quot;:21,&quot;e&quot;:64},{&quot;s&quot;:64,&quot;n&quot;:&quot;s&quot;,&quot;v&quot;:13,&quot;e&quot;:76}&#093;}\"><strong>1.995\u20ac + IVA<\/strong> &#8211; A\u00d1O COMPLETO <\/span><\/li>\n<li><span data-lucid-type=\"application\/vnd.lucid.text\" data-lucid-content=\"{&quot;t&quot;:&quot;1.995\u20ac + IVA - A\u00d1O COMPLETO\\n1.495\u20ac + IVA - SEMESTRE\\n1.295\u20ac + IVA - TRIMESTRE&quot;,&quot;m&quot;:&#091;{&quot;s&quot;:0,&quot;n&quot;:&quot;mb&quot;,&quot;v&quot;:3},{&quot;s&quot;:0,&quot;n&quot;:&quot;p&quot;,&quot;v&quot;:1.2},{&quot;s&quot;:0,&quot;n&quot;:&quot;mt&quot;,&quot;v&quot;:20},{&quot;s&quot;:0,&quot;n&quot;:&quot;f&quot;,&quot;v&quot;:&quot;Basecoat&quot;,&quot;e&quot;:76},{&quot;s&quot;:0,&quot;n&quot;:&quot;fc&quot;,&quot;v&quot;:&quot;Regular&quot;,&quot;e&quot;:76},{&quot;s&quot;:0,&quot;n&quot;:&quot;fid&quot;,&quot;v&quot;:120349,&quot;e&quot;:76},{&quot;s&quot;:0,&quot;n&quot;:&quot;rc&quot;,&quot;v&quot;:&quot;#f89934ff&quot;,&quot;e&quot;:76},{&quot;s&quot;:28,&quot;n&quot;:&quot;mb&quot;,&quot;v&quot;:3},{&quot;s&quot;:28,&quot;n&quot;:&quot;p&quot;,&quot;v&quot;:1.2},{&quot;s&quot;:52,&quot;n&quot;:&quot;mb&quot;,&quot;v&quot;:3},{&quot;s&quot;:52,&quot;n&quot;:&quot;p&quot;,&quot;v&quot;:1.2},{&quot;s&quot;:0,&quot;n&quot;:&quot;s&quot;,&quot;v&quot;:21,&quot;e&quot;:12},{&quot;s&quot;:0,&quot;n&quot;:&quot;c&quot;,&quot;v&quot;:&quot;#c1e4f7ff&quot;,&quot;e&quot;:27},{&quot;s&quot;:12,&quot;n&quot;:&quot;s&quot;,&quot;v&quot;:13,&quot;e&quot;:28},{&quot;s&quot;:27,&quot;n&quot;:&quot;c&quot;,&quot;v&quot;:&quot;#ffffffff&quot;,&quot;e&quot;:28},{&quot;s&quot;:28,&quot;n&quot;:&quot;s&quot;,&quot;v&quot;:21,&quot;e&quot;:40},{&quot;s&quot;:28,&quot;n&quot;:&quot;c&quot;,&quot;v&quot;:&quot;#f35655ff&quot;,&quot;e&quot;:51},{&quot;s&quot;:40,&quot;n&quot;:&quot;s&quot;,&quot;v&quot;:13,&quot;e&quot;:52},{&quot;s&quot;:51,&quot;n&quot;:&quot;c&quot;,&quot;v&quot;:&quot;#ffffffff&quot;,&quot;e&quot;:76},{&quot;s&quot;:52,&quot;n&quot;:&quot;s&quot;,&quot;v&quot;:21,&quot;e&quot;:64},{&quot;s&quot;:64,&quot;n&quot;:&quot;s&quot;,&quot;v&quot;:13,&quot;e&quot;:76}&#093;}\"><strong>1.495\u20ac + IVA<\/strong> &#8211; SEMESTRE <\/span><\/li>\n<li><span data-lucid-type=\"application\/vnd.lucid.text\" data-lucid-content=\"{&quot;t&quot;:&quot;1.995\u20ac + IVA - A\u00d1O COMPLETO\\n1.495\u20ac + IVA - SEMESTRE\\n1.295\u20ac + IVA - TRIMESTRE&quot;,&quot;m&quot;:&#091;{&quot;s&quot;:0,&quot;n&quot;:&quot;mb&quot;,&quot;v&quot;:3},{&quot;s&quot;:0,&quot;n&quot;:&quot;p&quot;,&quot;v&quot;:1.2},{&quot;s&quot;:0,&quot;n&quot;:&quot;mt&quot;,&quot;v&quot;:20},{&quot;s&quot;:0,&quot;n&quot;:&quot;f&quot;,&quot;v&quot;:&quot;Basecoat&quot;,&quot;e&quot;:76},{&quot;s&quot;:0,&quot;n&quot;:&quot;fc&quot;,&quot;v&quot;:&quot;Regular&quot;,&quot;e&quot;:76},{&quot;s&quot;:0,&quot;n&quot;:&quot;fid&quot;,&quot;v&quot;:120349,&quot;e&quot;:76},{&quot;s&quot;:0,&quot;n&quot;:&quot;rc&quot;,&quot;v&quot;:&quot;#f89934ff&quot;,&quot;e&quot;:76},{&quot;s&quot;:28,&quot;n&quot;:&quot;mb&quot;,&quot;v&quot;:3},{&quot;s&quot;:28,&quot;n&quot;:&quot;p&quot;,&quot;v&quot;:1.2},{&quot;s&quot;:52,&quot;n&quot;:&quot;mb&quot;,&quot;v&quot;:3},{&quot;s&quot;:52,&quot;n&quot;:&quot;p&quot;,&quot;v&quot;:1.2},{&quot;s&quot;:0,&quot;n&quot;:&quot;s&quot;,&quot;v&quot;:21,&quot;e&quot;:12},{&quot;s&quot;:0,&quot;n&quot;:&quot;c&quot;,&quot;v&quot;:&quot;#c1e4f7ff&quot;,&quot;e&quot;:27},{&quot;s&quot;:12,&quot;n&quot;:&quot;s&quot;,&quot;v&quot;:13,&quot;e&quot;:28},{&quot;s&quot;:27,&quot;n&quot;:&quot;c&quot;,&quot;v&quot;:&quot;#ffffffff&quot;,&quot;e&quot;:28},{&quot;s&quot;:28,&quot;n&quot;:&quot;s&quot;,&quot;v&quot;:21,&quot;e&quot;:40},{&quot;s&quot;:28,&quot;n&quot;:&quot;c&quot;,&quot;v&quot;:&quot;#f35655ff&quot;,&quot;e&quot;:51},{&quot;s&quot;:40,&quot;n&quot;:&quot;s&quot;,&quot;v&quot;:13,&quot;e&quot;:52},{&quot;s&quot;:51,&quot;n&quot;:&quot;c&quot;,&quot;v&quot;:&quot;#ffffffff&quot;,&quot;e&quot;:76},{&quot;s&quot;:52,&quot;n&quot;:&quot;s&quot;,&quot;v&quot;:21,&quot;e&quot;:64},{&quot;s&quot;:64,&quot;n&quot;:&quot;s&quot;,&quot;v&quot;:13,&quot;e&quot;:76}&#093;}\"><strong>1.295\u20ac + IVA<\/strong> &#8211; TRIMESTRE<\/span><\/li>\n<\/ul>\n<p><strong>Dep\u00f3sito<\/strong>: Hay que sumar a los gastos un <strong>dep\u00f3sito de 1.500\u20ac<\/strong> en el caso de<strong> a\u00f1o completo<\/strong> y de <strong>1.000\u20ac para trimestre<\/strong> que suelen solicitar los distritos escolares y que se utilizar\u00e1 para pagar los libros, uniformes, actividades extra, etc. El \u00e1rea de clientes muestra en gran detalle la evoluci\u00f3n de los gastos que se han ido generando en el dep\u00f3sito, con todos los tickets escaneados en dicha \u00e1rea, y se pueden ver a partir de mediados de Octubre ya bastante actualizados y al d\u00eda. Al finalizar el programa se devolver\u00e1 a los padres el dinero restante.<\/p>\n\r\n\t\t<\/div>\r\n\t<\/div>\r\n<div class=\"porto-separator  \"><hr class=\"separator-line  align_center\" style=\"background-image: -webkit-linear-gradient(left, transparent, grey, transparent); background-image: linear-gradient(to right, transparent, grey, transparent);\"><\/div><\/div><\/div><\/div><\/div><div class=\"vc_row wpb_row top-row mt-4 mb-5 porto-inner-container wpb_custom_034b39d9bc6c6b310d69e39f0ccf274f\" data-appear-animation=\"flash\"><div class=\"porto-wrap-container container\"><div class=\"row\"><div class=\"vc_column_container col-md-12\"><div class=\"wpb_wrapper vc_column-inner\"><div class=\"porto-price-boxes pricing-table  custom-pricing-style-1 mt-0 mb-0 spaced pricing-table-classic\" data-appear-animation=\"fadeIn\" data-appear-animation-delay=\"800\" data-appear-animation-duration=\"2000\"><div class=\"row\"><div class=\" col-lg-4 col-md-6\"><div class=\"porto-price-box plan   wpb_custom_b611c4af5edd58e4b08bff97b432e143 plan-custom plan-btn-bottom\"><h3><strong>CURSO ESCOLAR<\/strong><em class=\"desc\">Curso completo<\/em><span class=\"plan-price\"><span class=\"price\"><span class=\"price-unit\">\u20ac<\/span>1995<\/span><label class=\"price-label\">+ IVA<\/label><\/span><\/h3><p style=\"text-align: center;\">Gesti\u00f3n de a\u00f1o<br \/>\nescolar en Canad\u00e1<\/p>\n<span class=\"btn btn-modern btn-lg btn-dark btn-bottom\">Solicitar<\/span><\/div><\/div><div class=\" col-lg-4 col-md-6\"><div class=\"porto-price-box plan   wpb_custom_bab05b37cf5add3dc376154992c3cfdb plan-custom plan-btn-bottom\"><h3><strong>SEMESTRE ESCOLAR<\/strong><em class=\"desc\">Mitad del curso escolar<\/em><span class=\"plan-price\"><span class=\"price\"><span class=\"price-unit\">\u20ac<\/span>1495<\/span><label class=\"price-label\">+ IVA<\/label><\/span><\/h3><p style=\"text-align: center;\">Gesti\u00f3n de semestre<br \/>\nescolar en Canad\u00e1<\/p>\n<span class=\"btn btn-modern btn-lg btn-dark btn-bottom\">Solicitar<\/span><\/div><\/div><div class=\" col-lg-4 col-md-6\"><div class=\"porto-price-box plan   wpb_custom_416cd0f2a1b28b615b36615ce5a7bcca plan-custom plan-btn-bottom\"><h3><strong>TRIMESTRE ESCOLAR<\/strong><em class=\"desc\">Tres meses en Canad\u00e1<\/em><span class=\"plan-price\"><span class=\"price\"><span class=\"price-unit\">\u20ac<\/span>1295<\/span><label class=\"price-label\">+ IVA<\/label><\/span><\/h3><p style=\"text-align: center;\">Gesti\u00f3n de trimestre<br \/>\nescolar en Canad\u00e1<\/p>\n<span class=\"btn btn-modern btn-lg btn-dark btn-bottom\">Solicitar<\/span><\/div><\/div><\/div><\/div><\/div><\/div><\/div><\/div><\/div><div class=\"vc_row wpb_row row top-row vc_column-gap-35 wpb_custom_034b39d9bc6c6b310d69e39f0ccf274f\"><div class=\"vc_column_container col-md-12\"><div class=\"wpb_wrapper vc_column-inner\"><div class=\"porto-container container \"><div class=\"porto-separator  \"><hr class=\"separator-line  align_center\" style=\"background-image: -webkit-linear-gradient(left, transparent, grey, transparent); background-image: linear-gradient(to right, transparent, grey, transparent);\"><\/div>\r\n\t<div class=\"wpb_text_column  wpb_custom_7c91d232724f73626cc933bd95b25ff0\" >\r\n\t\t<div class=\"wpb_wrapper\">\r\n\t\t\t<h3 class=\"is-global-title\">Formas de pago<\/h3>\n<ul class=\"b-list-markers f-list-markers\">\n<li><i class=\"fa fa-angle-double-right b-list-markers__ico f-list-markers__ico\"><\/i>\u00a0<strong>Tarifa de gesti\u00f3n al realizar la inscripci\u00f3n<\/strong>: La marcada anteriormente<\/li>\n<li><i class=\"fa fa-angle-double-right b-list-markers__ico f-list-markers__ico\"><\/i>\u00a0<strong>Tres meses antes del comienzo del curso<\/strong>: primer 50% del importe que nos mande el colegio (Tarifa total) multiplicado por 1,15, seg\u00fan la web de cambio de divisa de referencia mundial <a title=\"Cambio de divisa actualizado\" href=\"https:\/\/www.xe.com\" target=\"_blank\" rel=\"nofollow noopener\">www.xe.com<\/a><\/li>\n<li><i class=\"fa fa-angle-double-right b-list-markers__ico f-list-markers__ico\"><\/i>\u00a0<strong>Un mes antes del comienzo del curso<\/strong>: 50% del importe restante multiplicado por 1,15, seg\u00fan la web de cambio www.xe.com<\/li>\n<\/ul>\n<p>(para programas de uno o dos trimestres, se abonar\u00e1 todo tres meses antes del comienzo del curso)<\/p>\n<h3 class=\"is-global-title\">\u00bfQue incluyen las tarifas de gesti\u00f3n de a\u00f1o escolar en Canad\u00e1?<\/h3>\n<ul class=\"b-list-markers f-list-markers\">\n<li><i class=\"fa fa-angle-double-right b-list-markers__ico f-list-markers__ico\"><\/i>Convalidaci\u00f3n del curso escolar a la vuelta a Espa\u00f1a<\/li>\n<li><i class=\"fa fa-angle-double-right b-list-markers__ico f-list-markers__ico\"><\/i>Sesiones de preparaci\u00f3n en Espa\u00f1a (obligatorio)<\/li>\n<li><i class=\"fa fa-angle-double-right b-list-markers__ico f-list-markers__ico\"><\/i>Gesti\u00f3n de recogida en el aeropuerto el d\u00eda de la llegada y traslado al lugar de alojamiento (incluido en las tasas del colegio)<\/li>\n<li><i class=\"fa fa-angle-double-right b-list-markers__ico f-list-markers__ico\"><\/i>Tramitaci\u00f3n de seguro m\u00e9dico (recomendamos el seguro de AON).<i class=\"fa fa-angle-double-right b-list-markers__ico f-list-markers__ico\"><\/i><\/li>\n<li><i class=\"fa fa-angle-double-right b-list-markers__ico f-list-markers__ico\"><\/i>Tasas escolares de un a\u00f1o en un instituto publico (tasas de privados aparte)<\/li>\n<li><i class=\"fa fa-angle-double-right b-list-markers__ico f-list-markers__ico\"><\/i>Alojamiento con familias cuidadosamente seleccionadas, o en una residencia de estudiantes, con todas las comidas incluidas (incluido en las tasas del colegio)<\/li>\n<li><i class=\"fa fa-angle-double-right b-list-markers__ico f-list-markers__ico\"><\/i>Asistencia con la visa, si fuera necesario<\/li>\n<li><i class=\"fa fa-angle-double-right b-list-markers__ico f-list-markers__ico\"><\/i>Ayuda en la compra del uniforme y material escolar (incluido en las tasas del colegio)<\/li>\n<li><i class=\"fa fa-angle-double-right b-list-markers__ico f-list-markers__ico\"><\/i>Asistencia permanente en Espa\u00f1a<\/li>\n<li><i class=\"fa fa-angle-double-right b-list-markers__ico f-list-markers__ico\"><\/i>Ayuda de un tutor, incluyendo todos los servicios anteriormente detallados (incluido en las tasas del colegio)<\/li>\n<li><i class=\"fa fa-angle-double-right b-list-markers__ico f-list-markers__ico\"><\/i>Asistencia 24 horas en Canad\u00e1 y Tel\u00e9fono de emergencia provisto (incluido en las tasas del colegio)<\/li>\n<li><i class=\"fa fa-angle-double-right b-list-markers__ico f-list-markers__ico\"><\/i>Asistencia en la gesti\u00f3n de billetes de avi\u00f3n para los periodos vacacionales<\/li>\n<li><i class=\"fa fa-angle-double-right b-list-markers__ico f-list-markers__ico\"><\/i>Acceso a nuestra plataforma de comunicaci\u00f3n v\u00eda web<\/li>\n<\/ul>\n<h3 class=\"is-global-title\">\u00bfQue NO incluyen las tarifas de a\u00f1o escolar?<\/h3>\n<ul class=\"b-list-markers f-list-markers\">\n<li><i class=\"fa fa-angle-double-right b-list-markers__ico f-list-markers__ico\"><\/i>\u00a0Vuelos desde Espa\u00f1a de ida y vuelta ni excesos de equipajes.<\/li>\n<li><i class=\"fa fa-angle-double-right b-list-markers__ico f-list-markers__ico\"><\/i>\u00a0Dinero de Bolsillo para gastos personales del estudiante<\/li>\n<li><i class=\"fa fa-angle-double-right b-list-markers__ico f-list-markers__ico\"><\/i>\u00a0Libros, uniformes, comedor del instituto o similares<\/li>\n<li><i class=\"fa fa-angle-double-right b-list-markers__ico f-list-markers__ico\"><\/i>\u00a0Viajes interiores en el pa\u00eds de destino promovidos o no por el colegio<\/li>\n<li><i class=\"fa fa-angle-double-right b-list-markers__ico f-list-markers__ico\"><\/i>\u00a0Tasas y gastos de gesti\u00f3n de visado (Embajada en Par\u00eds, Notarios, aproximadamente 250 euros)<\/li>\n<li><i class=\"fa fa-angle-double-right b-list-markers__ico f-list-markers__ico\"><\/i>\u00a0Clases de apoyo de ingl\u00e9s o asignaturas particulares<\/li>\n<li><i class=\"fa fa-angle-double-right b-list-markers__ico f-list-markers__ico\"><\/i>\u00a0Desplazamientos a las reuniones previas a la salida<\/li>\n<li><i class=\"fa fa-angle-double-right b-list-markers__ico f-list-markers__ico\"><\/i>\u00a0Legalizar los resultados acad\u00e9micos (10 euros por documento)<\/li>\n<li><i class=\"fa fa-angle-double-right b-list-markers__ico f-list-markers__ico\"><\/i>\u00a0Seguro de Cancelaci\u00f3n, obligatorio para el evento de que no pueda realizarse finalmente el curso escolar incluso por razones acad\u00e9micas o de salud.<\/li>\n<\/ul>\n<p>*Todas las tarifas de los colegios privados aparecen en las fichas de cada colegio en nuestra web<\/p>\n\r\n\t\t<\/div>\r\n\t<\/div>\r\n<\/div><\/div><\/div><\/div><div class=\"vc_row wpb_row row top-row vc_column-gap-35 wpb_custom_034b39d9bc6c6b310d69e39f0ccf274f\"><div class=\"vc_column_container col-md-12\"><div class=\"wpb_wrapper vc_column-inner\"><div class=\"porto-container container \"><div class=\"porto-separator  \"><hr class=\"separator-line  align_center\" style=\"background-image: -webkit-linear-gradient(left, transparent, grey, transparent); background-image: linear-gradient(to right, transparent, grey, transparent);\"><\/div>\r\n\t<div class=\"wpb_text_column  wpb_custom_7c91d232724f73626cc933bd95b25ff0\" >\r\n\t\t<div class=\"wpb_wrapper\">\r\n\t\t\t<h3 class=\"is-global-title\">Ejemplo de cambio Dolar Canadiense en tiempo real<\/h3>\n<p><iframe loading=\"lazy\" src=\"https:\/\/www.xe.com\/currencyconverter\/convert\/?Amount=20000&amp;From=CAD&amp;To=EUR\" width=\"100%\" height=\"400px\"><\/iframe><\/p>\n\r\n\t\t<\/div>\r\n\t<\/div>\r\n<\/div><\/div><\/div><\/div><div data-vc-full-width=\"true\" data-vc-full-width-init=\"false\" class=\"vc_row wpb_row row top-row section section-primary section-text-light wpb_custom_034b39d9bc6c6b310d69e39f0ccf274f\"><div class=\"vc_column_container col-md-6\"><div class=\"wpb_wrapper vc_column-inner\"><div class=\"porto-btn-ctn-left \"><a class=\"porto-btn porto-adjust-bottom-margin porto-btn-normal porto-btn-no-hover-bg   wpb_custom_fa51088c2567b780100c1edcf8821d3b  porto-btn-left \" title='Informaci\u00f3n' rel='' href = \"https:\/\/www.gmrcursoescolar.com\/canada\/sistema-educativo\/\"  data-hover=\"\" data-border-color=\"\" data-bg=\"#e0e0e0\" data-hover-bg=\"\" data-border-hover=\"\" data-shadow-click=\"none\" data-shadow=\"\" style=\"border:none;background: #e0e0e0;color: #000000;\"><span class=\"porto-btn-hover\"><\/span><span class=\"porto-btn-data porto-btn-text \" >Anterior<\/span><\/a><\/div><\/div><\/div><div class=\"vc_column_container col-md-6\"><div class=\"wpb_wrapper vc_column-inner\"><\/div><\/div><\/div><div class=\"vc_row-full-width vc_clearfix\"><\/div>\n","protected":false},"excerpt":{"rendered":"Tarifas de curso escolar en Canad\u00e1 con GMR En 2023 estrenamos nuestro nuevo sistema de precios, \u00a1imbatible! En Canad\u00e1 se puede llegar a hacer un curso escolar con GMR por menos de 16.000 Euros el A\u00f1o escolar completo, y 7.000 Euros el Trimestre escolar. Gracias a este nuevo sistema de tarificar, tu precio depender\u00e1 de [...]","protected":false},"author":1,"featured_media":0,"parent":0,"menu_order":0,"comment_status":"closed","ping_status":"closed","template":"","meta":{"footnotes":""},"class_list":["post-2797","page","type-page","status-publish","hentry"],"aioseo_notices":[],"_links":{"self":[{"href":"https:\/\/www.gmrcursoescolar.com\/canada\/wp-json\/wp\/v2\/pages\/2797","targetHints":{"allow":["GET"]}}],"collection":[{"href":"https:\/\/www.gmrcursoescolar.com\/canada\/wp-json\/wp\/v2\/pages"}],"about":[{"href":"https:\/\/www.gmrcursoescolar.com\/canada\/wp-json\/wp\/v2\/types\/page"}],"author":[{"embeddable":true,"href":"https:\/\/www.gmrcursoescolar.com\/canada\/wp-json\/wp\/v2\/users\/1"}],"replies":[{"embeddable":true,"href":"https:\/\/www.gmrcursoescolar.com\/canada\/wp-json\/wp\/v2\/comments?post=2797"}],"version-history":[{"count":40,"href":"https:\/\/www.gmrcursoescolar.com\/canada\/wp-json\/wp\/v2\/pages\/2797\/revisions"}],"predecessor-version":[{"id":3146,"href":"https:\/\/www.gmrcursoescolar.com\/canada\/wp-json\/wp\/v2\/pages\/2797\/revisions\/3146"}],"wp:attachment":[{"href":"https:\/\/www.gmrcursoescolar.com\/canada\/wp-json\/wp\/v2\/media?parent=2797"}],"curies":[{"name":"wp","href":"https:\/\/api.w.org\/{rel}","templated":true}]}}