{"id":2974,"date":"2022-12-20T15:47:46","date_gmt":"2022-12-20T14:47:46","guid":{"rendered":"https:\/\/www.gmrcursoescolar.com\/estadosunidos\/?page_id=2974"},"modified":"2023-02-11T18:42:22","modified_gmt":"2023-02-11T17:42:22","slug":"fechas","status":"publish","type":"page","link":"https:\/\/www.gmrcursoescolar.com\/canada\/fechas\/","title":{"rendered":"Calendario Escolar"},"content":{"rendered":"<div class=\"vc_row wpb_row row top-row vc_column-gap-35 wpb_custom_034b39d9bc6c6b310d69e39f0ccf274f\"><div class=\"vc_column_container col-md-12\"><div class=\"wpb_wrapper vc_column-inner\"><div class=\"porto-container container \">\r\n\t<div class=\"wpb_text_column  wpb_custom_7c91d232724f73626cc933bd95b25ff0\" >\r\n\t\t<div class=\"wpb_wrapper\">\r\n\t\t\t<h2 class=\"mb-2\">Calendario escolar de Canad\u00e1<\/h2>\n<h4>Todo depende de los distritos escolares<\/h4>\n<p>El calendario escolar en Canad\u00e1 puede <strong>variar de unos distritos escolares a otros<\/strong>. Cada distrito escolar decide cuando van a ser sus fechas de inicio y final de clases y los periodos de vacaciones.<\/p>\n<p>En general casi todos ellos tendr\u00e1n las mismas fechas de inicio y fin de curso, y hemos escogido como ejemplos uno de la costa este, de los m\u00e1s grandes del pa\u00eds, el de la ciudad de Toronto, que tiene estas fechas en 2022-23:<\/p>\n<h3 class=\"page__heading\">Toronto School District &#8211; Calendario Escolar 2022-2023<\/h3>\n<ul>\n<li><span style=\"color: #ff0000;\"><strong>Primer d\u00eda de clases:<\/strong><\/span> 7 de septiembre de 2022<\/li>\n<li><strong>Vacaciones de Acci\u00f3n de Gracias:<\/strong> 7 de octubre de 2022 (viernes) al 10 de octubre de 2022 (lunes)<\/li>\n<li><strong>Vacaciones de Navidad:<\/strong> 26 dic 2022 (lunes) al 6 de enero 2023 (viernes)<\/li>\n<li><strong>Vacaciones de primavera:<\/strong> 13 de marzo de 2023 (lunes) al 17 de marzo de 2023 (viernes)<\/li>\n<li><strong>Semana Santa:<\/strong> 7 abr 2023 (vie) al 10 abr 2023 (lunes)<\/li>\n<li><span style=\"color: #ff0000;\"><strong>\u00daltimo d\u00eda de clases:<\/strong> <\/span>30 de junio de 2023 (viernes)<\/li>\n<\/ul>\n<p>Y otro de la costa Oeste, el de Delta de la zona de Vancouver por ejemplo:<\/p>\n<h3 class=\"page__heading\">School District 37 Delta &#8211; Calendario Escolar 2022-2023<\/h3>\n<ul>\n<li><span style=\"color: #ff0000;\"><strong>Primer d\u00eda de clases:<\/strong> <\/span>6 de septiembre de de 2022<\/li>\n<li><strong>Vacaciones de Navidad:<\/strong> 19 de diciembre de 2022 (lunes) al 6 de enero de 2023 (lunes)<\/li>\n<li><strong>Family Day: <\/strong>17 de febrero de 2023 (viernes) al 2o de marzo de 2023 (lunes)<\/li>\n<li><strong>Vacaciones de primavera:<\/strong> 13 de marzo de 2023 (lunes) al 24 de marzo de 2023 (viernes)<\/li>\n<li><strong>Semana Santa:<\/strong> 7 de abril de 2023 (viernes) al 10 de abril de 2023 (lunes)<\/li>\n<li><span style=\"color: #ff0000;\"><strong>\u00daltimo d\u00eda de clases:<\/strong> <\/span>29 de junio de de 2023 (jueves)<\/li>\n<\/ul>\n<p>Todos los calendarios de los distritos escolares de Canad\u00e1 se pueden ver en la web <a href=\"https:\/\/publicholidays.net\/\" target=\"_blank\" rel=\"nofollow noopener\">https:\/\/publicholidays.net\/<\/a><\/p>\n\r\n\t\t<\/div>\r\n\t<\/div>\r\n<div class=\"porto-price-boxes pricing-table \"><div class=\"row\"><\/div><\/div><\/div><\/div><\/div><\/div><div data-vc-full-width=\"true\" data-vc-full-width-init=\"false\" class=\"vc_row wpb_row row top-row section section-primary section-text-light wpb_custom_034b39d9bc6c6b310d69e39f0ccf274f\"><div class=\"vc_column_container col-md-6\"><div class=\"wpb_wrapper vc_column-inner\"><div class=\"porto-btn-ctn-left \"><a class=\"porto-btn porto-adjust-bottom-margin porto-btn-normal porto-btn-no-hover-bg   wpb_custom_fa51088c2567b780100c1edcf8821d3b  porto-btn-left \" title='Precios' rel='' href = \"https:\/\/www.gmrcursoescolar.com\/canada\/sistema-educativo\/\"  data-hover=\"\" data-border-color=\"\" data-bg=\"#e0e0e0\" data-hover-bg=\"\" data-border-hover=\"\" data-shadow-click=\"none\" data-shadow=\"\" style=\"border:none;background: #e0e0e0;color: #000000;\"><span class=\"porto-btn-hover\"><\/span><span class=\"porto-btn-data porto-btn-text \" >Anterior<\/span><\/a><\/div><\/div><\/div><div class=\"vc_column_container col-md-6\"><div class=\"wpb_wrapper vc_column-inner\"><div class=\"porto-btn-ctn-right \"><a class=\"porto-btn porto-adjust-bottom-margin porto-btn-normal porto-btn-no-hover-bg   wpb_custom_fa51088c2567b780100c1edcf8821d3b  porto-btn-right \" title='Familia Americana' rel='' href = \"https:\/\/www.gmrcursoescolar.com\/canada\/precios\/\"  data-hover=\"\" data-border-color=\"\" data-bg=\"#e0e0e0\" data-hover-bg=\"\" data-border-hover=\"\" data-shadow-click=\"none\" data-shadow=\"\" style=\"border:none;background: #e0e0e0;color: #000000;\"><span class=\"porto-btn-hover\"><\/span><span class=\"porto-btn-data porto-btn-text \" >Siguiente<\/span><\/a><\/div><\/div><\/div><\/div><div class=\"vc_row-full-width vc_clearfix\"><\/div>\n","protected":false},"excerpt":{"rendered":"Calendario escolar de Canad\u00e1 Todo depende de los distritos escolares El calendario escolar en Canad\u00e1 puede variar de unos distritos escolares a otros. Cada distrito escolar decide cuando van a ser sus fechas de inicio y final de clases y los periodos de vacaciones. En general casi todos ellos tendr\u00e1n las mismas fechas de inicio [...]","protected":false},"author":1,"featured_media":0,"parent":0,"menu_order":0,"comment_status":"closed","ping_status":"closed","template":"","meta":{"footnotes":""},"class_list":["post-2974","page","type-page","status-publish","hentry"],"aioseo_notices":[],"_links":{"self":[{"href":"https:\/\/www.gmrcursoescolar.com\/canada\/wp-json\/wp\/v2\/pages\/2974","targetHints":{"allow":["GET"]}}],"collection":[{"href":"https:\/\/www.gmrcursoescolar.com\/canada\/wp-json\/wp\/v2\/pages"}],"about":[{"href":"https:\/\/www.gmrcursoescolar.com\/canada\/wp-json\/wp\/v2\/types\/page"}],"author":[{"embeddable":true,"href":"https:\/\/www.gmrcursoescolar.com\/canada\/wp-json\/wp\/v2\/users\/1"}],"replies":[{"embeddable":true,"href":"https:\/\/www.gmrcursoescolar.com\/canada\/wp-json\/wp\/v2\/comments?post=2974"}],"version-history":[{"count":7,"href":"https:\/\/www.gmrcursoescolar.com\/canada\/wp-json\/wp\/v2\/pages\/2974\/revisions"}],"predecessor-version":[{"id":3145,"href":"https:\/\/www.gmrcursoescolar.com\/canada\/wp-json\/wp\/v2\/pages\/2974\/revisions\/3145"}],"wp:attachment":[{"href":"https:\/\/www.gmrcursoescolar.com\/canada\/wp-json\/wp\/v2\/media?parent=2974"}],"curies":[{"name":"wp","href":"https:\/\/api.w.org\/{rel}","templated":true}]}}