{"id":2988,"date":"2022-12-20T16:33:05","date_gmt":"2022-12-20T15:33:05","guid":{"rendered":"https:\/\/www.gmrcursoescolar.com\/estadosunidos\/?page_id=2988"},"modified":"2023-02-11T16:18:26","modified_gmt":"2023-02-11T15:18:26","slug":"sistema-educativo","status":"publish","type":"page","link":"https:\/\/www.gmrcursoescolar.com\/canada\/sistema-educativo\/","title":{"rendered":"Sistema Educativo"},"content":{"rendered":"<div class=\"vc_row wpb_row row top-row vc_column-gap-35 wpb_custom_034b39d9bc6c6b310d69e39f0ccf274f\"><div class=\"vc_column_container col-md-12\"><div class=\"wpb_wrapper vc_column-inner\"><div class=\"porto-container container \">\r\n\t<div class=\"wpb_text_column  wpb_custom_7c91d232724f73626cc933bd95b25ff0\" >\r\n\t\t<div class=\"wpb_wrapper\">\r\n\t\t\t<h2 class=\"mb-2\">Planes de estudios y sistema educativo en Canad\u00e1<\/h2>\n<h4>Los colegios de Canad\u00e1<\/h4>\n<p>En Canad\u00e1 los colegios se agrupan en una organizaci\u00f3n superior que llaman los \u00ab<strong>Distritos Escolares<\/strong>\u00ab, y que engloba un n\u00famero de colegios dentro de una misma zona geogr\u00e1fica, que puede coincidir con poblaciones, puede haber varios distritos escolares dentro de una poblaci\u00f3n m\u00e1s grande, o estar los colegios en diferentes pueblos o ciudades dentro de una misma provincia. <strong>Los colegios de Canad\u00e1 suelen ser grandes y con inmensas y modernas instalaciones<\/strong>. Casi todos ofrecen la parte \u00abVocacional\u00bb (lo que llamamos formaci\u00f3n profesional en Espa\u00f1a) dentro del mismo colegio en mayor o menor medida, es decir tienen claro que no todos los alumnos tienen que ser \u00ababogados, m\u00e9dicos o ingenieros\u00bb, por lo que tienen talleres muy espectaculares de oficios (madera, metalister\u00eda, Dise\u00f1o gr\u00e1fico, automoci\u00f3n&#8230;) y que como nos dec\u00eda un director de un colegio, hace que en Canad\u00e1 se puedan descubrir vocaciones y capacidades de cada estudiante en un mismo centro y hace que el fracaso escolar en Canad\u00e1, sea pr\u00e1cticamente inexistente.<\/p>\n<h4>La educaci\u00f3n en Canad\u00e1<\/h4>\n<p>Canad\u00e1 gasta aproximadamente el 7% de su PIB en educaci\u00f3n. Desde la aprobaci\u00f3n del art\u00edculo 23 de la Constituci\u00f3n de 1982, la educaci\u00f3n en ingl\u00e9s y franc\u00e9s ha estado disponible en la mayor\u00eda de lugares de Canad\u00e1, siempre que la poblaci\u00f3n de ni\u00f1os que hablan el idioma de la minor\u00eda lo justifique, como es el caso de Quebec. El hecho de que exista una parte del pa\u00eds todav\u00eda con predominancia franc\u00f3fona, hace que en la ense\u00f1anza el franc\u00e9s sea el segundo idioma para los estudiantes de habla inglesa predominante de Canad\u00e1 (la gran mayor\u00eda).<\/p>\n<p>La mayor\u00eda de los\u00a0<strong>colegios de Canad\u00e1<\/strong>\u00a0han introducido desde hace algunos a\u00f1os una o m\u00e1s iniciativas como los programas de estudios nativos, antirracismo, estudio de las culturas abor\u00edgenes y su artesan\u00eda, visitas y asistencia a ancianos y otros miembros de la comunidad, y contenidos en \u00e1reas como las lenguas ind\u00edgenas, la espiritualidad ind\u00edgena, el conocimiento ind\u00edgena de la naturaleza y visitas a las comunidades ind\u00edgenas todav\u00eda existentes.<\/p>\n<p>El\u00a0<strong>sistema educativo de Canad\u00e1<\/strong>\u00a0hace mayor hincapi\u00e9 en el aprendizaje y \u00e9xito en materias de necesidad m\u00e1s elemental como las\u00a0<strong>artes del lenguaje, las matem\u00e1ticas y las ciencias<\/strong>, mientras que materias como la m\u00fasica, las artes visuales y la educaci\u00f3n f\u00edsica cobran menor importancia, no dej\u00e1ndolas de lado en los planes educativos en cualquier caso. La mayor\u00eda de los colegios (el 67%) son mixtas. Los estudiantes en el sistema escolar canadiense reciben una gran variedad de clases de diferentes materias. El sistema est\u00e1 configurado para satisfacer las diversas necesidades de cada estudiante. La mayor\u00eda de los sistemas educativos canadienses contin\u00faan hasta el\u00a0<strong>grado doce<\/strong>\u00a0(diecisiete-dieciocho a\u00f1os de edad).<\/p>\n<h4 class=\"is-global-title\">Diferenciaci\u00f3n por religi\u00f3n y lengua<\/h4>\n<p>Tradicionalmente todas las provincias ten\u00edan sistemas educativos divididos por la religi\u00f3n, pero a d\u00eda de hoy la mayor\u00eda de las provincias han abolido estas diferencias. Ontario, Alberta, Manitoba, los Territorios del Noroeste, y algunas ciudades de Saskatchewan son excepciones a esto, ya que todav\u00eda mantienen con fondos p\u00fablicos algunos distrito escolares (generalmente cat\u00f3licos y algunas veces protestantes). En Quebec, la brecha cat\u00f3lico-protestante fue reemplazada por la divisi\u00f3n en franc\u00e9s-ingl\u00e9s en 1998. Los Quebequenses deben asistir a una escuela francesa hasta el final de la escuela secundaria.<\/p>\n<h4 class=\"is-global-title\">Educaci\u00f3n secundaria en Canad\u00e1<\/h4>\n<p>La educaci\u00f3n primaria y la educaci\u00f3n secundaria combinadas se refieren a veces como K-12 (kindergarten hasta el grado 12). Cabe se\u00f1alar que esta estructura puede variar de colegio a colegio y de provincia a provincia.<\/p>\n<p>En Canad\u00e1, la ense\u00f1anza secundaria, conocida como la escuela secundaria o \u00ab\u00e9cole secondaire\u00bb, var\u00eda seg\u00fan la provincia en la que se reside. Adem\u00e1s, la estructura de grado puede variar dentro de una provincia e incluso dentro de un distrito escolar. La educaci\u00f3n es\u00a0<strong>obligatoria hasta los 16 a\u00f1os<\/strong>\u00a0en todas las provincias de Canad\u00e1, a excepci\u00f3n de Ontario y Nuevo Brunswick (donde las edades obligatorias son 18).Los estudiantes pueden continuar asistiendo a la escuela secundaria hasta las edades de 19 a 21 (la edad l\u00edmite para la educaci\u00f3n secundaria var\u00eda entre provincia). A los 19 a\u00f1os pueden asistir a la escuela de adultos. Adem\u00e1s, si los estudiantes de secundaria son expulsados o suspendidos por un per\u00edodo de tiempo de m\u00e1s de 2 meses para que pudieran asistir a clases nocturnas en la escuela secundaria.<\/p>\n<p>Ontario tuvo un \u00abGrado 13\u00bb, conocido como Ontario Cr\u00e9dito Acad\u00e9mico (OAC) a\u00f1o, pero esto fue abolido por el gobierno provincial para reducir costos. Como resultado de ello, el plan de estudios ha sido compactado, y los temas m\u00e1s dif\u00edciles, tales como las matem\u00e1ticas, son comparativamente m\u00e1s dif\u00edciles que antes. Un n\u00famero cada vez mayor de estudiantes internacionales asisten a cursos pre-universitarios canadienses en las escuelas secundarias.<\/p>\n<h4 class=\"is-global-title\">Las equivalencias de niveles (fuera de Quebec)<\/h4>\n<p>A medida que el<strong>\u00a0sistema de educaci\u00f3n en Canad\u00e1<\/strong>\u00a0es administrado por los gobiernos provinciales, sus planes van variando y la forma en que se agrupan las etapas educativas pueden diferir en cada regi\u00f3n. Para el objeto que nos ocupa, los a\u00f1os escolares gestionados por nosotros, estas ser\u00e1n las equivalencias: A\u00f1os finales de la educaci\u00f3n elemental (Primaria)<\/p>\n\r\n\t\t<\/div>\r\n\t<\/div>\r\n<\/div><div class=\"porto-container container \">\r\n\t<div class=\"wpb_text_column  wpb_animate_when_almost_visible wpb_fadeIn fadeIn wpb_custom_7c91d232724f73626cc933bd95b25ff0\" >\r\n\t\t<div class=\"wpb_wrapper\">\r\n\t\t\t<table class=\"b-table-primary f-table-primary f-center\" width=\"100%\">\n<thead>\n<tr style=\"background-color:#ef3340; color:white\">\n<th>A\u00f1o Escolar<\/th>\n<th>Edad<\/th>\n<th>Equivalencia en Espa\u00f1a<\/th>\n<\/tr>\n<\/thead>\n<tbody>\n<tr>\n<td>Grado 7<\/td>\n<td>12-13<\/td>\n<td>1\u00ba ESO<\/td>\n<\/tr>\n<tr>\n<td>Grado 8<\/td>\n<td>13-14<\/td>\n<td>2\u00ba ESO<\/td>\n<\/tr>\n<\/tbody>\n<\/table>\n<p><strong>Ense\u00f1anza media (Secundaria)<\/strong><\/p>\n<table class=\"b-table-primary f-table-primary f-center\" width=\"100%\">\n<thead>\n<tr style=\"background-color:#ef3340; color:white\">\n<th>A\u00f1o Escolar<\/th>\n<th>Edad<\/th>\n<th>Equivalencia en Espa\u00f1a<\/th>\n<\/tr>\n<\/thead>\n<tbody>\n<tr>\n<td>Grado 9<\/td>\n<td>14-15<\/td>\n<td>3\u00ba ESO<\/td>\n<\/tr>\n<tr>\n<td>Grado 10<\/td>\n<td>15-16<\/td>\n<td>4\u00ba ESO<\/td>\n<\/tr>\n<tr>\n<td>Grado 11<\/td>\n<td>16-17<\/td>\n<td>1\u00ba Bachillerato<\/td>\n<\/tr>\n<tr>\n<td>Grado 12<\/td>\n<td>17-18<\/td>\n<td>2\u00ba Bachillerato<\/td>\n<\/tr>\n<tr>\n<td>Grado 12+<\/td>\n<td>18+<\/td>\n<td>Ontario solamente lo ofrece<\/td>\n<\/tr>\n<\/tbody>\n<\/table>\n\r\n\t\t<\/div>\r\n\t<\/div>\r\n<div class=\"porto-separator  \"><hr class=\"separator-line  align_center\" style=\"background-image: -webkit-linear-gradient(left, transparent, grey, transparent); background-image: linear-gradient(to right, transparent, grey, transparent);\"><\/div><\/div><\/div><\/div><\/div><div class=\"vc_row wpb_row row top-row vc_column-gap-35 wpb_custom_034b39d9bc6c6b310d69e39f0ccf274f\"><div class=\"vc_column_container col-md-12\"><div class=\"wpb_wrapper vc_column-inner\"><div class=\"porto-container container \">\r\n\t<div class=\"wpb_text_column  wpb_custom_7c91d232724f73626cc933bd95b25ff0\" >\r\n\t\t<div class=\"wpb_wrapper\">\r\n\t\t\t<h2 class=\"is-global-title b-title-b-hr b-title-b-hr-notop\">Horarios escolares en Canad\u00e1<\/h2>\n<p><strong>Los horarios de clases en los colegios de Canad\u00e1<\/strong>\u00a0suelen ser bastante parecidos al resto de pa\u00edses anglosajones y occidentales. Las clases suelen comenzar a las 8:00 de la ma\u00f1ana en la mayor\u00eda de colegios aunque en algunos casos comienza a las 8:30 o 9:00. Terminan en torno a las 3:30 de la tarde aunque algunos tambi\u00e9n pueden hacerlo un poco antes.<\/p>\n<p>Las tardes normalmente las dedican a realizar actividades extraescolares. Los ritmos de\u00a0<strong>vida escolar en Canad\u00e1<\/strong> suelen ser bastante similares tanto a los estadounidenses comoa los ingleses ya que es de la misma cultura brit\u00e1nica. Los estudiantes suelen tomar su almuerzo en un escaso periodo de 30 minutos cualquier zona del colegio como a las propias aulas o al gimnasio, y lo suelen llevar de casa preparado, es el llamado \u00abpacked lunch\u00bb y normalmente son las familias de acogida las que lo dejan preparado por la ma\u00f1ana para todos los estudiantes. En los colegios que exista cantina los estudiantes pueden comprar su sandwich, bocadillo o comer sentados de plato.<\/p>\n<p>Durante las clases suelen tener uno o dos descansos cortos o \u00abrecreos\u00bb que puede durar entre 15 y 20\u00a0minutos.<\/p>\n\r\n\t\t<\/div>\r\n\t<\/div>\r\n<div class=\"porto-separator  \"><hr class=\"separator-line  align_center\" style=\"background-image: -webkit-linear-gradient(left, transparent, grey, transparent); background-image: linear-gradient(to right, transparent, grey, transparent);\"><\/div><\/div><\/div><\/div><\/div><div class=\"vc_row wpb_row row top-row vc_column-gap-35 wpb_custom_034b39d9bc6c6b310d69e39f0ccf274f\"><div class=\"vc_column_container col-md-12\"><div class=\"wpb_wrapper vc_column-inner\"><div class=\"porto-container container \">\r\n\t<div class=\"wpb_text_column  wpb_custom_7c91d232724f73626cc933bd95b25ff0\" >\r\n\t\t<div class=\"wpb_wrapper\">\r\n\t\t\t<h2 class=\"is-global-title b-title-b-hr b-title-b-hr-notop\">Asignaturas obligatorias y opcionales<\/h2>\n<h4>Como convalidar tu curso escolar en canad\u00e1<\/h4>\n<p>Existen en todos los cursos una serie de\u00a0<strong>asignaturas obligatorias<\/strong>\u00a0o troncales y otras\u00a0<strong>opcionales o de libre elecci\u00f3n<\/strong>. Las asignaturas obligatorias suelen ser lengua, matem\u00e1ticas, ciencias sociales, ciencias de la naturaleza, inform\u00e1tica, educaci\u00f3n f\u00edsica, y un segundo idioma. Dentro de la asignatura de lengua existen colegios que tienen ingl\u00e9s como lengua y otros por ser de zona franc\u00f3fona tienen el franc\u00e9s como asignatura de lengua. Dentro de las ciencias sociales se encuentran derecho, historia, sociolog\u00eda, geograf\u00eda, psicolog\u00eda\u00a0etc. las ciencias naturales engloban materias como la qu\u00edmica la f\u00edsica la biolog\u00eda y la geolog\u00eda. El segundo idioma suele ser el ingl\u00e9s para la zona franc\u00f3fona y el franc\u00e9s para la zona angl\u00f3fona y coge\u00a0mucha fuerza en idioma espa\u00f1ol. Algunos colegios tambi\u00e9n ofrecen alem\u00e1n y chino como tercera opci\u00f3n de idioma. Dentro de las<strong>\u00a0asignaturas obligatorias o troncales (core subjects)<\/strong>\u00a0suele haber capacidad de elecci\u00f3n de diversos niveles de dificultad, sobre todo en\u00a0<strong>matem\u00e1ticas<\/strong>, ya que muchos alumnos no desean cursar estudios de ciencias en un futuro y se les hace m\u00e1s dif\u00edcil.\u00a0Las\u00a0asignaturas obligatorias tambi\u00e9n pueden variar entre una provincia y otra.<\/p>\n<p>Normalmente es a partir de 3\u00ba de la ESO, es decir el Grado 9,\u00a0cuando se puede comenzar a elegir m\u00e1s asignaturas. La disponibilidad de\u00a0<strong>asignaturas optativas es muy elevada en Canad\u00e1<\/strong>. Cada colegio ofrece las suyas pero todas siguen una pauta com\u00fan y es la orientaci\u00f3n pr\u00e1ctica para la vida cotidiana. Existen multitud de asignaturas orientadas a la formaci\u00f3n profesional, a las artes, a las humanidades, al dise\u00f1o por ordenador y manejo de nuevos programas inform\u00e1ticos, de cocina, de conocimientos del mundo empresarial, de la publicidad del marketing etc.\u00a0Esto es algo com\u00fan en el modelo norteamericano que como sabemos se enfoca enormemente hacia la especializaci\u00f3n y la vida pr\u00e1ctica.<\/p>\n<p>Los alumnos deben de cursar\u00a0<strong>cuatro o\u00a0cinco asignaturas por semestre<\/strong>\u00a0o el doble si no son parciales en el\u00a0<strong>a\u00f1o escolar<\/strong>.<\/p>\n<h4 class=\"is-global-title\">Soporte para elegir asignaturas<\/h4>\n<p>Al principio del programa se suele hacer una pre-selecci\u00f3n de asignaturas por parte de los estudiantes seg\u00fan sus preferencias. Esta preselecci\u00f3n se suele enviar a los colegios para que la tengan en cuenta pero normalmente se suelen asignar las asignaturas a cada estudiante al principio del curso una vez en Canad\u00e1. Los colegios son los que deben decidir si el estudiante tiene el nivel de ingl\u00e9s requerido para dicha asignatura, o si tiene nivel suficiente de sus estudios previos, adem\u00e1s de si hay plazas y de si el horario lo permite. Hay que tener en cuenta que en determinadas asignaturas optativas, por falta de demanda finalmente no se ofrecen, por lo que hay que estar preparados para tomar asignaturas alternativas similares. Nuestros tutores en Canad\u00e1 y asesorar sobre cu\u00e1les ser\u00e1n las mejores opciones.<\/p>\n<p>Para los alumnos del\u00a0Grado 12, equivalente a\u00a0segundo de Bachillerato en Espa\u00f1a, se exigir\u00e1 que entre las cinco asignaturas m\u00ednimas del grado correspondiente, cuatro al menos figuren entre las siguientes: Matem\u00e1ticas, F\u00edsica, Qu\u00edmica, Biolog\u00eda, Geolog\u00eda, Dibujo T\u00e9cnico, Filosof\u00eda, Geograf\u00eda, Historia, Historia del Arte, Lat\u00edn, Griego y Literatura (en lengua francesa o inglesa).<\/p>\n<p>Entre el Grado 11 hasta el Grado 7 los alumnos extranjeros que cursen un a\u00f1o escolar en Canad\u00e1 pueden convalidar todas las asignaturas que escojan y\u00a0tienen total libertad para la elecci\u00f3n de asignaturas ya que se van a convalidar.<\/p>\n\r\n\t\t<\/div>\r\n\t<\/div>\r\n<div class=\"porto-separator  \"><hr class=\"separator-line  align_center\" style=\"background-image: -webkit-linear-gradient(left, transparent, grey, transparent); background-image: linear-gradient(to right, transparent, grey, transparent);\"><\/div><\/div><\/div><\/div><\/div><div data-vc-full-width=\"true\" data-vc-full-width-init=\"false\" class=\"vc_row wpb_row row top-row section section-primary section-text-light wpb_custom_034b39d9bc6c6b310d69e39f0ccf274f\"><div class=\"vc_column_container col-md-6\"><div class=\"wpb_wrapper vc_column-inner\"><div class=\"porto-btn-ctn-left \"><a class=\"porto-btn porto-adjust-bottom-margin porto-btn-normal porto-btn-no-hover-bg   wpb_custom_fa51088c2567b780100c1edcf8821d3b  porto-btn-left \" title='Precios' rel='' href = \"https:\/\/www.gmrcursoescolar.com\/canada\/sistema-educativo\/\"  data-hover=\"\" data-border-color=\"\" data-bg=\"#e0e0e0\" data-hover-bg=\"\" data-border-hover=\"\" data-shadow-click=\"none\" data-shadow=\"\" style=\"border:none;background: #e0e0e0;color: #000000;\"><span class=\"porto-btn-hover\"><\/span><span class=\"porto-btn-data porto-btn-text \" >Anterior<\/span><\/a><\/div><\/div><\/div><div class=\"vc_column_container col-md-6\"><div class=\"wpb_wrapper vc_column-inner\"><div class=\"porto-btn-ctn-right \"><a class=\"porto-btn porto-adjust-bottom-margin porto-btn-normal porto-btn-no-hover-bg   wpb_custom_fa51088c2567b780100c1edcf8821d3b  porto-btn-right \" title='Familia Americana' rel='' href = \"https:\/\/www.gmrcursoescolar.com\/canada\/precios\/\"  data-hover=\"\" data-border-color=\"\" data-bg=\"#e0e0e0\" data-hover-bg=\"\" data-border-hover=\"\" data-shadow-click=\"none\" data-shadow=\"\" style=\"border:none;background: #e0e0e0;color: #000000;\"><span class=\"porto-btn-hover\"><\/span><span class=\"porto-btn-data porto-btn-text \" >Siguiente<\/span><\/a><\/div><\/div><\/div><\/div><div class=\"vc_row-full-width vc_clearfix\"><\/div>\n","protected":false},"excerpt":{"rendered":"Planes de estudios y sistema educativo en Canad\u00e1 Los colegios de Canad\u00e1 En Canad\u00e1 los colegios se agrupan en una organizaci\u00f3n superior que llaman los \"Distritos Escolares\", y que engloba un n\u00famero de colegios dentro de una misma zona geogr\u00e1fica, que puede coincidir con poblaciones, puede haber varios distritos escolares dentro de una poblaci\u00f3n m\u00e1s [...]","protected":false},"author":1,"featured_media":0,"parent":0,"menu_order":0,"comment_status":"closed","ping_status":"closed","template":"","meta":{"footnotes":""},"class_list":["post-2988","page","type-page","status-publish","hentry"],"aioseo_notices":[],"_links":{"self":[{"href":"https:\/\/www.gmrcursoescolar.com\/canada\/wp-json\/wp\/v2\/pages\/2988","targetHints":{"allow":["GET"]}}],"collection":[{"href":"https:\/\/www.gmrcursoescolar.com\/canada\/wp-json\/wp\/v2\/pages"}],"about":[{"href":"https:\/\/www.gmrcursoescolar.com\/canada\/wp-json\/wp\/v2\/types\/page"}],"author":[{"embeddable":true,"href":"https:\/\/www.gmrcursoescolar.com\/canada\/wp-json\/wp\/v2\/users\/1"}],"replies":[{"embeddable":true,"href":"https:\/\/www.gmrcursoescolar.com\/canada\/wp-json\/wp\/v2\/comments?post=2988"}],"version-history":[{"count":10,"href":"https:\/\/www.gmrcursoescolar.com\/canada\/wp-json\/wp\/v2\/pages\/2988\/revisions"}],"predecessor-version":[{"id":3113,"href":"https:\/\/www.gmrcursoescolar.com\/canada\/wp-json\/wp\/v2\/pages\/2988\/revisions\/3113"}],"wp:attachment":[{"href":"https:\/\/www.gmrcursoescolar.com\/canada\/wp-json\/wp\/v2\/media?parent=2988"}],"curies":[{"name":"wp","href":"https:\/\/api.w.org\/{rel}","templated":true}]}}