{"id":3147,"date":"2023-02-11T18:50:44","date_gmt":"2023-02-11T17:50:44","guid":{"rendered":"https:\/\/www.gmrcursoescolar.com\/canada\/?page_id=3147"},"modified":"2023-02-12T21:47:23","modified_gmt":"2023-02-12T20:47:23","slug":"provincias-de-canada","status":"publish","type":"page","link":"https:\/\/www.gmrcursoescolar.com\/canada\/provincias-de-canada\/","title":{"rendered":"Provincias de Canad\u00e1"},"content":{"rendered":"<div class=\"vc_row wpb_row row top-row vc_column-gap-35 wpb_custom_034b39d9bc6c6b310d69e39f0ccf274f\"><div class=\"vc_column_container col-md-12\"><div class=\"wpb_wrapper vc_column-inner\"><div class=\"porto-container container \">\r\n\t<div class=\"wpb_text_column  wpb_custom_7c91d232724f73626cc933bd95b25ff0\" >\r\n\t\t<div class=\"wpb_wrapper\">\r\n\t\t\t<h2 class=\"mb-2\">Provincias al uso para a\u00f1o escolar en Canad\u00e1<\/h2>\n<h4>Las 9 provincias que las agencias consideramos<\/h4>\n<p>Es evidente que las provincias del norte, no suelen ser objetivo de ninguna <strong>agencia de gesti\u00f3n de curso escolar en canad\u00e1<\/strong> por su proximidad al polo norte. Sin embargo, La mayor\u00eda conocemos distritos escolares en las 9 provincias del sur del pa\u00eds, alineadas de Oeste a Este de esta forma:<\/p>\n\r\n\t\t<\/div>\r\n\t<\/div>\r\n\r\n\t<div class=\"wpb_single_image wpb_content_element vc_align_center  wpb_custom_81a4f7ef9830bf958462581aa01150fb\"><div class=\"wpb_wrapper\">\r\n\t\t\t\r\n\t\t\t\r\n\t\t<figure class=\"vc_figure\">\r\n\t\t\t<div class=\"vc_single_image-wrapper   vc_box_border_grey\"><img loading=\"lazy\" decoding=\"async\" width=\"2000\" height=\"1500\" src=\"https:\/\/www.gmrcursoescolar.com\/canada\/wp-content\/uploads\/2023\/02\/mapa-politico-Canada-sin-fondo.png\" class=\"vc_single_image-img attachment-full\" alt=\"mapa de canad\u00e1 provincias\" srcset=\"https:\/\/www.gmrcursoescolar.com\/canada\/wp-content\/uploads\/2023\/02\/mapa-politico-Canada-sin-fondo.png 2000w, https:\/\/www.gmrcursoescolar.com\/canada\/wp-content\/uploads\/2023\/02\/mapa-politico-Canada-sin-fondo-1024x768.png 1024w, https:\/\/www.gmrcursoescolar.com\/canada\/wp-content\/uploads\/2023\/02\/mapa-politico-Canada-sin-fondo-768x576.png 768w, https:\/\/www.gmrcursoescolar.com\/canada\/wp-content\/uploads\/2023\/02\/mapa-politico-Canada-sin-fondo-1536x1152.png 1536w, https:\/\/www.gmrcursoescolar.com\/canada\/wp-content\/uploads\/2023\/02\/mapa-politico-Canada-sin-fondo-463x348.png 463w, https:\/\/www.gmrcursoescolar.com\/canada\/wp-content\/uploads\/2023\/02\/mapa-politico-Canada-sin-fondo-640x480.png 640w, https:\/\/www.gmrcursoescolar.com\/canada\/wp-content\/uploads\/2023\/02\/mapa-politico-Canada-sin-fondo-400x300.png 400w, https:\/\/www.gmrcursoescolar.com\/canada\/wp-content\/uploads\/2023\/02\/mapa-politico-Canada-sin-fondo-367x275.png 367w\" sizes=\"auto, (max-width: 2000px) 100vw, 2000px\" \/><\/div>\r\n\t\t\t<figcaption class=\"vc_figure-caption\">Mapa de canad\u00e1<\/figcaption>\r\n\t\t<\/figure>\r\n\t\r\n\t\t<\/div>\r\n\t<\/div>\r\n\r\n\t<div class=\"wpb_text_column  wpb_custom_7c91d232724f73626cc933bd95b25ff0\" >\r\n\t\t<div class=\"wpb_wrapper\">\r\n\t\t\t<h2 class=\"mb-2\">Provincias al uso para a\u00f1o escolar en Canad\u00e1<\/h2>\n<h4>Las 9 provincias que las agencias consideramos<\/h4>\n<p>Es evidente que las provincias del norte, no suelen ser objetivo de ninguna <strong>agencia de gesti\u00f3n de curso escolar en canad\u00e1<\/strong> por su proximidad al polo norte. Sin embargo, La mayor\u00eda conocemos distritos escolares en las 9 provincias del sur del pa\u00eds, alineadas de Oeste a Este de esta forma:<\/p>\n\r\n\t\t<\/div>\r\n\t<\/div>\r\n<div class=\"porto-separator  \"><hr class=\"separator-line  align_center\" style=\"background-image: -webkit-linear-gradient(left, transparent, grey, transparent); background-image: linear-gradient(to right, transparent, grey, transparent);\"><\/div><\/div><\/div><\/div><\/div><div class=\"vc_row wpb_row row top-row vc_column-gap-35 wpb_custom_034b39d9bc6c6b310d69e39f0ccf274f\"><div class=\"vc_column_container col-md-12\"><div class=\"wpb_wrapper vc_column-inner\"><div class=\"porto-container container \">\r\n\t<div class=\"wpb_text_column  wpb_custom_7c91d232724f73626cc933bd95b25ff0\" >\r\n\t\t<div class=\"wpb_wrapper\">\r\n\t\t\t<h2 class=\"mb-2\">Columbia Brit\u00e1nica (British Columbia)<\/h2>\n<h4>La costa oeste, la zona \u00abc\u00e1lida\u00bb de Canad\u00e1<\/h4>\n<h4><img loading=\"lazy\" decoding=\"async\" class=\"wp-image-3166 size-medium alignleft\" src=\"https:\/\/www.gmrcursoescolar.com\/canada\/wp-content\/uploads\/2023\/02\/provincia-columbia-1-206x300.png\" alt=\"\" width=\"206\" height=\"300\" \/><\/h4>\n<p>Esta provincia a pesar de ser la m\u00e1s alejada de Espa\u00f1a, suele ser uno de los destinos favoritos de los alumnos de todo el mundo por su gran calidad de vida.<\/p>\n<p>Sus <strong>Distritos Escolares<\/strong> presumen de una gran tradici\u00f3n en recibir alumnos internacionales, y por ello es una provincia perfecta para estos programas de curso escolar o periodos m\u00e1s cortos.<\/p>\n<p>La <strong>Columbia Brit\u00e1nica<\/strong>, com\u00fanmente abreviada como <strong>BC<\/strong>, es la provincia m\u00e1s occidental de Canad\u00e1, situada entre el Oc\u00e9ano Pac\u00edfico y las Monta\u00f1as Rocosas. Tiene una geograf\u00eda diversa, con paisajes accidentados que incluyen costas rocosas, playas de arena, bosques, lagos, monta\u00f1as, desiertos interiores y llanuras cubiertas de hierba, y limita con la provincia de Alberta al este, los territorios de Yuk\u00f3n y los Territorios del Noroeste a al norte, y los estados estadounidenses de Washington, Idaho y Montana al sur y Alaska al noroeste. Con una poblaci\u00f3n estimada de 5,3 millones a partir de 2022, es la tercera provincia m\u00e1s poblada de Canad\u00e1.<\/p>\n<p>La capital de la Columbia Brit\u00e1nica es <strong>Victoria<\/strong> y su ciudad m\u00e1s grande es <strong>Vancouver<\/strong>. Vancouver es la tercera \u00e1rea metropolitana m\u00e1s grande de Canad\u00e1 y su censo de 2021 registr\u00f3 2,6 millones de personas en Metro Vancouver.<\/p>\n<p>British Columbia es un destino ideal para hacer un curso escolar en Canad\u00e1 para aquellos que no miran por 3 o 4 horas m\u00e1s de avi\u00f3n frente a otros destinos de Canad\u00e1.<\/p>\n\r\n\t\t<\/div>\r\n\t<\/div>\r\n<div class=\"porto-separator  \"><hr class=\"separator-line  align_center\" style=\"background-image: -webkit-linear-gradient(left, transparent, grey, transparent); background-image: linear-gradient(to right, transparent, grey, transparent);\"><\/div><\/div><\/div><\/div><\/div><div class=\"vc_row wpb_row row top-row vc_column-gap-35 wpb_custom_034b39d9bc6c6b310d69e39f0ccf274f\"><div class=\"vc_column_container col-md-12\"><div class=\"wpb_wrapper vc_column-inner\"><div class=\"porto-container container \">\r\n\t<div class=\"wpb_text_column  wpb_custom_7c91d232724f73626cc933bd95b25ff0\" >\r\n\t\t<div class=\"wpb_wrapper\">\r\n\t\t\t<h2 class=\"mb-2\">Alberta<\/h2>\n<h4>La \u00abTexas\u00bb de Canad\u00e1<\/h4>\n<h4><img loading=\"lazy\" decoding=\"async\" class=\"wp-image-3168 size-medium alignright\" src=\"https:\/\/www.gmrcursoescolar.com\/canada\/wp-content\/uploads\/2023\/02\/provincia-alberta-166x300.png\" alt=\"\" width=\"166\" height=\"300\" \/><\/h4>\n<p><strong>Alberta<\/strong> es parte del oeste de Canad\u00e1 y es una de las tres provincias de las praderas. Alberta limita con la Columbia Brit\u00e1nica al oeste, Saskatchewan al este, los Territorios del Noroeste al norte y el estado estadounidense de Montana al sur. Es una de las \u00fanicas dos provincias sin salida al mar en Canad\u00e1 (Saskatchewan es la otra). La parte oriental de la provincia est\u00e1 ocupada por las Grandes Llanuras, mientras que la parte occidental limita con las Monta\u00f1as Rocosas. La provincia tiene un <strong>clima predominantemente continental<\/strong> pero experimenta r\u00e1pidos cambios de temperatura debido a la aridez del aire.<\/p>\n<p>Alberta es la cuarta provincia m\u00e1s grande por \u00e1rea con 661 848 kil\u00f3metros cuadrados (es decir, es mayor que Espa\u00f1a !!) y la cuarta m\u00e1s poblada, con 4.2 millones de habitantes. La capital de Alberta es <strong>Edmonton<\/strong>, mientras que <strong>Calgary<\/strong> es su ciudad m\u00e1s grande. Las dos son las \u00e1reas metropolitanas de censo m\u00e1s grandes de Alberta. <strong>M\u00e1s de la mitad de los habitantes<\/strong> de Alberta viven en Edmonton o Calgary, lo que contribuye a que contin\u00fae la rivalidad entre las dos ciudades. El ingl\u00e9s es el idioma oficial de la provincia. Los <strong>Distritos escolares de Alberta<\/strong> tambi\u00e9n est\u00e1n muy acostumbrados a recibir alumnos internacionales.<\/p>\n<p>La econom\u00eda de Alberta se basa en los <strong>hidrocarburos<\/strong>, las industrias petroqu\u00edmicas, la <strong>ganader\u00eda y la agricultura<\/strong>. La industria del petr\u00f3leo y el gas ha sido un pilar de la econom\u00eda de Alberta desde 1947, cuando se descubrieron importantes dep\u00f3sitos de petr\u00f3leo. Dado que Alberta es la provincia m\u00e1s rica en hidrocarburos, proporciona el 70% del petr\u00f3leo y gas natural que se explota en suelo canadiense.<\/p>\n<p><strong>Alberta<\/strong> es otro destino que nos gusta mucho para los alumnos que estudian el curso acad\u00e9mico en Canad\u00e1.<\/p>\n\r\n\t\t<\/div>\r\n\t<\/div>\r\n<div class=\"porto-separator  \"><hr class=\"separator-line  align_center\" style=\"background-image: -webkit-linear-gradient(left, transparent, grey, transparent); background-image: linear-gradient(to right, transparent, grey, transparent);\"><\/div><\/div><\/div><\/div><\/div><div class=\"vc_row wpb_row row top-row vc_column-gap-35 wpb_custom_034b39d9bc6c6b310d69e39f0ccf274f\"><div class=\"vc_column_container col-md-12\"><div class=\"wpb_wrapper vc_column-inner\"><div class=\"porto-container container \">\r\n\t<div class=\"wpb_text_column  wpb_custom_7c91d232724f73626cc933bd95b25ff0\" >\r\n\t\t<div class=\"wpb_wrapper\">\r\n\t\t\t<h2 class=\"mb-2\">Saskatchewan<\/h2>\n<h4><b>\u00abR\u00edo que fluye r\u00e1pidamente\u00bb<\/b><\/h4>\n<h4><img loading=\"lazy\" decoding=\"async\" class=\"wp-image-3170 size-medium alignleft\" src=\"https:\/\/www.gmrcursoescolar.com\/canada\/wp-content\/uploads\/2023\/02\/provincia-saskatchewan-181x300.png\" alt=\"\" width=\"181\" height=\"300\" \/><\/h4>\n<p><strong>Saskatchewan<\/strong> la tenemos a la derecha de Alberta en el mapa, y limita al norte con los Territorios del Noroeste, al este por Manitoba, al noreste por Nunavut y al sur por los estados estadounidenses de Montana y Dakota del Norte. <strong>Saskatchewan y Alberta son las \u00fanicas provincias sin salida al mar de Canad\u00e1<\/strong>. En 2022, la poblaci\u00f3n de Saskatchewan se estim\u00f3 en 1.2 millones y casi el 10% del \u00e1rea total de Saskatchewan de 651 900 kil\u00f3metros cuadrados es agua dulce, principalmente r\u00edos, embalses y lagos.<\/p>\n<p>Los residentes viven principalmente en la <strong>mitad sur de la pradera de la provincia<\/strong>, mientras que la mitad norte est\u00e1 cubierta de bosques y est\u00e1 escasamente poblada. Aproximadamente la mitad vive en la ciudad m\u00e1s grande de la provincia, <strong>Saskatoon<\/strong>, o en la capital provincial, <strong>Regina<\/strong>. Otras ciudades notables incluyen Prince Albert, Moose Jaw, Yorkton, Swift Current, North Battleford, Melfort y la ciudad fronteriza de Lloydminster. El ingl\u00e9s es el idioma principal de la provincia, y el 82,4 % de los habitantes de Saskatchewan hablan ingl\u00e9s como primera lengua.<\/p>\n<p><b>Saskatchewan tiene una vibrante escena art\u00edstica y cultural, pintorescos parques provinciales y muchas oportunidades de deportes y recreaci\u00f3n<\/b>. Conocido como el lugar de nacimiento de Medicare, sus residentes disfrutan de atenci\u00f3n m\u00e9dica gratuita y excelentes servicios de atenci\u00f3n m\u00e9dica.<\/p>\n<p><strong>Saskatchewan<\/strong> ha estado habitada durante miles de a\u00f1os por grupos ind\u00edgenas. Los europeos exploraron el \u00e1rea por primera vez en 1690 y se asentaron por primera vez en el \u00e1rea en 1774. Se convirti\u00f3 en provincia en 1905, separada de los vastos Territorios del Noroeste, que hasta entonces inclu\u00edan la mayor\u00eda de las praderas canadienses. A principios del siglo XX, la provincia se hizo conocida como un basti\u00f3n de la socialdemocracia canadiense; El primer gobierno socialdem\u00f3crata de Am\u00e9rica del Norte fue elegido en 1944. La econom\u00eda de la provincia se basa en la agricultura, la miner\u00eda y la energ\u00eda.<\/p>\n<p>Lamentablemente los <strong>distritos escolares de Saskatchewan<\/strong> dejaron de ofrecer el programa de curso escolar para internacionales en 2017, y esperamos poder volver a retomar opciones en a\u00f1os sucesivos cuando ellos consideren.<\/p>\n\r\n\t\t<\/div>\r\n\t<\/div>\r\n<div class=\"porto-separator  \"><hr class=\"separator-line  align_center\" style=\"background-image: -webkit-linear-gradient(left, transparent, grey, transparent); background-image: linear-gradient(to right, transparent, grey, transparent);\"><\/div><\/div><\/div><\/div><\/div><div class=\"vc_row wpb_row row top-row vc_column-gap-35 wpb_custom_034b39d9bc6c6b310d69e39f0ccf274f\"><div class=\"vc_column_container col-md-12\"><div class=\"wpb_wrapper vc_column-inner\"><div class=\"porto-container container \">\r\n\t<div class=\"wpb_text_column  wpb_custom_7c91d232724f73626cc933bd95b25ff0\" >\r\n\t\t<div class=\"wpb_wrapper\">\r\n\t\t\t<h2 class=\"mb-2\">Manitoba<\/h2>\n<h4>\u00abestrechos de Manitu, el Gran Esp\u00edritu\u00bb<\/h4>\n<h4><img loading=\"lazy\" decoding=\"async\" class=\"wp-image-3171 size-medium alignright\" src=\"https:\/\/www.gmrcursoescolar.com\/canada\/wp-content\/uploads\/2023\/02\/provincia-manitoba-202x300.png\" alt=\"\" width=\"202\" height=\"300\" \/><\/h4>\n<p><strong>Manitoba<\/strong> es la provincia de Canad\u00e1 que podemos decir que est\u00e1 en pleno centro del pa\u00eds. Es la quinta provincia m\u00e1s poblada de Canad\u00e1, con una poblaci\u00f3n de 1.35 millones a partir de 2021, y tiene un paisaje muy variado, desde la tundra \u00e1rtica y la costa de la Bah\u00eda de Hudson en el norte hasta el denso bosque boreal, grandes lagos de agua dulce y pastizales de pradera en las regiones centro y sur.<\/p>\n<p>Aunque su capital es Regina, es en <strong>Winnipeg donde m\u00e1s estudiantes internacionales llegan para hacer un curso escolar.<\/strong><\/p>\n<p><strong>Los pueblos ind\u00edgenas<\/strong> han habitado lo que ahora es Manitoba durante miles de a\u00f1os. A principios del siglo XVII, los comerciantes de pieles brit\u00e1nicos y franceses comenzaron a llegar a la zona y a establecer asentamientos. El Reino de Inglaterra asegur\u00f3 el control de la regi\u00f3n en 1673 y cre\u00f3 un territorio llamado <strong>Tierra de Rupert<\/strong>, que qued\u00f3 bajo la administraci\u00f3n de la Compa\u00f1\u00eda de la Bah\u00eda de Hudson. Rupert&#8217;s Land, que inclu\u00eda todo el actual Manitoba, creci\u00f3 y evolucion\u00f3 desde 1673 hasta 1869 con importantes asentamientos de ind\u00edgenas y m\u00e9tis en Red River Colony. En 1869 se iniciaron las negociaciones con el Gobierno de Canad\u00e1 para la creaci\u00f3n de la <strong>provincia de Manitoba<\/strong>. Durante las negociaciones, varios factores llevaron a un levantamiento armado del pueblo M\u00e9tis contra el Gobierno de Canad\u00e1, conflicto conocido como la Rebeli\u00f3n del R\u00edo Rojo. La resoluci\u00f3n del conflicto y las negociaciones posteriores llevaron a que Manitoba se convirtiera en la quinta provincia en unirse a la Confederaci\u00f3n Canadiense, cuando el Parlamento de Canad\u00e1 aprob\u00f3 la Ley de Manitoba el 15 de julio de 1870.<\/p>\n<p>La capital y ciudad m\u00e1s grande de Manitoba es <strong>Winnipeg<\/strong>, el s\u00e9ptimo municipio m\u00e1s poblado de Canad\u00e1. <strong>Winnipeg<\/strong> es la sede del gobierno, sede de la Asamblea Legislativa de Manitoba y del Tribunal Provincial. Cuatro de las cinco universidades de la provincia, los cuatro equipos deportivos profesionales y la mayor\u00eda de sus actividades culturales (incluido el Festival du Voyageur y Folklorama) se encuentran en Winnipeg. La ciudad cuenta con estaciones de tren y autob\u00fas y un aeropuerto internacional; una base de las Fuerzas Canadienses, CFB Winnipeg, opera desde el aeropuerto y es la sede regional del Comando de Defensa Aeroespacial de Am\u00e9rica del Norte.<\/p>\n\r\n\t\t<\/div>\r\n\t<\/div>\r\n<div class=\"porto-separator  \"><hr class=\"separator-line  align_center\" style=\"background-image: -webkit-linear-gradient(left, transparent, grey, transparent); background-image: linear-gradient(to right, transparent, grey, transparent);\"><\/div><\/div><\/div><\/div><\/div><div class=\"vc_row wpb_row row top-row vc_column-gap-35 wpb_custom_034b39d9bc6c6b310d69e39f0ccf274f\"><div class=\"vc_column_container col-md-12\"><div class=\"wpb_wrapper vc_column-inner\"><div class=\"porto-container container \">\r\n\t<div class=\"wpb_text_column  wpb_custom_7c91d232724f73626cc933bd95b25ff0\" >\r\n\t\t<div class=\"wpb_wrapper\">\r\n\t\t\t<h2 class=\"mb-2\">Ontario<\/h2>\n<h4>\u00abLago hermoso o espl\u00e9ndido\u00bb y Coraz\u00f3n Industrial de Canad\u00e1<\/h4>\n<h4><img loading=\"lazy\" decoding=\"async\" class=\"wp-image-3172 size-medium alignleft\" src=\"https:\/\/www.gmrcursoescolar.com\/canada\/wp-content\/uploads\/2023\/02\/provincia-ontario-300x265.png\" alt=\"\" width=\"300\" height=\"265\" \/><\/h4>\n<p>Ontario es la <strong>provincia m\u00e1s poblada de Canad\u00e1<\/strong>, con el 38,3 por ciento de la poblaci\u00f3n del pa\u00eds, y es la segunda provincia m\u00e1s grande por \u00e1rea total despu\u00e9s de Quebec. Ontario es la cuarta jurisdicci\u00f3n m\u00e1s grande de Canad\u00e1 en \u00e1rea total cuando se incluyen los territorios de los Territorios del Noroeste y Nunavut. Es el hogar de la ciudad capital de la naci\u00f3n, <strong>Ottawa<\/strong>, y la ciudad m\u00e1s poblada de la naci\u00f3n, <strong>Toronto<\/strong>, que es la capital provincial de Ontario.<\/p>\n<p><strong>Ontario<\/strong> concentra una gran cantidad de <strong>colegios de Canad\u00e1<\/strong>, como no pod\u00eda ser de otro modo al ser \u00e9sta cantidad proporcional a la poblaci\u00f3n del pa\u00eds. Son muchos los distritos escolares y colegios que disfrutan de un ambiente internacional, y por proximidad a Europa son mayor\u00eda los europeos dentro de esta proporci\u00f3n.<\/p>\n<p>Ontario limita con la provincia de Manitoba al oeste, la bah\u00eda de Hudson y la bah\u00eda de James al norte, y Quebec al este y noreste, y al sur con los estados de EE. UU. de (de oeste a este) Minnesota, Michigan, Ohio, Pensilvania y Nueva York. Casi toda la frontera de 2.700 km de Ontario con los Estados Unidos sigue v\u00edas navegables interiores: desde el oeste del lago de los bosques, hacia el este a lo largo de los principales r\u00edos y lagos del sistema de drenaje del r\u00edo Great Lakes \/ Saint Lawrence. Solo hay alrededor de 1 km de frontera terrestre real, compuesta por portages que incluyen Height of Land Portage en la frontera de Minnesota.<\/p>\n<p>La gran mayor\u00eda de la poblaci\u00f3n y la tierra cultivable de Ontario se encuentran en el sur de Ontario. Por el contrario, el norte de Ontario est\u00e1 escasamente poblado con inviernos fr\u00edos y una intensa forestaci\u00f3n.<\/p>\n<p>Sus muchos <strong>distritos escolares<\/strong> ofrecen muchas posibilidades a las agencias de todo el mundo.<\/p>\n\r\n\t\t<\/div>\r\n\t<\/div>\r\n<div class=\"porto-separator  \"><hr class=\"separator-line  align_center\" style=\"background-image: -webkit-linear-gradient(left, transparent, grey, transparent); background-image: linear-gradient(to right, transparent, grey, transparent);\"><\/div><\/div><\/div><\/div><\/div><div class=\"vc_row wpb_row row top-row vc_column-gap-35 wpb_custom_034b39d9bc6c6b310d69e39f0ccf274f\"><div class=\"vc_column_container col-md-12\"><div class=\"wpb_wrapper vc_column-inner\"><div class=\"porto-container container \">\r\n\t<div class=\"wpb_text_column  wpb_custom_7c91d232724f73626cc933bd95b25ff0\" >\r\n\t\t<div class=\"wpb_wrapper\">\r\n\t\t\t<h2 class=\"mb-2\">Quebec<\/h2>\n<h4>La provincia franc\u00f3fona del \u00abpaso estrecho\u00bb<\/h4>\n<h4><img loading=\"lazy\" decoding=\"async\" class=\"wp-image-3199 size-medium alignright\" src=\"https:\/\/www.gmrcursoescolar.com\/canada\/wp-content\/uploads\/2023\/02\/provincia-quebec-268x300.png\" alt=\"\" width=\"268\" height=\"300\" \/><\/h4>\n<p>Quebec es la <strong>provincia m\u00e1s grande por \u00e1rea<\/strong> y la segunda m\u00e1s grande por poblaci\u00f3n. Gran parte de la poblaci\u00f3n vive en \u00e1reas urbanas a lo largo del r\u00edo San Lorenzo, entre la ciudad m\u00e1s poblada, <strong>Montreal<\/strong>, y la capital de la provincia, la preciosa ciudad de <strong>Quebec<\/strong>. Esta provincia es de tradici\u00f3n franc\u00f3fona pero la mayor\u00eda de sus habitantes son completamente <strong>biling\u00fces ingl\u00e9s-franc\u00e9s<\/strong>, lo que la hace especialmente atractiva para el <strong>curso escolar<\/strong> en esta peque\u00f1a Canad\u00e1 dentro de Canad\u00e1. Son muchos los que la consideran as\u00ed, un peque\u00f1o pa\u00eds dentro de otro, la naci\u00f3n \u00abquebequense canadiense\u00bb.<\/p>\n<p>El nombre <strong>Qu\u00e9bec<\/strong> proviene de una palabra \u00abalgonquina\u00bb que significa &#8216;paso estrecho&#8217; o &#8216;estrecho&#8217;. El nombre originalmente se refer\u00eda al \u00e1rea alrededor de la ciudad de Quebec, donde el r\u00edo San Lorenzo se estrecha en una <strong>brecha bordeada de acantilados<\/strong>.<\/p>\n<p>Ubicada en el este de Canad\u00e1, la provincia comparte fronteras terrestres con Ontario al oeste, Terranova y Labrador al noreste, Nuevo Brunswick al sureste y una frontera costera con Nunavut, y en el sur limita con Maine, New Hampshire, Vermont y Nueva York en los Estados Unidos.<\/p>\n<p>El valor fundamental de la sociedad quebequense es la defensa del franc\u00e9s como lengua oficial de la provincia y como factor de identidad colectiva.<\/p>\n<p>Entre 1534 y 1763, Quebec se llam\u00f3 Canad\u00e1 y fue la colonia m\u00e1s desarrollada de la Nueva Francia. Despu\u00e9s de la Guerra de los Siete A\u00f1os, Quebec se convirti\u00f3 en una colonia brit\u00e1nica: primero como Provincia de Quebec (1763\u20131791), luego el Bajo Canad\u00e1 (1791\u20131841) y, por \u00faltimo, el Este de Canad\u00e1 (1841\u20131867), como resultado\u00a0 de la Rebeli\u00f3n de Canad\u00e1. Se confeder\u00f3 con Ontario, Nueva Escocia y Nuevo Brunswick en 1867, comenzando el Dominio de Canad\u00e1 en esos a\u00f1os.<\/p>\n<p>Hasta principios de la d\u00e9cada de 1960, la Iglesia cat\u00f3lica desempe\u00f1\u00f3 un papel importante en las instituciones sociales y culturales de Quebec. Sin embargo, la \u00abRevoluci\u00f3n Tranquila\u00bb de las d\u00e9cadas de 1960 a 1980 aument\u00f3 el papel del Gobierno de Quebec en l&#8217;\u00c9tat qu\u00e9b\u00e9cois (el estado de Quebec).<\/p>\n\r\n\t\t<\/div>\r\n\t<\/div>\r\n<div class=\"porto-separator  \"><hr class=\"separator-line  align_center\" style=\"background-image: -webkit-linear-gradient(left, transparent, grey, transparent); background-image: linear-gradient(to right, transparent, grey, transparent);\"><\/div><\/div><\/div><\/div><\/div><div data-vc-full-width=\"true\" data-vc-full-width-init=\"false\" class=\"vc_row wpb_row row top-row section section-primary section-text-light wpb_custom_034b39d9bc6c6b310d69e39f0ccf274f\"><div class=\"vc_column_container col-md-6\"><div class=\"wpb_wrapper vc_column-inner\"><\/div><\/div><div class=\"vc_column_container col-md-6\"><div class=\"wpb_wrapper vc_column-inner\"><div class=\"porto-btn-ctn-right \"><a class=\"porto-btn porto-adjust-bottom-margin porto-btn-normal porto-btn-right-bg   wpb_custom_fa51088c2567b780100c1edcf8821d3b  porto-btn-right \" title='Precios' rel='' href = \"https:\/\/www.gmrcursoescolar.com\/canada\/distritos-escolares\/\"  data-hover=\"\" data-border-color=\"\" data-bg=\"#e0e0e0\" data-hover-bg=\"\" data-border-hover=\"\" data-shadow-click=\"none\" data-shadow=\"\" style=\"border:none;background: #e0e0e0;color: #000000;\"><span class=\"porto-btn-hover\"><\/span><span class=\"porto-btn-data porto-btn-text \" >Siguiente<\/span><\/a><\/div><\/div><\/div><\/div><div class=\"vc_row-full-width vc_clearfix\"><\/div>\n","protected":false},"excerpt":{"rendered":"Provincias al uso para a\u00f1o escolar en Canad\u00e1 Las 9 provincias que las agencias consideramos Es evidente que las provincias del norte, no suelen ser objetivo de ninguna agencia de gesti\u00f3n de curso escolar en canad\u00e1 por su proximidad al polo norte. Sin embargo, La mayor\u00eda conocemos distritos escolares en las 9 provincias del sur [...]","protected":false},"author":1,"featured_media":0,"parent":0,"menu_order":0,"comment_status":"closed","ping_status":"closed","template":"","meta":{"footnotes":""},"class_list":["post-3147","page","type-page","status-publish","hentry"],"aioseo_notices":[],"_links":{"self":[{"href":"https:\/\/www.gmrcursoescolar.com\/canada\/wp-json\/wp\/v2\/pages\/3147","targetHints":{"allow":["GET"]}}],"collection":[{"href":"https:\/\/www.gmrcursoescolar.com\/canada\/wp-json\/wp\/v2\/pages"}],"about":[{"href":"https:\/\/www.gmrcursoescolar.com\/canada\/wp-json\/wp\/v2\/types\/page"}],"author":[{"embeddable":true,"href":"https:\/\/www.gmrcursoescolar.com\/canada\/wp-json\/wp\/v2\/users\/1"}],"replies":[{"embeddable":true,"href":"https:\/\/www.gmrcursoescolar.com\/canada\/wp-json\/wp\/v2\/comments?post=3147"}],"version-history":[{"count":9,"href":"https:\/\/www.gmrcursoescolar.com\/canada\/wp-json\/wp\/v2\/pages\/3147\/revisions"}],"predecessor-version":[{"id":3206,"href":"https:\/\/www.gmrcursoescolar.com\/canada\/wp-json\/wp\/v2\/pages\/3147\/revisions\/3206"}],"wp:attachment":[{"href":"https:\/\/www.gmrcursoescolar.com\/canada\/wp-json\/wp\/v2\/media?parent=3147"}],"curies":[{"name":"wp","href":"https:\/\/api.w.org\/{rel}","templated":true}]}}