{"id":3149,"date":"2023-02-11T18:51:51","date_gmt":"2023-02-11T17:51:51","guid":{"rendered":"https:\/\/www.gmrcursoescolar.com\/canada\/?page_id=3149"},"modified":"2023-02-18T19:45:13","modified_gmt":"2023-02-18T18:45:13","slug":"distritos-escolares","status":"publish","type":"page","link":"https:\/\/www.gmrcursoescolar.com\/canada\/distritos-escolares\/","title":{"rendered":"Distritos escolares"},"content":{"rendered":"<div class=\"vc_row wpb_row row top-row vc_column-gap-35 wpb_custom_034b39d9bc6c6b310d69e39f0ccf274f\"><div class=\"vc_column_container col-md-12\"><div class=\"wpb_wrapper vc_column-inner\"><div class=\"porto-container container \">\r\n\t<div class=\"wpb_text_column  wpb_custom_7c91d232724f73626cc933bd95b25ff0\" >\r\n\t\t<div class=\"wpb_wrapper\">\r\n\t\t\t<h2 class=\"mb-2\">Los distritos escolares de Canad\u00e1<\/h2>\n<h4>Un listado de distritos escolares<\/h4>\n<p>Los <strong>Distritos Escolares de Canad\u00e1<\/strong> gobiernan el alcance y la calidad de los servicios educativos en los colegios p\u00fablicos del pa\u00eds, y siempre est\u00e1n apoyados por las asociaciones provinciales que brindan apoyo directo a las juntas escolares de los distritos escolares. Son aproximadamente 300 distritos escolares los existentes en Canad\u00e1 y que atienden a m\u00e1s de 3,6 millones de estudiantes de primaria y secundaria en las escuelas e institutos p\u00fablicos de Canad\u00e1.<\/p>\n<p>A los <strong>Distritos Escolares (School Districts)<\/strong> tambi\u00e9n se les llama <strong>Juntas Escolares<\/strong> (<strong>School Boards<\/strong>). La Junta Escolar del Distrito de Toronto <span style=\"color: #ff0000;\">(The Toronto District School Board, TDSB)<\/span> es la junta o distrito escolar m\u00e1s grande de Canad\u00e1 y una de las m\u00e1s grandes de Am\u00e9rica del Norte. Con cerca de 600 centros escolares acogen a aproximadamente 247,000 estudiantes cada a\u00f1o. Los estudiantes de TDSB y sus familias hablan m\u00e1s de 120 idiomas, lo que da una idea de su gran multiculturalidad, ideal para la aceptaci\u00f3n de <strong>alumnos internacionales en el curso acad\u00e9mico<\/strong>.<\/p>\n<p>A nivel orientativo, listamos en esta secci\u00f3n los <strong>distritos escolares de Canad\u00e1<\/strong> para que quien quiera ver su informaci\u00f3n ampliada, pueda hacerlo en sus propias webs.<\/p>\n\r\n\t\t<\/div>\r\n\t<\/div>\r\n<div class=\"porto-separator  \"><hr class=\"separator-line  align_center\" style=\"background-image: -webkit-linear-gradient(left, transparent, grey, transparent); background-image: linear-gradient(to right, transparent, grey, transparent);\"><\/div><\/div><\/div><\/div><\/div><div class=\"vc_row wpb_row row top-row vc_column-gap-35 wpb_custom_034b39d9bc6c6b310d69e39f0ccf274f\"><div class=\"vc_column_container col-md-12\"><div class=\"wpb_wrapper vc_column-inner\"><div class=\"porto-container container \">\r\n\t<div class=\"wpb_text_column  wpb_custom_7c91d232724f73626cc933bd95b25ff0\" >\r\n\t\t<div class=\"wpb_wrapper\">\r\n\t\t\t<h2 class=\"mb-2\">Los distritos escolares de British Columbia<\/h2>\n<h4>Un listado de distritos escolares<\/h4>\n<table border=\"1\" width=\"100%\" cellspacing=\"0\">\n<tbody>\n<tr>\n<td align=\"left\" height=\"20\"><b>Distrito escolar<\/b><\/td>\n<td align=\"left\"><b>Regi\u00f3n<\/b><\/td>\n<td align=\"left\"><b>Zonas a las que dan servicio<\/b><\/td>\n<\/tr>\n<tr>\n<td align=\"left\" height=\"20\">School District 64 Gulf Islands<\/td>\n<td align=\"left\">Vancouver Island<\/td>\n<td align=\"left\">Salt Spring Island,\u00a0Galiano,\u00a0Mayne,\u00a0Saturna,\u00a0Pender\u00a0Islands<\/td>\n<\/tr>\n<tr>\n<td align=\"left\" height=\"20\">School District 68 Nanaimo-Ladysmith<\/td>\n<td align=\"left\">Vancouver Island<\/td>\n<td align=\"left\">Lantzville,\u00a0Nanaimo,\u00a0Cedar,\u00a0Ladysmith<\/td>\n<\/tr>\n<tr>\n<td align=\"left\" height=\"20\">School District 69 Qualicum<\/td>\n<td align=\"left\">Vancouver Island<\/td>\n<td align=\"left\">Parksville,\u00a0Qualicum Beach<\/td>\n<\/tr>\n<tr>\n<td align=\"left\" height=\"20\">School District 70 Alberni<\/td>\n<td align=\"left\">Vancouver Island<\/td>\n<td align=\"left\">Port Alberni,\u00a0Tofino,\u00a0Ucluelet<\/td>\n<\/tr>\n<tr>\n<td align=\"left\" height=\"20\">School District 71 Comox Valley<\/td>\n<td align=\"left\">Vancouver Island<\/td>\n<td align=\"left\">Comox,\u00a0Courtenay<\/td>\n<\/tr>\n<tr>\n<td align=\"left\" height=\"20\">School District 72 Campbell River<\/td>\n<td align=\"left\">Vancouver Island<\/td>\n<td align=\"left\">Campbell River<\/td>\n<\/tr>\n<tr>\n<td align=\"left\" height=\"20\">School District 79 Cowichan Valley<\/td>\n<td align=\"left\">Vancouver Island<\/td>\n<td align=\"left\">Duncan,\u00a0Lake Cowichan,\u00a0Crofton,\u00a0Chemainus<\/td>\n<\/tr>\n<tr>\n<td align=\"left\" height=\"20\">School District 84 Vancouver Island West<\/td>\n<td align=\"left\">Vancouver Island<\/td>\n<td align=\"left\">Gold River,\u00a0Zeballos<\/td>\n<\/tr>\n<tr>\n<td align=\"left\" height=\"20\">School District 85 Vancouver Island North<\/td>\n<td align=\"left\">Vancouver Island<\/td>\n<td align=\"left\">Port Hardy,\u00a0Port McNeill<\/td>\n<\/tr>\n<tr>\n<td align=\"left\" height=\"20\">School District 73 Kamloops\/Thompson<\/td>\n<td align=\"left\">Thompson Country<\/td>\n<td align=\"left\">Kamloops,\u00a0Chase,\u00a0Barriere,\u00a0Clearwater,\u00a0Logan Lake<\/td>\n<\/tr>\n<tr>\n<td align=\"left\" height=\"20\">School District 74 Gold Trail<\/td>\n<td align=\"left\">Thompson Country<\/td>\n<td align=\"left\">Ashcroft,\u00a0Cache Creek,\u00a0Clinton,\u00a0Lytton,\u00a0Lillooet<\/td>\n<\/tr>\n<tr>\n<td align=\"left\" height=\"20\">School District 19 Revelstoke<\/td>\n<td align=\"left\">Okanagan\/Mainline<\/td>\n<td align=\"left\">Revelstoke<\/td>\n<\/tr>\n<tr>\n<td align=\"left\" height=\"20\">School District 22 Vernon<\/td>\n<td align=\"left\">Okanagan\/Mainline<\/td>\n<td align=\"left\">Vernon,\u00a0Lumby<\/td>\n<\/tr>\n<tr>\n<td align=\"left\" height=\"20\">School District 23 Central Okanagan<\/td>\n<td align=\"left\">Okanagan\/Mainline<\/td>\n<td align=\"left\">Kelowna,\u00a0Rutland,\u00a0West Kelowna,\u00a0Peachland, Lake Country<\/td>\n<\/tr>\n<tr>\n<td align=\"left\" height=\"20\">School District 53 Okanagan Similkameen<\/td>\n<td align=\"left\">Okanagan\/Mainline<\/td>\n<td align=\"left\">Oliver,\u00a0Osoyoos,\u00a0Okanagan Falls,\u00a0Keremeos<\/td>\n<\/tr>\n<tr>\n<td align=\"left\" height=\"20\">School District 58 Nicola-Similkameen<\/td>\n<td align=\"left\">Okanagan\/Mainline<\/td>\n<td align=\"left\">Merritt,\u00a0Princeton<\/td>\n<\/tr>\n<tr>\n<td align=\"left\" height=\"20\">School District 67 Okanagan Skaha<\/td>\n<td align=\"left\">Okanagan\/Mainline<\/td>\n<td align=\"left\">Penticton,\u00a0Summerland<\/td>\n<\/tr>\n<tr>\n<td align=\"left\" height=\"20\">School District 83 North Okanagan-Shuswap<\/td>\n<td align=\"left\">Okanagan\/Mainline<\/td>\n<td align=\"left\">Salmon Arm,\u00a0Enderby,\u00a0Armstrong, Sicamous, Malakwa<\/td>\n<\/tr>\n<tr>\n<td align=\"left\" height=\"20\">School District 50 Haida Gwaii<\/td>\n<td align=\"left\">Northwest<\/td>\n<td align=\"left\">Daajing Giids,\u00a0Masset<\/td>\n<\/tr>\n<tr>\n<td align=\"left\" height=\"20\">School District 52 Prince Rupert<\/td>\n<td align=\"left\">Northwest<\/td>\n<td align=\"left\">Prince Rupert<\/td>\n<\/tr>\n<tr>\n<td align=\"left\" height=\"20\">School District 54 Bulkley Valley<\/td>\n<td align=\"left\">Northwest<\/td>\n<td align=\"left\">Smithers,\u00a0Telkwa,\u00a0Houston<\/td>\n<\/tr>\n<tr>\n<td align=\"left\" height=\"20\">School District 82 Coast Mountains<\/td>\n<td align=\"left\">Northwest<\/td>\n<td align=\"left\">Terrace,\u00a0Kitimat,\u00a0Stewart<\/td>\n<\/tr>\n<tr>\n<td align=\"left\" height=\"20\">School District 87 Stikine<\/td>\n<td align=\"left\">Northwest<\/td>\n<td align=\"left\">Dease Lake,\u00a0Atlin,\u00a0Lower Post,\u00a0Telegraph Creek<\/td>\n<\/tr>\n<tr>\n<td align=\"left\" height=\"20\">School District 92 Nisga&#8217;a<\/td>\n<td align=\"left\">Northwest<\/td>\n<td align=\"left\">Gitlakdamix,\u00a0Gitwinksihlkw,\u00a0Laxgalts&#8217;ap,\u00a0Gingolx<\/td>\n<\/tr>\n<tr>\n<td align=\"left\" height=\"20\">School District 27 Cariboo-Chilcotin<\/td>\n<td align=\"left\">Northeast<\/td>\n<td align=\"left\">Williams Lake,\u00a0100 Mile House,\u00a0Canim Lake,\u00a0Lac La Hache<\/td>\n<\/tr>\n<tr>\n<td align=\"left\" height=\"20\">School District 28 Quesnel<\/td>\n<td align=\"left\">Northeast<\/td>\n<td align=\"left\">Quesnel,\u00a0Wells<\/td>\n<\/tr>\n<tr>\n<td align=\"left\" height=\"20\">School District 49 Central Coast<\/td>\n<td align=\"left\">Northeast<\/td>\n<td align=\"left\">Hagensborg,\u00a0Bella Coola,\u00a0Denny Island,\u00a0Rivers Inlet<\/td>\n<\/tr>\n<tr>\n<td align=\"left\" height=\"20\">School District 57 Prince George<\/td>\n<td align=\"left\">Northeast<\/td>\n<td align=\"left\">Prince George,\u00a0McBride,\u00a0Mackenzie,\u00a0Valemount<\/td>\n<\/tr>\n<tr>\n<td align=\"left\" height=\"20\">School District 59 Peace River South<\/td>\n<td align=\"left\">Northeast<\/td>\n<td align=\"left\">Dawson Creek,\u00a0Chetwynd,\u00a0Tumbler Ridge<\/td>\n<\/tr>\n<tr>\n<td align=\"left\" height=\"20\">School District 60 Peace River North<\/td>\n<td align=\"left\">Northeast<\/td>\n<td align=\"left\">Fort St. John,\u00a0Hudson&#8217;s Hope,\u00a0Prespatou<\/td>\n<\/tr>\n<tr>\n<td align=\"left\" height=\"20\">School District 81 Fort Nelson<\/td>\n<td align=\"left\">Northeast<\/td>\n<td align=\"left\">Fort Nelson<\/td>\n<\/tr>\n<tr>\n<td align=\"left\" height=\"20\">School District 91 Nechako Lakes<\/td>\n<td align=\"left\">Northeast<\/td>\n<td align=\"left\">Vanderhoof,\u00a0Fort St. James,\u00a0Burns Lake<\/td>\n<\/tr>\n<tr>\n<td align=\"left\" height=\"20\">School District 35 Langley<\/td>\n<td align=\"left\">Metro\/Coast<\/td>\n<td align=\"left\">Township of Langley,\u00a0Langley City,\u00a0Aldergrove,\u00a0Fort Langley<\/td>\n<\/tr>\n<tr>\n<td align=\"left\" height=\"20\">School District 36 Surrey<\/td>\n<td align=\"left\">Metro\/Coast<\/td>\n<td align=\"left\">Surrey,\u00a0White Rock,\u00a0Barnston Island,\u00a0Cloverdale<\/td>\n<\/tr>\n<tr>\n<td align=\"left\" height=\"20\">School District 37 Delta<\/td>\n<td align=\"left\">Metro\/Coast<\/td>\n<td align=\"left\">Delta,\u00a0Ladner,\u00a0Tsawwassen<\/td>\n<\/tr>\n<tr>\n<td align=\"left\" height=\"20\">School District 38 Richmond<\/td>\n<td align=\"left\">Metro\/Coast<\/td>\n<td align=\"left\">Richmond<\/td>\n<\/tr>\n<tr>\n<td align=\"left\" height=\"20\">School District 39 Vancouver<\/td>\n<td align=\"left\">Metro\/Coast<\/td>\n<td align=\"left\">Vancouver,\u00a0University Endowment Lands<\/td>\n<\/tr>\n<tr>\n<td align=\"left\" height=\"20\">School District 40 New Westminster<\/td>\n<td align=\"left\">Metro\/Coast<\/td>\n<td align=\"left\">New Westminster,\u00a0Queensborough<\/td>\n<\/tr>\n<tr>\n<td align=\"left\" height=\"20\">School District 41 Burnaby<\/td>\n<td align=\"left\">Metro\/Coast<\/td>\n<td align=\"left\">Burnaby<\/td>\n<\/tr>\n<tr>\n<td align=\"left\" height=\"20\">School District 42 Maple Ridge-Pitt Meadows<\/td>\n<td align=\"left\">Metro\/Coast<\/td>\n<td align=\"left\">Maple Ridge,\u00a0Pitt Meadows<\/td>\n<\/tr>\n<tr>\n<td align=\"left\" height=\"20\">School District 43 Coquitlam<\/td>\n<td align=\"left\">Metro\/Coast<\/td>\n<td align=\"left\">Anmore,\u00a0Belcarra,\u00a0Coquitlam,\u00a0Port Coquitlam,\u00a0Port Moody<\/td>\n<\/tr>\n<tr>\n<td align=\"left\" height=\"20\">School District 44 North Vancouver<\/td>\n<td align=\"left\">Metro\/Coast<\/td>\n<td align=\"left\">District of North Vancouver,\u00a0City of North Vancouver<\/td>\n<\/tr>\n<tr>\n<td align=\"left\" height=\"20\">School District 45 West Vancouver<\/td>\n<td align=\"left\">Metro\/Coast<\/td>\n<td align=\"left\">Bowen Island,\u00a0Lions Bay,\u00a0West Vancouver<\/td>\n<\/tr>\n<tr>\n<td align=\"left\" height=\"20\">School District 46 Sunshine Coast<\/td>\n<td align=\"left\">Metro\/Coast<\/td>\n<td align=\"left\">Gibsons,\u00a0Sechelt<\/td>\n<\/tr>\n<tr>\n<td align=\"left\" height=\"20\">School District 47 Powell River<\/td>\n<td align=\"left\">Metro\/Coast<\/td>\n<td align=\"left\">Powell River<\/td>\n<\/tr>\n<tr>\n<td align=\"left\" height=\"20\">School District 48 Sea to Sky<\/td>\n<td align=\"left\">Metro\/Coast<\/td>\n<td align=\"left\">Whistler,\u00a0Squamish,\u00a0Pemberton<\/td>\n<\/tr>\n<tr>\n<td align=\"left\" height=\"20\">School District 5 Southeast Kootenay<\/td>\n<td align=\"left\">Kootenays<\/td>\n<td align=\"left\">Cranbrook,\u00a0Fernie,\u00a0Sparwood<\/td>\n<\/tr>\n<tr>\n<td align=\"left\" height=\"20\">School District 6 Rocky Mountain<\/td>\n<td align=\"left\">Kootenays<\/td>\n<td align=\"left\">Kimberley,\u00a0Invermere,\u00a0Golden<\/td>\n<\/tr>\n<tr>\n<td align=\"left\" height=\"20\">School District 8 Kootenay Lake<\/td>\n<td align=\"left\">Kootenays<\/td>\n<td align=\"left\">Nelson,\u00a0Creston,\u00a0Salmo,\u00a0Kaslo<\/td>\n<\/tr>\n<tr>\n<td align=\"left\" height=\"20\">School District 10 Arrow Lakes<\/td>\n<td align=\"left\">Kootenays<\/td>\n<td align=\"left\">Nakusp,\u00a0Burton,\u00a0Edgewood,\u00a0New Denver<\/td>\n<\/tr>\n<tr>\n<td align=\"left\" height=\"20\">School District 20 Kootenay-Columbia<\/td>\n<td align=\"left\">Kootenays<\/td>\n<td align=\"left\">Castlegar,\u00a0Rossland,\u00a0Trail<\/td>\n<\/tr>\n<tr>\n<td align=\"left\" height=\"20\">School District 51 Boundary<\/td>\n<td align=\"left\">Kootenays<\/td>\n<td align=\"left\">Grand Forks,\u00a0Midway,\u00a0Greenwood<\/td>\n<\/tr>\n<tr>\n<td align=\"left\" height=\"20\">School District 61 Greater Victoria<\/td>\n<td align=\"left\">Greater Victoria<\/td>\n<td align=\"left\">Victoria,\u00a0Oak Bay<\/td>\n<\/tr>\n<tr>\n<td align=\"left\" height=\"20\">School District 62 Sooke<\/td>\n<td align=\"left\">Greater Victoria<\/td>\n<td align=\"left\">Colwood,\u00a0Langford,\u00a0Metchosin,\u00a0Sooke<\/td>\n<\/tr>\n<tr>\n<td align=\"left\" height=\"20\">School District 63 Saanich<\/td>\n<td align=\"left\">Greater Victoria<\/td>\n<td align=\"left\">Saanich,\u00a0Central Saanich,\u00a0North Saanich,\u00a0Sidney<\/td>\n<\/tr>\n<tr>\n<td align=\"left\" height=\"20\">School District 33 Chilliwack<\/td>\n<td align=\"left\">Fraser Valley<\/td>\n<td align=\"left\">Chilliwack,<\/td>\n<\/tr>\n<tr>\n<td align=\"left\" height=\"20\">School District 34 Abbotsford<\/td>\n<td align=\"left\">Fraser Valley<\/td>\n<td align=\"left\">Abbotsford<\/td>\n<\/tr>\n<tr>\n<td align=\"left\" height=\"20\">School District 75 Mission<\/td>\n<td align=\"left\">Fraser Valley<\/td>\n<td align=\"left\">Mission,\u00a0Deroche,\u00a0Dewdney,<\/td>\n<\/tr>\n<tr>\n<td align=\"left\" height=\"20\">School District 78 Fraser-Cascade<\/td>\n<td align=\"left\">Fraser Valley<\/td>\n<td align=\"left\">Hope,\u00a0Agassiz,\u00a0Yale,\u00a0Boston Bar<\/td>\n<\/tr>\n<tr>\n<td align=\"left\" height=\"20\">School District 93 Conseil scolaire francophone<\/td>\n<td align=\"left\">Todas<\/td>\n<td align=\"left\">Todas las de British Columbia<\/td>\n<\/tr>\n<\/tbody>\n<\/table>\n<p>&nbsp;<\/p>\n\r\n\t\t<\/div>\r\n\t<\/div>\r\n<div class=\"porto-separator  \"><hr class=\"separator-line  align_center\" style=\"background-image: -webkit-linear-gradient(left, transparent, grey, transparent); background-image: linear-gradient(to right, transparent, grey, transparent);\"><\/div><\/div><\/div><\/div><\/div><div class=\"vc_row wpb_row row top-row vc_column-gap-35 wpb_custom_034b39d9bc6c6b310d69e39f0ccf274f\"><div class=\"vc_column_container col-md-12\"><div class=\"wpb_wrapper vc_column-inner\"><div class=\"porto-container container \">\r\n\t<div class=\"wpb_text_column  wpb_custom_7c91d232724f73626cc933bd95b25ff0\" >\r\n\t\t<div class=\"wpb_wrapper\">\r\n\t\t\t<p><iframe loading=\"lazy\" style=\"border: 1;\" src=\"https:\/\/studyinbc.org\/region\/\" width=\"100%\" height=\"600\"><span data-mce-type=\"bookmark\" style=\"display: inline-block; width: 0px; overflow: hidden; line-height: 0;\" class=\"mce_SELRES_start\">\ufeff<\/span><\/iframe><\/p>\n\r\n\t\t<\/div>\r\n\t<\/div>\r\n<div class=\"porto-separator  \"><hr class=\"separator-line  align_center\" style=\"background-image: -webkit-linear-gradient(left, transparent, grey, transparent); background-image: linear-gradient(to right, transparent, grey, transparent);\"><\/div><\/div><\/div><\/div><\/div><div class=\"vc_row wpb_row row top-row vc_column-gap-35 wpb_custom_034b39d9bc6c6b310d69e39f0ccf274f\"><div class=\"vc_column_container col-md-12\"><div class=\"wpb_wrapper vc_column-inner\"><div class=\"porto-container container \">\r\n\t<div class=\"wpb_text_column  wpb_custom_7c91d232724f73626cc933bd95b25ff0\" >\r\n\t\t<div class=\"wpb_wrapper\">\r\n\t\t\t<h2 class=\"mb-2\">Los distritos escolares de New Brumswick<\/h2>\n<h4>Un listado de distritos escolares<\/h4>\n<p>En esta provincia habitan distritos escolares angl\u00f3fonos y franc\u00f3fonos, siendo mayor\u00eda los alumnos de habla inglesa como primera lengua, llegando a casi setenta mil frente a los menos de treinta mil franc\u00f3fonos. Aunque es una realidad que pr\u00e1cticamente todos son <strong>perfectamente biling\u00fces en esta provincia<\/strong>.<\/p>\n<h3><strong>Fusi\u00f3n y cambio de nombre de 2012<\/strong><\/h3>\n<p>A partir de septiembre de 2012 y con el objetivo de ahorrar hasta $5 millones en gastos administrativos, el <strong>Gobierno de New Brunswick<\/strong> decidi\u00f3 fusionar y cambiar el nombre de todos los distritos escolares reduciendo el n\u00famero de distritos de 14 a 7. Esto se hizo fusionando por idioma, franc\u00f3fono y angl\u00f3fono como se describe a continuaci\u00f3n:<\/p>\n<ol>\n<li>El <strong>Oeste Angl\u00f3fono<\/strong> (<span style=\"color: #ff0000;\"><strong>Anglophone West<\/strong><\/span>) se cre\u00f3 al fusionar los distritos 14, 17 y 18.<\/li>\n<li>El <strong>Sur Angl\u00f3fono<\/strong> (<strong><span style=\"color: #ff0000;\">Anglophone South<\/span><\/strong>) se cre\u00f3 al fusionar los distritos 6, 8 y 10.<\/li>\n<li>El <strong>Este Angl\u00f3fono<\/strong> (<span style=\"color: #ff0000;\"><strong>Anglophone East<\/strong><\/span>) se conoc\u00eda anteriormente como distrito 2.<\/li>\n<li>El <strong>Norte Angl\u00f3fono<\/strong> (<span style=\"color: #ff0000;\"><strong>Anglophone North<\/strong><\/span>) se cre\u00f3 fusionando los distritos 15 y 16.<\/li>\n<li><strong>Franc\u00f3fono Sur<\/strong> (<strong><span style=\"color: #3366ff;\">Francophone Sud<\/span><\/strong>) se cre\u00f3 fusionando los distritos 1 y 11.<\/li>\n<li><strong>Franc\u00f3fono Noroeste<\/strong> (<span style=\"color: #3366ff;\"><strong>Francophone<\/strong> Nord-Ouest<\/span>) se conoc\u00eda anteriormente como distrito 3.<\/li>\n<li><strong>Franc\u00f3fono Nordeste<\/strong> (<span style=\"color: #3366ff;\"><strong>Francophone<\/strong> Nord-Est<\/span>) fue creado por la fusi\u00f3n de los distritos 5 y 9.<\/li>\n<\/ol>\n<p>&nbsp;<\/p>\n\r\n\t\t<\/div>\r\n\t<\/div>\r\n<div class=\"porto-separator  \"><hr class=\"separator-line  align_center\" style=\"background-image: -webkit-linear-gradient(left, transparent, grey, transparent); background-image: linear-gradient(to right, transparent, grey, transparent);\"><\/div><\/div><\/div><\/div><\/div><div data-vc-full-width=\"true\" data-vc-full-width-init=\"false\" class=\"vc_row wpb_row row top-row section section-primary section-text-light wpb_custom_034b39d9bc6c6b310d69e39f0ccf274f\"><div class=\"vc_column_container col-md-6\"><div class=\"wpb_wrapper vc_column-inner\"><\/div><\/div><div class=\"vc_column_container col-md-6\"><div class=\"wpb_wrapper vc_column-inner\"><div class=\"porto-btn-ctn-right \"><a class=\"porto-btn porto-adjust-bottom-margin porto-btn-normal porto-btn-right-bg   wpb_custom_fa51088c2567b780100c1edcf8821d3b  porto-btn-right \" title='Precios' rel='' href = \"https:\/\/www.gmrcursoescolar.com\/canada\/como-volar\/\"  data-hover=\"\" data-border-color=\"\" data-bg=\"#e0e0e0\" data-hover-bg=\"\" data-border-hover=\"\" data-shadow-click=\"none\" data-shadow=\"\" style=\"border:none;background: #e0e0e0;color: #000000;\"><span class=\"porto-btn-hover\"><\/span><span class=\"porto-btn-data porto-btn-text \" >Siguiente<\/span><\/a><\/div><\/div><\/div><\/div><div class=\"vc_row-full-width vc_clearfix\"><\/div>\n","protected":false},"excerpt":{"rendered":"Los distritos escolares de Canad\u00e1 Un listado de distritos escolares Los Distritos Escolares de Canad\u00e1 gobiernan el alcance y la calidad de los servicios educativos en los colegios p\u00fablicos del pa\u00eds, y siempre est\u00e1n apoyados por las asociaciones provinciales que brindan apoyo directo a las juntas escolares de los distritos escolares. Son aproximadamente 300 distritos [...]","protected":false},"author":1,"featured_media":0,"parent":0,"menu_order":0,"comment_status":"closed","ping_status":"closed","template":"","meta":{"footnotes":""},"class_list":["post-3149","page","type-page","status-publish","hentry"],"aioseo_notices":[],"_links":{"self":[{"href":"https:\/\/www.gmrcursoescolar.com\/canada\/wp-json\/wp\/v2\/pages\/3149","targetHints":{"allow":["GET"]}}],"collection":[{"href":"https:\/\/www.gmrcursoescolar.com\/canada\/wp-json\/wp\/v2\/pages"}],"about":[{"href":"https:\/\/www.gmrcursoescolar.com\/canada\/wp-json\/wp\/v2\/types\/page"}],"author":[{"embeddable":true,"href":"https:\/\/www.gmrcursoescolar.com\/canada\/wp-json\/wp\/v2\/users\/1"}],"replies":[{"embeddable":true,"href":"https:\/\/www.gmrcursoescolar.com\/canada\/wp-json\/wp\/v2\/comments?post=3149"}],"version-history":[{"count":12,"href":"https:\/\/www.gmrcursoescolar.com\/canada\/wp-json\/wp\/v2\/pages\/3149\/revisions"}],"predecessor-version":[{"id":3233,"href":"https:\/\/www.gmrcursoescolar.com\/canada\/wp-json\/wp\/v2\/pages\/3149\/revisions\/3233"}],"wp:attachment":[{"href":"https:\/\/www.gmrcursoescolar.com\/canada\/wp-json\/wp\/v2\/media?parent=3149"}],"curies":[{"name":"wp","href":"https:\/\/api.w.org\/{rel}","templated":true}]}}