{"id":3151,"date":"2023-02-11T18:53:23","date_gmt":"2023-02-11T17:53:23","guid":{"rendered":"https:\/\/www.gmrcursoescolar.com\/canada\/?page_id=3151"},"modified":"2023-02-11T21:49:29","modified_gmt":"2023-02-11T20:49:29","slug":"escoger-destino","status":"publish","type":"page","link":"https:\/\/www.gmrcursoescolar.com\/canada\/escoger-destino\/","title":{"rendered":"Escoger destino"},"content":{"rendered":"<div class=\"vc_row wpb_row row top-row vc_column-gap-35 wpb_custom_034b39d9bc6c6b310d69e39f0ccf274f\"><div class=\"vc_column_container col-md-12\"><div class=\"wpb_wrapper vc_column-inner\"><div class=\"porto-container container \">\r\n\t<div class=\"wpb_text_column  vc_custom_1676148373096 wpb_custom_7c91d232724f73626cc933bd95b25ff0\" >\r\n\t\t<div class=\"wpb_wrapper\">\r\n\t\t\t<h2 class=\"mb-2\">Donde me gustar\u00eda estudiar en Canad\u00e1<\/h2>\n<h4>Como escoger o no escoger un destino para mis hijos<\/h4>\n<p>En GMR sabemos que los padres tendr\u00e1n muchas dudas sobre cual puede ser el destino ideal para sus hijos dentro de un pa\u00eds tan extenso, y por experiencia y conociendo la cultura y caracter canadiense, sabemos que escoger un destino se hace f\u00e1cil o incluso casi innecesario, ya que vayan donde vayan, van a estar bien y van a tener la experiencia de su vida.<\/p>\n<p>Sin embargo, hay puntos clave que podemos poner en valor a la hora de escoger, y vamos a ver cuales son:<\/p>\n<ol>\n<li>Si llegamos tarde para reservar (reservas a partir de marzo), <strong>casi mejor ni intentar escoger<\/strong>. En Canad\u00e1 la demanda es tan elevada por su exagerada calidad que quien no empiece a hacer gestiones entre junio y diciembre del a\u00f1o pasado, tiene pocas posibilidades de escoge destino. Pero no os preocup\u00e9is, que vayan donde vayan, estar\u00e1n bien.<\/li>\n<li>Si quieren un clima m\u00e1s suave en invierno, la zona de Vancouver es la m\u00e1s templada.<\/li>\n<li>Si quieren estar m\u00e1s cerca de casa, las <strong>provincias de Este<\/strong> tienen algunas horas menos de vuelo e incluso <strong>Montreal y Toronto vuelos directos<\/strong>. En nuestra opini\u00f3n una vez que se cruza el charco, este no suele ser un motivo para cambiar de elecci\u00f3n por la mayor\u00eda de clientes.<\/li>\n<li>&#8230;.<\/li>\n<\/ol>\n\r\n\t\t<\/div>\r\n\t<\/div>\r\n<div class=\"porto-separator  \"><hr class=\"separator-line  align_center\" style=\"background-image: -webkit-linear-gradient(left, transparent, grey, transparent); background-image: linear-gradient(to right, transparent, grey, transparent);\"><\/div><\/div><\/div><\/div><\/div><div data-vc-full-width=\"true\" data-vc-full-width-init=\"false\" class=\"vc_row wpb_row row top-row section section-primary section-text-light wpb_custom_034b39d9bc6c6b310d69e39f0ccf274f\"><div class=\"vc_column_container col-md-6\"><div class=\"wpb_wrapper vc_column-inner\"><\/div><\/div><div class=\"vc_column_container col-md-6\"><div class=\"wpb_wrapper vc_column-inner\"><div class=\"porto-btn-ctn-right \"><a class=\"porto-btn porto-adjust-bottom-margin porto-btn-normal porto-btn-right-bg   wpb_custom_fa51088c2567b780100c1edcf8821d3b  porto-btn-right \" title='Precios' rel='' href = \"https:\/\/www.gmrcursoescolar.com\/canada\/servicios\/\"  data-hover=\"\" data-border-color=\"\" data-bg=\"#e0e0e0\" data-hover-bg=\"\" data-border-hover=\"\" data-shadow-click=\"none\" data-shadow=\"\" style=\"border:none;background: #e0e0e0;color: #000000;\"><span class=\"porto-btn-hover\"><\/span><span class=\"porto-btn-data porto-btn-text \" >Siguiente<\/span><\/a><\/div><\/div><\/div><\/div><div class=\"vc_row-full-width vc_clearfix\"><\/div>\n","protected":false},"excerpt":{"rendered":"Donde me gustar\u00eda estudiar en Canad\u00e1 Como escoger o no escoger un destino para mis hijos En GMR sabemos que los padres tendr\u00e1n muchas dudas sobre cual puede ser el destino ideal para sus hijos dentro de un pa\u00eds tan extenso, y por experiencia y conociendo la cultura y caracter canadiense, sabemos que escoger un [...]","protected":false},"author":1,"featured_media":0,"parent":0,"menu_order":0,"comment_status":"closed","ping_status":"closed","template":"","meta":{"footnotes":""},"class_list":["post-3151","page","type-page","status-publish","hentry"],"aioseo_notices":[],"_links":{"self":[{"href":"https:\/\/www.gmrcursoescolar.com\/canada\/wp-json\/wp\/v2\/pages\/3151","targetHints":{"allow":["GET"]}}],"collection":[{"href":"https:\/\/www.gmrcursoescolar.com\/canada\/wp-json\/wp\/v2\/pages"}],"about":[{"href":"https:\/\/www.gmrcursoescolar.com\/canada\/wp-json\/wp\/v2\/types\/page"}],"author":[{"embeddable":true,"href":"https:\/\/www.gmrcursoescolar.com\/canada\/wp-json\/wp\/v2\/users\/1"}],"replies":[{"embeddable":true,"href":"https:\/\/www.gmrcursoescolar.com\/canada\/wp-json\/wp\/v2\/comments?post=3151"}],"version-history":[{"count":2,"href":"https:\/\/www.gmrcursoescolar.com\/canada\/wp-json\/wp\/v2\/pages\/3151\/revisions"}],"predecessor-version":[{"id":3173,"href":"https:\/\/www.gmrcursoescolar.com\/canada\/wp-json\/wp\/v2\/pages\/3151\/revisions\/3173"}],"wp:attachment":[{"href":"https:\/\/www.gmrcursoescolar.com\/canada\/wp-json\/wp\/v2\/media?parent=3151"}],"curies":[{"name":"wp","href":"https:\/\/api.w.org\/{rel}","templated":true}]}}