{"id":2778,"date":"2022-11-21T16:03:55","date_gmt":"2022-11-21T15:03:55","guid":{"rendered":"https:\/\/www.gmrcursoescolar.com\/estadosunidos\/?page_id=2778"},"modified":"2026-04-11T19:47:16","modified_gmt":"2026-04-11T17:47:16","slug":"inicio","status":"publish","type":"page","link":"https:\/\/www.gmrcursoescolar.com\/irlanda\/","title":{"rendered":"Inicio"},"content":{"rendered":"<div class=\"wpb-content-wrapper\"><div class=\"vc_row wpb_row top-row p-t-xxl pb-5 porto-inner-container wpb_custom_034b39d9bc6c6b310d69e39f0ccf274f\"><div class=\"porto-wrap-container container\"><div class=\"row\"><div class=\"vc_column_container col-md-12 vc_custom_1643418759160\"><div class=\"wpb_wrapper vc_column-inner\"><div class=\"porto-u-heading divider-w-50 rounded-2 overflow-hidden mx-auto m-b-sm  wpb_custom_95aa9a11c17ad45cfabaf210d84ee7cc porto-u-ad87e2eaf3f9c495180fe0156ddf3eb0 \" data-appear-animation=\"fadeInUp\"><div class=\"porto-u-heading-spacer line_only\" style=\"height:6px;\"><span class=\"porto-u-headings-line\" style=\"border-style:solid;border-bottom-width:6px;border-color:#0052cc;width:50px;\"><\/span><\/div><style>.porto-u-ad87e2eaf3f9c495180fe0156ddf3eb0.porto-u-heading{text-align:left} .porto-u-ad87e2eaf3f9c495180fe0156ddf3eb0 .porto-u-headings-line{float: left;}<\/style><\/div><div class=\"porto-u-heading ml-auto mr-auto w-max-770 m-b-xxl pb-2  wpb_custom_325ab3aa1e6acf36f7c9378a0b2bbc79 porto-u-55ca8359258f9a412be7e73af65d2aac \" data-appear-animation=\"fadeInUp\" data-appear-animation-delay=\"400\"><div class=\"porto-u-main-heading\"><h2   style=\"margin-bottom: 24px;\">Especialistas en la gesti\u00f3n del a\u00f1o escolar en Irlanda<\/h2><\/div><div class=\"porto-u-sub-heading\" style=\"\">Nuevo <a href=\"https:\/\/www.mundoenred.com\/docs\/web\/gmr-curso-escolar-folleto-resumido-irlanda-2026-27&#091;83&#093;-es.pdf\">folleto 2026<\/a> resumido y <a href=\"https:\/\/www.mundoenred.com\/docs\/web\/gmr-curso-escolar-certificado-devolucion-irlanda-2026-27&#091;79&#093;-es.pdf\">certificado de devoluci\u00f3n<\/a> en caso de cancelaci\u00f3n<\/div><style>.porto-u-55ca8359258f9a412be7e73af65d2aac.porto-u-heading{text-align:center}<\/style><\/div><div class=\"vc_row wpb_row vc_inner row\" data-appear-animation=\"fadeIn\" data-appear-animation-delay=\"300\"><div class=\"vc_column_container col-md-4\"><div class=\"wpb_wrapper vc_column-inner\"><div class=\"porto-sicon-box  vc_custom_1775902224067  wpb_custom_fa98e84370b56ab0b403084c1e18990e style_1 top-icon\"><div class=\"porto-sicon-top\"><div class=\"porto-just-icon-wrapper porto-icon none\" style=\"color:#ff8200;font-size:72px;margin-bottom:26px;\"><i class=\"fas fa-euro-sign\"><\/i><\/div><\/div><div class=\"porto-sicon-header\"><h3 class=\"porto-sicon-title\" style=\"margin-bottom:9px;\">Empresa Espa\u00f1ola<\/h3><\/div> <!-- header --><div class=\"porto-sicon-description\" style=\"\">Empresa fundada en el a\u00f1o 2000 como \u00abIrlanda En Red SL\u00bb, una empresa espa\u00f1ola operando inicialmente desde Irlanda dedicada a gestionar cursos en este pa\u00eds a espa\u00f1oles, con m\u00e1s de dos d\u00e9cadas de experiencia. Son ya casi 1750 gestiones realizadas en Irlanda de curso escolar.<\/div> <!-- description --><\/div><!-- porto-sicon-box --><\/div><\/div><div class=\"vc_column_container col-md-4\"><div class=\"wpb_wrapper vc_column-inner\"><div class=\"porto-sicon-box  vc_custom_1775902353257  wpb_custom_fa98e84370b56ab0b403084c1e18990e style_1 top-icon\"><div class=\"porto-sicon-top\"><div class=\"porto-just-icon-wrapper porto-icon none\" style=\"color:#ff8200;font-size:72px;margin-bottom:26px;\"><i class=\"far fa-building\"><\/i><\/div><\/div><div class=\"porto-sicon-header\"><h3 class=\"porto-sicon-title\" style=\"margin-bottom:9px;\">Oficinas propias<\/h3><\/div> <!-- header --><div class=\"porto-sicon-description\" style=\"\">En GMR nos preciamos de ser probablemente la agencia que m\u00e1s gestiones ha realizado en Espa\u00f1a de a\u00f1o acad\u00e9mico en Irlanda en los \u00faltimos 15 a\u00f1os, con oficinas propias en la isla desde el a\u00f1o 2001. Estamos en Madrid, Le\u00f3n, Dubl\u00edn y Lismore !!<\/div> <!-- description --><\/div><!-- porto-sicon-box --><\/div><\/div><div class=\"vc_column_container col-md-4\"><div class=\"wpb_wrapper vc_column-inner\"><div class=\"porto-sicon-box  vc_custom_1775902499275  wpb_custom_fa98e84370b56ab0b403084c1e18990e style_1 top-icon\"><div class=\"porto-sicon-top\"><div class=\"porto-just-icon-wrapper porto-icon none\" style=\"color:#ff8200;font-size:72px;margin-bottom:26px;\"><i class=\"far fa-copyright\"><\/i><\/div><\/div><div class=\"porto-sicon-header\"><h3 class=\"porto-sicon-title\" style=\"margin-bottom:9px;\">Programa dise\u00f1ado por GMR<\/h3><\/div> <!-- header --><div class=\"porto-sicon-description\" style=\"\">El programa de curso escolar en Irlanda que ofrecemos actualmente ha sido \u00edntegramente dise\u00f1ado por nosotros mismos y actuamos de forma directa en todos los aspectos del programa, sin intermediarios. Nuestra capacidad de reacci\u00f3n y acci\u00f3n, no tienen competencia !!<\/div> <!-- description --><\/div><!-- porto-sicon-box --><\/div><\/div><\/div><div class=\"vc_row wpb_row vc_inner row\" data-appear-animation=\"fadeIn\" data-appear-animation-delay=\"300\"><div class=\"vc_column_container col-md-4\"><div class=\"wpb_wrapper vc_column-inner\"><div class=\"porto-sicon-box  vc_custom_1775903254293  wpb_custom_fa98e84370b56ab0b403084c1e18990e style_1 top-icon\"><div class=\"porto-sicon-top\"><div class=\"porto-just-icon-wrapper porto-icon none\" style=\"color:#ff8200;font-size:72px;margin-bottom:26px;\"><i class=\"fas fa-sort-amount-down\"><\/i><\/div><\/div><div class=\"porto-sicon-header\"><h3 class=\"porto-sicon-title\" style=\"margin-bottom:9px;\">Mejor precio<\/h3><\/div> <!-- header --><div class=\"porto-sicon-description\" style=\"\">El trabajar este programa de forma directa nos permite sin duda poder ofrecer no solo el mejor precio, sino el mejor servicio. No dejes de comparar lo que ofrecemos con agencias, sobre todo, especialistas en Irlanda.<\/div> <!-- description --><\/div><!-- porto-sicon-box --><\/div><\/div><div class=\"vc_column_container col-md-4\"><div class=\"wpb_wrapper vc_column-inner\"><div class=\"porto-sicon-box  vc_custom_1775903036340  wpb_custom_fa98e84370b56ab0b403084c1e18990e style_1 top-icon\"><div class=\"porto-sicon-top\"><div class=\"porto-just-icon-wrapper porto-icon none\" style=\"color:#ff8200;font-size:72px;margin-bottom:26px;\"><i class=\"fas fa-heart\"><\/i><\/div><\/div><div class=\"porto-sicon-header\"><h3 class=\"porto-sicon-title\" style=\"margin-bottom:9px;\">Las mejores familias<\/h3><\/div> <!-- header --><div class=\"porto-sicon-description\" style=\"\">Todas las familias con las que contamos son nuestras. Las hemos buscado, contactado, inspeccionado y conocido por nuestros propios medios, y muchas de ellas ya llevan a\u00f1os trabajando con nosotros con gran fidelidad.<\/div> <!-- description --><\/div><!-- porto-sicon-box --><\/div><\/div><div class=\"vc_column_container col-md-4\"><div class=\"wpb_wrapper vc_column-inner\"><div class=\"porto-sicon-box  vc_custom_1775903071908  wpb_custom_fa98e84370b56ab0b403084c1e18990e style_1 top-icon\"><div class=\"porto-sicon-top\"><div class=\"porto-just-icon-wrapper porto-icon none\" style=\"color:#ff8200;font-size:72px;margin-bottom:26px;\"><i class=\"fas fa-umbrella\"><\/i><\/div><\/div><div class=\"porto-sicon-header\"><h3 class=\"porto-sicon-title\" style=\"margin-bottom:9px;\">Seguimiento continuo<\/h3><\/div> <!-- header --><div class=\"porto-sicon-description\" style=\"\">Desde que dimos este salto a la gesti\u00f3n directa, somos capaces de solucionar las posibles incidencias o problemas de inmediato. Con m\u00e1s de 15 coordinadores locales y siempre al menos 2 espa\u00f1olas fijas en Irlanda<\/div> <!-- description --><\/div><!-- porto-sicon-box --><\/div><\/div><\/div><\/div><\/div><\/div><\/div><\/div><div class=\"vc_row wpb_row row top-row vc_custom_1775916401005 vc_row-has-fill wpb_custom_034b39d9bc6c6b310d69e39f0ccf274f\"><div class=\"vc_column_container col-md-12\"><div class=\"wpb_wrapper vc_column-inner\"><div class=\"porto-u-heading divider-w-50 rounded-2 overflow-hidden mx-auto m-b-sm  wpb_custom_95aa9a11c17ad45cfabaf210d84ee7cc porto-u-ad87e2eaf3f9c495180fe0156ddf3eb0 \" data-appear-animation=\"fadeInUp\"><div class=\"porto-u-heading-spacer line_only\" style=\"height:6px;\"><span class=\"porto-u-headings-line\" style=\"border-style:solid;border-bottom-width:6px;border-color:#0052cc;width:50px;\"><\/span><\/div><style>.porto-u-ad87e2eaf3f9c495180fe0156ddf3eb0.porto-u-heading{text-align:left} .porto-u-ad87e2eaf3f9c495180fe0156ddf3eb0 .porto-u-headings-line{float: left;}<\/style><\/div><div class=\"porto-u-heading ml-auto mr-auto w-max-770 m-b-xxl pb-2  wpb_custom_325ab3aa1e6acf36f7c9378a0b2bbc79 porto-u-55ca8359258f9a412be7e73af65d2aac \" data-appear-animation=\"fadeInUp\" data-appear-animation-delay=\"400\"><div class=\"porto-u-main-heading\"><h2   style=\"margin-bottom: 24px;\">\u00bfC\u00f3mo afrontamos el proceso de adaptaci\u00f3n al a\u00f1o acad\u00e9mico?<\/h2><\/div><div class=\"porto-u-sub-heading\" style=\"\">Viajando en grupo juntos antes del comienzo del curso escolar nos ayuda a superar el choque emocional y conseguimos disfrutar de la experiencia desde el primer momento. El proceso es el siguiente:<\/div><style>.porto-u-55ca8359258f9a412be7e73af65d2aac.porto-u-heading{text-align:center}<\/style><\/div><div class=\"porto-concept wpb_content_element \"><div class=\"container\">\r\n\t<div class=\"row center\">\r\n\t\t<span class=\"sun\"><\/span>\r\n\t\t<span class=\"cloud\"><\/span>\r\n\t\t<div class=\"col-lg-2 offset-lg-1\">\r\n\t\t\t<div class=\"process-image\" data-appear-animation=\"bounceIn\">\r\n\t\t\t\t\t\t\t\t\t\t\t\t\t\t\t<img decoding=\"async\" src=\"\/\/www.gmrcursoescolar.com\/img\/gmrcursoescolar\/adaptacion-0.jpg\" alt=\"\" \/>\r\n\t\t\t\t\t\t\t\t\t\t\t\t\t\t\t\t\t\t<strong>Nos preparamos y viajamos<\/strong>\r\n\t\t\t\t\t\t\t<\/div>\r\n\t\t<\/div>\r\n\t\t<div class=\"col-lg-2\">\r\n\t\t\t<div class=\"process-image\" data-appear-animation=\"bounceIn\" data-appear-animation-delay=\"200\">\r\n\t\t\t\t\t\t\t\t\t\t\t\t\t\t\t<img decoding=\"async\" src=\"\/\/www.gmrcursoescolar.com\/img\/gmrcursoescolar\/adaptacion-2.jpg\" alt=\"\" \/>\r\n\t\t\t\t\t\t\t\t\t\t\t\t\t\t\t\t\t\t<strong>Nos conocemos  y compartimos la ilusi\u00f3n<\/strong>\r\n\t\t\t\t\t\t\t<\/div>\r\n\t\t<\/div>\r\n\t\t<div class=\"col-lg-2\">\r\n\t\t\t<div class=\"process-image\" data-appear-animation=\"bounceIn\" data-appear-animation-delay=\"400\">\r\n\t\t\t\t\t\t\t\t\t\t\t\t\t\t\t<img decoding=\"async\" src=\"\/\/www.gmrcursoescolar.com\/img\/gmrcursoescolar\/adaptacion-6.jpg\" alt=\"\" \/>\r\n\t\t\t\t\t\t\t\t\t\t\t\t\t\t\t\t\t\t<strong>Nos repartimos  y acomodamos<\/strong>\r\n\t\t\t\t\t\t\t<\/div>\r\n\t\t<\/div>\r\n\t\t<div class=\"col-lg-4 offset-lg-1\">\r\n\t\t\t<div class=\"project-image\">\r\n\t\t\t\t<div class=\"concept-slideshow fc-slideshow\">\r\n\t\t\t\t\t<ul class=\"fc-slides\">\r\n\t\t\t\t\t\t\t\t\t\t\t\t\t<li>\r\n\t\t\t\t\t\t\t\t\t\t\t\t\t\t\t\t\t<img decoding=\"async\" class=\"img-responsive\" src=\"\/\/www.gmrcursoescolar.com\/img\/gmrcursoescolar\/adaptacion-3.jpg\" alt=\"\" \/>\r\n\t\t\t\t\t\t\t\t\t\t\t\t\t\t\t<\/li>\r\n\t\t\t\t\t\t\t\t\t\t\t\t\t\t\t\t\t\t\t<li>\r\n\t\t\t\t\t\t\t\t\t\t\t\t\t\t\t\t\t<img decoding=\"async\" class=\"img-responsive\" src=\"\/\/www.gmrcursoescolar.com\/img\/gmrcursoescolar\/adaptacion-4.jpg\" alt=\"\" \/>\r\n\t\t\t\t\t\t\t\t\t\t\t\t\t\t\t<\/li>\r\n\t\t\t\t\t\t\t\t\t\t\t\t\t\t\t\t\t\t\t<li>\r\n\t\t\t\t\t\t\t\t\t\t\t\t\t\t\t\t\t<img decoding=\"async\" class=\"img-responsive\" src=\"\/\/www.gmrcursoescolar.com\/img\/gmrcursoescolar\/adaptacion-5.jpg\" alt=\"\" \/>\r\n\t\t\t\t\t\t\t\t\t\t\t\t\t\t\t<\/li>\r\n\t\t\t\t\t\t\t\t\t\t\t<\/ul>\r\n\t\t\t\t<\/div>\r\n\t\t\t\t\t\t\t\t\t<strong class=\"our-work\">\u00a1Comenzamos el curso!<\/strong>\r\n\t\t\t\t\t\t\t<\/div>\r\n\t\t<\/div>\r\n\t<\/div>\r\n<\/div>\r\n\r\n<\/div><\/div><\/div><\/div><div class=\"vc_row wpb_row row top-row wpb_custom_034b39d9bc6c6b310d69e39f0ccf274f\"><div class=\"vc_column_container col-md-12\"><div class=\"wpb_wrapper vc_column-inner\"><div class=\"porto-u-heading divider-w-50 rounded-2 overflow-hidden mx-auto m-b-sm  wpb_custom_95aa9a11c17ad45cfabaf210d84ee7cc porto-u-ad87e2eaf3f9c495180fe0156ddf3eb0 \" data-appear-animation=\"fadeInUp\"><div class=\"porto-u-heading-spacer line_only\" style=\"height:6px;\"><span class=\"porto-u-headings-line\" style=\"border-style:solid;border-bottom-width:6px;border-color:#0052cc;width:50px;\"><\/span><\/div><style>.porto-u-ad87e2eaf3f9c495180fe0156ddf3eb0.porto-u-heading{text-align:left} .porto-u-ad87e2eaf3f9c495180fe0156ddf3eb0 .porto-u-headings-line{float: left;}<\/style><\/div><div class=\"porto-u-heading ml-auto mr-auto w-max-770 m-b-xxl pb-2  wpb_custom_325ab3aa1e6acf36f7c9378a0b2bbc79 porto-u-55ca8359258f9a412be7e73af65d2aac \" data-appear-animation=\"fadeInUp\" data-appear-animation-delay=\"400\"><div class=\"porto-u-main-heading\"><h2   style=\"margin-bottom: 24px;\">Agencia acreditada<\/h2><\/div><div class=\"porto-u-sub-heading\" style=\"\">Nuestros probados est\u00e1ndares de calidad nos permiten estar agreditados en las siguientes organizaciones:<\/div><style>.porto-u-55ca8359258f9a412be7e73af65d2aac.porto-u-heading{text-align:center}<\/style><\/div><div class=\"vc_row wpb_row vc_inner mx-0\"><div class=\"porto-wrap-container container\"><div class=\"row\"><div class=\"vc_column_container col-md-4\"><div class=\"wpb_wrapper vc_column-inner\">\r\n\t<div class=\"wpb_single_image wpb_content_element vc_align_right wpb_content_element  wpb_custom_81a4f7ef9830bf958462581aa01150fb\"><div class=\"wpb_wrapper\">\r\n\t\t\t\r\n\t\t\t<div class=\"vc_single_image-wrapper   vc_box_border_grey\"><img loading=\"lazy\" decoding=\"async\" width=\"150\" height=\"100\" src=\"https:\/\/www.gmrcursoescolar.com\/irlanda\/wp-content\/uploads\/2026\/04\/logo_4_gray-150x100.png\" class=\"vc_single_image-img attachment-thumbnail\" alt=\"\" title=\"logo_4_gray\" \/><\/div>\r\n\t\t<\/div>\r\n\t<\/div>\r\n<\/div><\/div><div class=\"vc_column_container col-md-4\"><div class=\"wpb_wrapper vc_column-inner\">\r\n\t<div class=\"wpb_single_image wpb_content_element vc_align_center wpb_content_element  wpb_custom_81a4f7ef9830bf958462581aa01150fb\"><div class=\"wpb_wrapper\">\r\n\t\t\t\r\n\t\t\t<div class=\"vc_single_image-wrapper   vc_box_border_grey\"><img loading=\"lazy\" decoding=\"async\" width=\"150\" height=\"100\" src=\"https:\/\/www.gmrcursoescolar.com\/irlanda\/wp-content\/uploads\/2026\/04\/logo_3_gray-150x100.png\" class=\"vc_single_image-img attachment-thumbnail\" alt=\"\" title=\"logo_3_gray\" \/><\/div>\r\n\t\t<\/div>\r\n\t<\/div>\r\n<\/div><\/div><div class=\"vc_column_container col-md-4\"><div class=\"wpb_wrapper vc_column-inner\">\r\n\t<div class=\"wpb_single_image wpb_content_element vc_align_left wpb_content_element  wpb_custom_81a4f7ef9830bf958462581aa01150fb\"><div class=\"wpb_wrapper\">\r\n\t\t\t\r\n\t\t\t<div class=\"vc_single_image-wrapper   vc_box_border_grey\"><img loading=\"lazy\" decoding=\"async\" width=\"150\" height=\"100\" src=\"https:\/\/www.gmrcursoescolar.com\/irlanda\/wp-content\/uploads\/2026\/04\/logo_1_gray-150x100.png\" class=\"vc_single_image-img attachment-thumbnail\" alt=\"\" title=\"logo_1_gray\" \/><\/div>\r\n\t\t<\/div>\r\n\t<\/div>\r\n<\/div><\/div><\/div><\/div><\/div><\/div><\/div><\/div>\n<\/div>","protected":false},"excerpt":{"rendered":"Especialistas en la gesti\u00f3n del a\u00f1o escolar en IrlandaNuevo folleto 2026 resumido y certificado de devoluci\u00f3n en caso de cancelaci\u00f3nEmpresa Espa\u00f1ola Empresa fundada en el a\u00f1o 2000 como \"Irlanda En Red SL\", una empresa espa\u00f1ola operando inicialmente desde Irlanda dedicada a gestionar cursos en este pa\u00eds a espa\u00f1oles, con m\u00e1s de dos d\u00e9cadas de experiencia. [...]","protected":false},"author":1,"featured_media":0,"parent":0,"menu_order":0,"comment_status":"closed","ping_status":"closed","template":"","meta":{"footnotes":""},"class_list":["post-2778","page","type-page","status-publish","hentry"],"aioseo_notices":[],"_links":{"self":[{"href":"https:\/\/www.gmrcursoescolar.com\/irlanda\/wp-json\/wp\/v2\/pages\/2778","targetHints":{"allow":["GET"]}}],"collection":[{"href":"https:\/\/www.gmrcursoescolar.com\/irlanda\/wp-json\/wp\/v2\/pages"}],"about":[{"href":"https:\/\/www.gmrcursoescolar.com\/irlanda\/wp-json\/wp\/v2\/types\/page"}],"author":[{"embeddable":true,"href":"https:\/\/www.gmrcursoescolar.com\/irlanda\/wp-json\/wp\/v2\/users\/1"}],"replies":[{"embeddable":true,"href":"https:\/\/www.gmrcursoescolar.com\/irlanda\/wp-json\/wp\/v2\/comments?post=2778"}],"version-history":[{"count":50,"href":"https:\/\/www.gmrcursoescolar.com\/irlanda\/wp-json\/wp\/v2\/pages\/2778\/revisions"}],"predecessor-version":[{"id":3115,"href":"https:\/\/www.gmrcursoescolar.com\/irlanda\/wp-json\/wp\/v2\/pages\/2778\/revisions\/3115"}],"wp:attachment":[{"href":"https:\/\/www.gmrcursoescolar.com\/irlanda\/wp-json\/wp\/v2\/media?parent=2778"}],"curies":[{"name":"wp","href":"https:\/\/api.w.org\/{rel}","templated":true}]}}