{"id":3119,"date":"2026-04-12T10:39:41","date_gmt":"2026-04-12T08:39:41","guid":{"rendered":"https:\/\/www.gmrcursoescolar.com\/irlanda\/?page_id=3119"},"modified":"2026-04-13T08:48:32","modified_gmt":"2026-04-13T06:48:32","slug":"inmersion","status":"publish","type":"page","link":"https:\/\/www.gmrcursoescolar.com\/irlanda\/puntosclave\/inmersion\/","title":{"rendered":"Inmersi\u00f3n ling\u00fc\u00edstica"},"content":{"rendered":"\n<div class=\"row\">\n        <div class=\"col-md-12\">\n            <p class=\"lead\">\n                El a\u00f1o escolar en el extranjero es la mejor forma de enriquecer nuestro nivel de ingl\u00e9s \n            <\/p>\n            <hr>\n            <div class=\"row mb-xl\">\n                <div class=\"col-md-12\">\n                \t<p>Estudiar un a\u00f1o fuera, es sin duda <strong>la mejor manera de aprender un idioma<\/strong>. Es una experiencia que no resulta f\u00e1cil en sus inicios pero es muy gratificante y enriquecedora. El ingl\u00e9s no es un plus como lo era hace unos a\u00f1os, a d\u00eda de hoy es una obligaci\u00f3n.<\/p>\n\n<p>El <strong class=\"text-color-primary\">a\u00f1o escolar<\/strong> requiere de un esfuerzo continuo y constante por parte de los estudiantes, adem\u00e1s de motivaci\u00f3n y ganas de aprender. Existen m\u00faltiples formas de aprender; las clases de ingl\u00e9s del colegio, las academias, los campamentos de idiomas en verano, o incluso los cursos de verano en el extranjero. Esto ayuda a ganar conocimiento, pero no hay nada comparable con realizar un <strong>a\u00f1o acad\u00e9mico en el extranjero<\/strong> para pegar el salto definitivo.<\/p>\n\n<p>La carga con el idioma en un <strong>programa de a\u00f1o escolar<\/strong> es tan intensa, que a veces los padres no os da\u00eds&nbsp;cuenta del esfuerzo y el gran aprovechamiento que est\u00e1n haciendo vuestros&nbsp;hijos.<\/p>\n\n<p>Uno de los grandes prejuicios de los adultos, y desde nuestro punto de vista err\u00f3neo, es que siempre dicen que quieren el menor n\u00famero de espa\u00f1oles cercanos a sus hijos. La duraci\u00f3n del a\u00f1o escolar es de 10 meses y el nivel de aprendizaje de los estudiantes es muy alto, por esta raz\u00f3n es bueno de vez en cuando poder desconectar.<\/p>\n\n<hr>\n<h4>El resultado de estudiar un a\u00f1o fuera:<\/h4>\n\n<ol class=\"list list-ordened list-ordened-style-3\">\n\t<li>Aprenden el idioma de forma definitiva, a trav\u00e9s de una <strong>inmersi\u00f3n de larga duraci\u00f3n<\/strong> que no es comparable en t\u00e9rminos de aprendizaje a ning\u00fan otro programa.<\/li>\n\t<li>La <strong>inversi\u00f3n econ\u00f3mica para el&nbsp;resultado<\/strong> tan productivo que se obtiene, es sin duda la m\u00e1s peque\u00f1a qu\u00e9 podemos hacer.<\/li>\n\t<li>Los <strong>beneficios a nivel personal<\/strong> para vuestros&nbsp;hijos son incomparables con cualquier otra salida de corta duraci\u00f3n. Lo que ganan en madurez y autonom\u00eda es tanto que sois los padres los que lo veis cu\u00e1ndo vuelven y nos lo cont\u00e1is.<\/li>\n\t<li>La <strong>mejora en su rendimiento acad\u00e9mico<\/strong> a la vuelta. Es un hecho generalizado, pr\u00e1cticamente todos los estudiantes que hemos conocido en GMR han incrementado su rendimiento acad\u00e9mico. Nada mejor como integrarse en un sistema educativo con una gran \u201ccultura del esfuerzo\u201d como el <strong>sistema educativo irland\u00e9s<\/strong>.<\/li>\n<\/ol>\n\n<hr>\n<h4>P\u00e1ginas del folleto de <strong>Curso Escolar en Irlanda<\/strong> de esta secci\u00f3n:<\/h4>\n\n<p><\/p><div class=\"featured-boxes-flat\"><div class=\"featured-box featured-box-primary\"><div class=\"box-content\"><i class=\"icon-featured fa fa-file-pdf-o\"><\/i><h2 class=\"heading-primary\">Curso escolar en Irlanda &#8211; Puntos clave &#8211; Inmersi\u00f3n ling\u00fc\u00edstica<\/h2><p>La <strong>inmersi\u00f3n ling\u00fc\u00edstica en un curso escolar<\/strong> es la mejor forma para aprender el idioma ingl\u00e9s de forma r\u00e1pida definitiva. Irlanda es un destino ideal para <strong>aprender ingl\u00e9s realizando un a\u00f1o acad\u00e9mico<\/strong>.<\/p><a href=\"https:\/\/www.gmrcursoescolar.com\/docs\/web\/curso-escolar-en-irlanda-puntos-clave-inmersion-linguistica[16]-es.pdf\" target=\"blank\" type=\"button\" class=\"btn btn-primary mr-xs mb-lg\">Descargar<\/a><\/div><\/div><\/div>                <\/div>\n            <\/div>\n        <\/div> \n        \n    <\/div>\n\n\n\n<div class=\"divider\">\n\t<i class=\"fa fa-question-circle\"><\/i>\n<\/div>\t\n<h2 class=\"heading-primary\">Preguntas frecuentes<\/h2> \n<div class=\"toggle toggle-primary\" data-plugin-toggle>\n\t\t<section class=\"toggle\">\n\t\t<label>Cu\u00e1l es la diferencia de un trimestre escolar en Irlanda con hacer tres cursos intensivos en verano, por ejemplo<\/label>\n\t\t<div class=\"toggle-content\">\n\t\t\t<p>Pues realmente creemos que el <strong>aprovechamiento de un trimestre escolar en Irlanda<\/strong>, con vuestro hijo o hija totalmente <strong>integrado en el sistema educativo irland\u00e9s<\/strong>, en un <a href=\"https:\/\/www.gmrcursoescolar.com\/es\/escuelas\/listado\"><strong>colegio de Irlanda <\/strong><\/a>siguiendo el <a href=\"https:\/\/www.gmrcursoescolar.com\/es\/sistema\/plan\"><strong>curr\u00edculo irland\u00e9s<\/strong><\/a>, es realmente incomparable con la realizaci\u00f3n de tres <strong>cursos de ingl\u00e9s de verano<\/strong> como nos pones de ejemplo.<br \/>\n<br \/>\nNosotros tambi\u00e9n gestionamos desde hace 20 a\u00f1os ya casi <a href=\"https:\/\/www.gmridiomas.com\/es\" target=\"_blank\"><strong>cursos de ingl\u00e9s en verano en Irlanda<\/strong><\/a> tanto para adultos como para menores de 18 a\u00f1os, y sin duda este tipo de cursos siempre son productivos para nuestros hijos y les hacen perder el miedo al idioma y tener un progreso en el mismo. Sin embargo creemos que ni siquiera es comparable, no ya solo en t\u00e9rminos econ\u00f3micos sino tambi\u00e9n en t\u00e9rminos de aprovechamiento con el idioma.<br \/>\n<br \/>\nSi lo miramos desde el punto de vista acad\u00e9mico, el <strong>trimestre escolar en Irlanda<\/strong> m\u00e1s habitual que se suele gestionar es el primer trimestre, que adem\u00e1s es el m\u00e1s largo de todos ya que el primer trimestre escolar en Irlanda empieza a finales de agosto y termina entre el 20 y el 22 de diciembre habitualmente. Es decir son <strong>cuatro meses<\/strong> con una gran intensidad y realmente una gran presi\u00f3n con el ingl\u00e9s para los estudiantes dentro del sistema educativo irland\u00e9s.<br \/>\n<br \/>\nAdem\u00e1s el hecho de estar los cuatro meses seguidos y con una carga mayor en el idioma que en los cursos de verano, tiene como consecuencia un aprovechamiento infinitamente mayor en estos casos en el aprendizaje del idioma.<br \/>\n<br \/>\nQuiz\u00e1s en nuestra opini\u00f3n para conseguir el mismo <strong>progreso que se hace en el primer trimestre escolar en Irlanda<\/strong> realizando cursos de ingl\u00e9s de verano, tendr\u00edamos que irnos a como m\u00ednimo seis o siete veranos de cursos intensivos de ingl\u00e9s de al menos cuatro semanas.<br \/>\n<br \/>\nSi adem\u00e1s hacemos una comparaci\u00f3n de los <strong>costes<\/strong> que implican tres cursos en verano para cualquiera de nuestros hijos estudiando ingl\u00e9s en Irlanda, \u00f3 un trimestre escolar siendo el primer trimestre el habitual, en nuestro caso como pod\u00e9is ver en nuestra web el <strong>precio del trimestre escolar en Irlanda es de 6700 \u20ac<\/strong> de precio base, que con las ofertas de reserva temprana antes del 31 de octubre se te puede quedar en 5950 \u20ac, \u00f3 incluso 5700 \u20ac si se paga todo por adelantado. Si ech\u00e1is un vistazo a lo que suelen costar los cursos de verano que solemos vender las agencias de estudios en el extranjero, y que para cuatro semanas todos rondan los 3000 \u20ac de media, Estamos hablando que por tres meses de cursos en verano pagar\u00edais alrededor de 9000 \u20ac.<br \/>\n<br \/>\nEsta es una comparativa muy personal, pero creemos que es muy realista en base a nuestra experiencia en ambos tipos de programas, los de cursos de verano en el extranjero para nuestros hijos y los del a\u00f1o acad\u00e9mico en el extranjero, ambos muy habituales en nuestra oficina.<\/p>\t\t<\/div>\n\t<\/section>\n\t\t<section class=\"toggle\">\n\t\t<label>La carga del ingl\u00e9s en el a\u00f1o acad\u00e9mico en Irlanda&#8230; \u00bfes suficiente para adquirir un buen nivel?<\/label>\n\t\t<div class=\"toggle-content\">\n\t\t\t<p>Cuando hablamos de un <strong>curso escolar en un pa\u00eds extranjero<\/strong>, integr\u00e1ndote en su sistema educativo como uno m\u00e1s de los estudiantes locales, estamos hablando de forzarnos a realizar un esfuerzo realmente considerable para conseguir ponernos al d\u00eda r\u00e1pido en el nivel del idioma, y afrontar el reto de intentar aprobar las asignaturas como cualquier otro alumno de la clase, siempre que seamos evidentemente alumnos responsables.<\/p>\n\n<p>Por ello sin duda nuestra respuesta es que \u00abSI\u00bb, al realizar un <strong>a\u00f1o acad\u00e9mico en Irlanda rodeados de irlandeses <\/strong>y en un <strong>colegio irland\u00e9s,&nbsp;<\/strong>no hay duda de que la inmersi\u00f3n es absoluta e incluso estresante al <strong>principio del curso escolar<\/strong>, y la obligaci\u00f3n de ponerse al d\u00eda en el manejo del idioma para aprobar el curso es todo un reto.<\/p>\n\n<p>El progreso en el idioma es siempre exponencial, y por eso nosotros siempre recomendamos <strong>hacer un a\u00f1o escolar en Irlanda completo<\/strong> en lugar de realizar solo el primer trimestre, aunque si no se tiene otro remedio sin duda hacer un trimestre escolar en Irlanda har\u00e1 que nuestros hijos consigan volver con un nivel de ingl\u00e9s en navidades que no adquirir\u00edan nunca sin matricularse en este tipo de programas.<\/p>\t\t<\/div>\n\t<\/section>\n\t\t<section class=\"toggle\">\n\t\t<label>\u00bfSe nota mucho la diferencia de hacer un trimestre escolar a hacer el a\u00f1o acad\u00e9mico entero en Irlanda?<\/label>\n\t\t<div class=\"toggle-content\">\n\t\t\t<p>El <strong>primer trimestre en Irlanda dura cuatro meses<\/strong> y es el m\u00e1s largo de todos, realmente es el que requiere de un mayor esfuerzo para <strong>integrarse en el sistema educativo Irland\u00e9s<\/strong> con los compa\u00f1eros del colegio, y adaptarse a un nuevo entorno tanto de estudios en otro idioma, como de vida en familia o en internado.<\/p>\n\n<p>Para nosotros este primer trimestre escolar es realmente <strong>productivo<\/strong> en muchos aspectos, sobre todo en su mejora en aptitudes personales, ganancia&nbsp;en madurez, en independencia, en responsabilidad etc. Es evidente que tienen un progreso en el idioma muy importante, pero m\u00e1s bien forzado en extremo, una de las razones por las&nbsp;que les hace ganar en esas aptitudes que mencion\u00e1bamos.<\/p>\n\n<p>Sin embargo para los<strong> alumnos que hacen el a\u00f1o acad\u00e9mico completo en Irlanda<\/strong>, los trimestres de despu\u00e9s de navidades (segundo y tercero) son mucho m\u00e1s aprovechables en el aspecto del idioma, ya que todos los retos que han tenido que superar en el primer trimestre a nivel personal ya no les dificultan la tarea de centrarse en el idioma. Adem\u00e1s, el progreso en un idioma siempre se produce de forma muy exponencial, ya que cuanto m\u00e1s vas aprendiendo, m\u00e1s f\u00e1cil es progresar y menos verg\u00fcenza se tiene al utilizar el idioma.<\/p>\n\n<p>Realmente s\u00ed que hay una gran diferencia entre <strong>hacer un curso escolar completo en Irlanda<\/strong> \u00f3&nbsp;realizar s\u00f3lo un trimestre en lo que al idioma se refiere. Pero tambi\u00e9n somos conscientes de que no todo el mundo puede permitirse el a\u00f1o acad\u00e9mico completo.<\/p>\t\t<\/div>\n\t<\/section>\n\t\t<section class=\"toggle\">\n\t\t<label>Los irlandeses \u00bftienen buen nivel de espa\u00f1ol? \u00bfTienen inter\u00e9s por aprenderlo?<\/label>\n\t\t<div class=\"toggle-content\">\n\t\t\t<p>Los <strong>alumnos irlandeses<\/strong> con los que nos encontramos en los <strong>colegios de Irlanda <\/strong>no tienen realmente apenas ning\u00fan conocimiento de espa\u00f1ol, y lo peor, aunque mejor para nosotros, es que no tienen tampoco demasiado inter\u00e9s en aprenderlo por el momento.<\/p>\n\n<p>As\u00ed como en pa\u00edses como Canad\u00e1 o Estados Unidos los estudiantes locales est\u00e1n como locos por aprender nuestro idioma y tienen much\u00edsimo inter\u00e9s, adem\u00e1s de que profesan una gran admiraci\u00f3n hacia Espa\u00f1a y todo lo relacionado con nuestra cultura, los angloparlantes del viejo continente no muestran el m\u00e1s m\u00ednimo aprecio por nuestra lengua o cultura, algo que nos facilita el forzarnos a aprender ingl\u00e9s para comunicarnos con ellos y para sacar el curso escolar en Irlanda con \u00e9xito.<\/p>\n\n<p>Es cierto que el inter\u00e9s por <strong>el espa\u00f1ol como segunda lengua <\/strong>crece en Irlanda, pero no lo hace tanto por motivos de admiraci\u00f3n o culturales como en el caso de los americanos, sino m\u00e1s bien porque pensamos que todos ellos saben que el destino que m\u00e1s les gusta a nivel tur\u00edstico es Espa\u00f1a, y su relaci\u00f3n con nosotros crece tambi\u00e9n, no solo por afinidad, sino por las facilidades para viajar que nos da el mundo moderno.<\/p>\t\t<\/div>\n\t<\/section>\n\t\t<section class=\"toggle\">\n\t\t<label>\u00bfQue idiomas estudian los irlandeses en el colegio o instituto como principales?<\/label>\n\t\t<div class=\"toggle-content\">\n\t\t\t<p>El <strong>franc\u00e9s<\/strong> es la <strong>primera lengua en Irlanda<\/strong> cuando hablamos de estudiar una lengua extranjera, tanto en el colegio como en el instituto, siendo el irland\u00e9s la lengua local que estudian aparte del ingl\u00e9s l\u00f3gicamente, que es el primer idioma oficial y vehicular en Irlanda en pr\u00e1cticamente todos los colegios y en su vida diaria.<\/p>\n\n<p>Muchos colegios ofrecen otras lenguas extranjeras entre sus asignaturas como son el <strong>alem\u00e1n, el espa\u00f1ol, el chino, incluso japon\u00e9s o italiano<\/strong>. El inter\u00e9s por el espa\u00f1ol es cierto que crece, pero el nivel todav\u00eda es tan bajo que no existe apenas la comunicaci\u00f3n fluida en espa\u00f1ol con nuestros estudiantes por parte de ning\u00fan alumno o profesores irlandeses, algo que si puede ocurrir cuando se hacen estudios de secundaria en Estados Unidos o Canad\u00e1, donde el inter\u00e9s por el espa\u00f1ol es infinitamente mayor.<\/p>\t\t<\/div>\n\t<\/section>\n\t\t<section class=\"toggle\">\n\t\t<label>\u00bfLos ni\u00f1os se hacen biling\u00fces estudiando un a\u00f1o escolar en Irlanda?<\/label>\n\t\t<div class=\"toggle-content\">\n\t\t\t<p>Lo primero de todo decir que en nuestra opini\u00f3n <strong>nadie es biling\u00fce si no adquiere<\/strong>&nbsp;de uno de sus&nbsp;progenitores la lengua materna o paterna.<\/p>\n\n<p>Cuando hablamos de los <strong>resultados&nbsp;en el progreso del idioma<\/strong> de hacer un <strong>curso escolar en el extranjero<\/strong>, estamos ofreciendo de forma realista el <strong>alcanzar un nivel de ingl\u00e9s muy muy alto<\/strong>, pero el t\u00e9rmino <strong>biling\u00fce<\/strong> realmente deber\u00eda de utilizarse de otra manera, es decir, dominar las dos lenguas exactamente igual, cosa que solo se consigue cuando se aprenden desde la cuna.<\/p>\n\n<p><strong>Estudiar un curso acad\u00e9mico en Irlanda<\/strong> sin duda nos va a proporcionar un dominio del idioma ingl\u00e9s elevado, llegando incluso hasta los matices de conseguir un acento irland\u00e9s cuando hablamos, y poder presumir de haber superado la gran barrera de poder <strong>comunicarnos con soltura en idioma ingl\u00e9s<\/strong> y poder leer pr\u00e1cticamente cualquier texto, sin tener que estar continuamente mirando el diccionario. Ni que decir tiene que nuestros hijos despu\u00e9s de pasar un <strong>a\u00f1o entero en Irlanda en el colegio irland\u00e9s<\/strong>, a&nbsp;nivel coloquial tienen una absoluta fluidez y entienden con total perfecci\u00f3n todo lo que se habla en una conversaci\u00f3n normal, en la que realmente un irland\u00e9s no suele utilizar m\u00e1s de ocho o diez mil&nbsp;palabras. Sin embargo entender una pel\u00edcula en ingl\u00e9s (que a veces tambi\u00e9n nos lo pregunt\u00e1is)&nbsp;todav\u00eda sigue siendo m\u00e1s complicado que una conversaci\u00f3n de calle (aunque depende de la peli), todo depende siempre de el nivel de textos o conversaciones.&nbsp;Leer el se\u00f1or de los anillos en versi\u00f3n original, por ejemplo, puede ser una tortura hasta para un irland\u00e9s,&nbsp;no estamos hablando de llegar a estos niveles de dominio del idioma en ning\u00fan caso.<\/p>\t\t<\/div>\n\t<\/section>\n\t\t<section class=\"toggle\">\n\t\t<label>Toda la vida estudiando ingl\u00e9s y no lo consegu\u00ed, \u00bfcuando vuelvan mis hijos de Irlanda, est\u00e1is seguros que no tendr\u00e1n ya nunca la frustraci\u00f3n que tengo yo?<\/label>\n\t\t<div class=\"toggle-content\">\n\t\t\t<p>Dalo por hecho, nuestros hijos ya desde que <strong>salen al extranjero por primera vez<\/strong>, lo hacen con otro nivel de ingl\u00e9s muy diferente al que ten\u00edamos nosotros a su edad, que era casi inexistente.<\/p>\n\n<p>Pr\u00e1cticamente no es comparable la situaci\u00f3n de nuestros tiempos a el presente. Nuestros hijos ya desde peque\u00f1os tienen un <strong>contacto con el ingl\u00e9s mucho m\u00e1s habitual,&nbsp;<\/strong>no solo por las clases del colegio, academias, etc,&nbsp;sino tambi\u00e9n por su interacci\u00f3n continua con tel\u00e9fonos m\u00f3viles y ordenadores visualizando contenidos en ingl\u00e9s, ya&nbsp;sea en canales de YouTube Instagram etc. No le tienen miedo al idioma, pero adem\u00e1s, tienen cada vez mejor nivel de ingl\u00e9s cuando salen al extranjero a hacer un curso escolar, de hecho en los \u00faltimos 10 a\u00f1os hemos notado que el nivel de ingl\u00e9s que llevan los estudiantes cuando llegamos a Irlanda es realmente bueno.<\/p>\n\n<p>Los adultos de nuestra generaci\u00f3n no tuvimos ni los medios ni las oportunidades que tienen nuestros hijos hoy en d\u00eda, nosotros&nbsp;hemos vivido en nuestras propias carnes lo dif\u00edcil que es aprender un idioma. Las nuevas generaciones llegar\u00e1n a la edad adulta con unos niveles de dominio del ingl\u00e9s m\u00e1s que aceptables en general (al menos Ttodos los estudiantes que culminen los estudios obligatorios), pero para los que se pueden permitir <strong>hacer un curso escolar en el extranjero<\/strong> antes de la mayor\u00eda de edad, sus siguientes objetivos evidentemente ser\u00e1n dominar un tercer o un cuarto idioma, y seguramente frustraciones, ningunas !!<\/p>\t\t<\/div>\n\t<\/section>\n\t\t<section class=\"toggle\">\n\t\t<label>\u00bfQue nos aconsej\u00e1is despu\u00e9s de que vuelvan nuestros hijos de realizar un curso escolar en Irlanda?<\/label>\n\t\t<div class=\"toggle-content\">\n\t\t\t<p>Pues realmente os aconsejamos que les motiv\u00e9is a que sigan <strong>utilizando el ingl\u00e9s a menudo<\/strong>, manteniendo el contacto con las familias irlandesas y con sus compa\u00f1eros de clase, si hab\u00e9is hecho buena relaci\u00f3n con <a href=\"https:\/\/www.gmrcursoescolar.com\/es\/puntosclave\/familias\"><strong>nuestras familias de acogida<\/strong><\/a> que realmente son maravillosas, ya sabemos que muchos de vosotros segu\u00eds manteniendo el contacto e incluso hab\u00e9is compartido hasta vacaciones, no dej\u00e9is de escuchar la radio, ver los canales en ingl\u00e9s que pod\u00e1is ver, no os importe ver una pel\u00edcula en versi\u00f3n original subtitulada en ingl\u00e9s con vuestros hijos&#8230;<\/p>\n\n<p>En fin, un idioma que no es el nuestro desde la cuna, como ya hemos dicho, antes&nbsp;hay que mantenerlo vivo y hay que intentar practicarlo todo lo que uno pueda, si no se \u00aboxida\u00bb.&nbsp;<\/p>\t\t<\/div>\n\t<\/section>\n\t\t<section class=\"toggle\">\n\t\t<label>\u00bfSe pierde el nivel de ingl\u00e9s si se deja de practicar? \u00bfy si se pierde el inter\u00e9s?<\/label>\n\t\t<div class=\"toggle-content\">\n\t\t\t<p>Ya lo hemos mencionado brevemente en la pregunta anterior, y sin duda insistir en la necesidad de seguir <strong>manteniendo el contacto con el idioma ingl\u00e9s<\/strong> a nivel pr\u00e1ctico todo lo que podamos, para no perderlo poco a poco. Solamente los idiomas aprendidos a nivel nativo quedan en nuestra cabeza como anidados para siempre, cualquier idioma aprendido que no sea el nuestro hay que mantenerlo vivo.<\/p>\n\n<p>El inter\u00e9s por no perder nuestras habilidades en el idioma ingl\u00e9s que hemos adquirido haciendo un <strong>curso escolar en Irlanda<\/strong> ya depende de cada persona. Para una adolescente de 16 o 17 a\u00f1os las prioridades pueden ser muy diferentes a este objetivo, y es por ello que pensamos que los padres tienen que apoyar de forma subliminal a los hijos para que no se olviden de que dominan un idioma, y que para no perder ese dominio tienen que seguir practic\u00e1ndolo. Es posible que con 17 a\u00f1os les importe poco, pero seguro que cuando tengan 25 \u00f3&nbsp;26, su nivel de madurez les har\u00e1 reflexionar en este aspecto, si es que lo han descuidado. Para eso precisamente estamos los padres, Para que no se despisten en esos 5 o 6 a\u00f1os \u00abtontos\u00bb que van a tener nuestros hijos, precisamente <strong>justo cuando vienen de Irlanda de hacer su curso escolar<\/strong>.<\/p>\t\t<\/div>\n\t<\/section>\n\t<\/div>\n\t      \n     \t\n<\/div>  \n","protected":false},"excerpt":{"rendered":"<p>El a\u00f1o escolar en el extranjero es la mejor forma de enriquecer nuestro nivel de ingl\u00e9s Estudiar un a\u00f1o fuera, es sin duda la mejor manera de aprender un idioma. Es una experiencia que no resulta f\u00e1cil en sus inicios pero es muy gratificante y enriquecedora. El ingl\u00e9s no es un plus como lo era [&hellip;]<\/p>\n","protected":false},"author":1,"featured_media":0,"parent":3117,"menu_order":0,"comment_status":"closed","ping_status":"closed","template":"","meta":{"footnotes":""},"class_list":["post-3119","page","type-page","status-publish","hentry"],"aioseo_notices":[],"_links":{"self":[{"href":"https:\/\/www.gmrcursoescolar.com\/irlanda\/wp-json\/wp\/v2\/pages\/3119","targetHints":{"allow":["GET"]}}],"collection":[{"href":"https:\/\/www.gmrcursoescolar.com\/irlanda\/wp-json\/wp\/v2\/pages"}],"about":[{"href":"https:\/\/www.gmrcursoescolar.com\/irlanda\/wp-json\/wp\/v2\/types\/page"}],"author":[{"embeddable":true,"href":"https:\/\/www.gmrcursoescolar.com\/irlanda\/wp-json\/wp\/v2\/users\/1"}],"replies":[{"embeddable":true,"href":"https:\/\/www.gmrcursoescolar.com\/irlanda\/wp-json\/wp\/v2\/comments?post=3119"}],"version-history":[{"count":2,"href":"https:\/\/www.gmrcursoescolar.com\/irlanda\/wp-json\/wp\/v2\/pages\/3119\/revisions"}],"predecessor-version":[{"id":3318,"href":"https:\/\/www.gmrcursoescolar.com\/irlanda\/wp-json\/wp\/v2\/pages\/3119\/revisions\/3318"}],"up":[{"embeddable":true,"href":"https:\/\/www.gmrcursoescolar.com\/irlanda\/wp-json\/wp\/v2\/pages\/3117"}],"wp:attachment":[{"href":"https:\/\/www.gmrcursoescolar.com\/irlanda\/wp-json\/wp\/v2\/media?parent=3119"}],"curies":[{"name":"wp","href":"https:\/\/api.w.org\/{rel}","templated":true}]}}